{"id":106,"date":"2019-04-29T14:03:59","date_gmt":"2019-04-29T12:03:59","guid":{"rendered":"http:\/\/ccaphotos.ovh\/?page_id=106"},"modified":"2025-03-26T09:21:18","modified_gmt":"2025-03-26T08:21:18","slug":"serie-anatomie-cours-deau","status":"publish","type":"page","link":"https:\/\/ccaphotos.ovh\/index.php\/serie-anatomie-cours-deau\/","title":{"rendered":"SERIE ANATOMIE D&rsquo;UN COURS D&rsquo;EAU"},"content":{"rendered":"<p style=\"text-align: left;\">C\u2019est \u00e0 Arles, en photographiant le Rh\u00f4ne depuis le quai de Trinquetaille, que m\u2019est<br \/>\nvenue l\u2019id\u00e9e d\u2019un cadrage perpendiculaire au cours du fleuve, \u00e0 l\u2019inverse de ce qui se<br \/>\nfait g\u00e9n\u00e9ralement.<\/p>\n<p style=\"text-align: left;\">Impressionn\u00e9e par sa puissance et son d\u00e9bit juste avant le delta, j\u2019ai tent\u00e9 d\u2019en faire une<br \/>\nsorte de portrait instantan\u00e9, d\u00e9barrass\u00e9 de tout ce qui peut parasiter la compr\u00e9hension<br \/>\ndirecte de sa personnalit\u00e9. Comme sur une coupe stratigraphique, se superposent sur<br \/>\nl\u2019image les diff\u00e9rentes couches : le quai antique rong\u00e9 par l\u2019humidit\u00e9, le cours du fleuve<br \/>\ntravers\u00e9 de reflets, de remous et de zones d\u2019ombre qui trahissent la violence des<br \/>\ncourants, le quartier de la Roquette sur la rive oppos\u00e9e, et enfin, le ciel dans la chaleur<br \/>\nnaissante de ce matin d\u2019\u00e9t\u00e9.<\/p>\n<p style=\"text-align: left;\">Deuxi\u00e8me exp\u00e9rience avec la Loire \u00e0 Blois. M\u00eame cadrage en section transversale,<br \/>\nm\u00eame format, m\u00eame intuition de capter l\u2019identit\u00e9 profonde du dernier grand fleuve<br \/>\nsauvage d\u2019Europe, avec sa lenteur, ses bancs de sable et sa surface en miroir. Et ce fut<br \/>\ntr\u00e8s vite le d\u00e9but d\u2019une s\u00e9rie : la Sa\u00f4ne \u00e0 Heuilley, la Seine \u00e0 Paris \u2026<br \/>\nD\u2019autres suivront au fil des balades.<\/p>\n<p>&nbsp;<\/p>\n<p>&nbsp;<\/p>\n\n<table id=\"tablepress-3\" class=\"tablepress tablepress-id-3 tablepress-responsive\">\n<tbody>\n<tr class=\"row-1\">\n\t<td class=\"column-1\"><img src=\"http:\/\/ccaphotos.ovh\/wp-content\/uploads\/2019\/10\/ARLES-2018-Le-Rh\u00f4ne_39bis-682x1024.jpg\" alt=\"\" width=\"600\" height=\"900\" class=\"alignnone size-large wp-image-2342\" \/><\/td><td class=\"column-2\"><p>\u00ab La profondeur se cache \u00e0 la surface \u00bb : on ne peut mieux dire l\u2019\u00e9paisseur historique<br \/>\nde ce quai de la gare maritime de Trinquetaille, en dessous duquel dormait tout un<br \/>\nmus\u00e9e secret de sculptures, d\u2019objets et d\u2019\u00e9paves antiques, enfouis dans les limons<br \/>\nsous la garde silencieuse des silures, jusqu\u2019\u00e0 ce que les arch\u00e9ologues les en extraient.<br \/>\nC\u2019est \u00e0 cet endroit pr\u00e9cis, juste en-dessous de nos pieds, que reposaient le fameux<br \/>\nbuste en marbre attribu\u00e9 \u00e0 C\u00e9sar et le \u00ab Gaulois captif \u00bb, ic\u00f4nes embl\u00e9matiques qui<br \/>\nrepr\u00e9sentent bien plus que de magnifiques objets. Elles sont surtout le point \u00e9merg\u00e9<br \/>\nd\u2019un ensemble urbain qui regroupait au premier si\u00e8cle avant notre \u00e8re un quartier<br \/>\nportuaire tr\u00e8s dynamique, et probablement des \u00e9quipements publics et culturels qui<br \/>\nn\u2019avaient rien \u00e0 envier \u00e0 ceux de l\u2019autre rive, autrement dit, de toute une histoire<br \/>\ncommune.<\/p><br \/>\n<br \/>\n<p>Car <i>Arelate duplex<\/i>, \u00ab l\u2019Arles double \u00bb du po\u00e8te latin Ausone, est bien l\u00e0 sous nos yeux,<br \/>\nde part et d\u2019autre du Grand Rh\u00f4ne. En face, le quartier de la Roquette, autrefois asile<br \/>\ndes r\u00e9fugi\u00e9s politiques ou \u00e9conomiques, Italiens, Portugais, Espagnols, Gitans,<br \/>\nMarocains, Alg\u00e9riens. Aujourd\u2019hui les m\u00e9tiers d\u2019autrefois ont c\u00e9d\u00e9 la place aux touristes,<br \/>\naux artistes et aux photographes, qui perp\u00e9tuent \u00e0 leur fa\u00e7on l\u2019atmosph\u00e8re boh\u00e8me et<br \/>\nquelque peu rebelle du quartier.<\/p><br \/>\n<br \/>\n<p>Entre les deux, une des voies majeures de p\u00e9n\u00e9tration de la M\u00e9diterran\u00e9e vers<br \/>\nl\u2019Europe du nord, de celles qui permettent l\u2019\u00e9change des mati\u00e8res premi\u00e8res, des<br \/>\nproduits et des id\u00e9es. Mais aussi un fleuve capricieux, sujet \u00e0 des crues<br \/>\nbrutales, atteint par la pollution, dont les eaux troubl\u00e9es et les courants puissants<br \/>\ncharrient d\u00e9sormais les \u00e9paves contemporaines des activit\u00e9s humaines.<\/p><br \/>\n<i>Le Rh\u00f4ne \u00e0 Arles - ao\u00fbt 2018<\/i><\/td>\n<\/tr>\n<tr class=\"row-2\">\n\t<td class=\"column-1\"><img src=\"http:\/\/ccaphotos.ovh\/wp-content\/uploads\/2019\/07\/LA-LOIRE-A-BLOIS_37bis-683x1024.jpg\" alt=\"\" width=\"600\" height=\"900\" class=\"alignnone size-large wp-image-1990\" \/><\/td><td class=\"column-2\"><p>Blois, octobre 2018, par une belle fin d\u2019apr\u00e8s-midi d\u2019automne. Apr\u00e8s une journ\u00e9e bien remplie \u00e0 courir d\u2019une conf\u00e9rence \u00e0 l\u2019autre dans le cadre des Rendez-vous de l\u2019Histoire - dont le th\u00e8me, cette ann\u00e9e-l\u00e0, \u00e9tait  \u00ab\u00a0La puissance des images\u00a0\u00bb - une petite ballade \u00e0 la fra\u00eeche sur les bords de Loire s\u2019imposait.<\/p><br \/>\n<p>Ce que dit la photo, ce sont les permanences du fleuve, l\u2019harmonie et la douceur des paysages fa\u00e7onn\u00e9s par la g\u00e9ographie et l\u2019histoire, qui en a fait une ligne de partage toujours invoqu\u00e9e par les m\u00e9t\u00e9orologistes \u00a0: les bancs de sable blond et les herbiers sur lesquels s\u2019\u00e9battent les oiseaux, les lourds quais de pierre \u00e9rig\u00e9s sur chaque rive, le blanc du tuffeau et le gris de l\u2019ardoise des habitats traditionnels. On devine \u00e0 peine sur la droite l\u2019arche d\u2019un de ces grands ponts \u00e0 l\u2019architecture si caract\u00e9ristique qui ponctuent son cours moyen.<\/p><br \/>\n<p>Mais elle dit aussi la possibilit\u00e9 de variations subites, les couleurs qui changent au fil des heures, le danger invisible des culs de gr\u00e8ves, la menace toujours pr\u00e9sente des crues. Ce jour-l\u00e0, sa surface en miroir offrait un jeu de dupes\u00a0: lequel, du fleuve ou du ciel, refl\u00e9tait l\u2019autre\u00a0?<\/p><br \/>\n<i>La Loire \u00e0 Blois- octobre 2018<\/i><\/td>\n<\/tr>\n<tr class=\"row-3\">\n\t<td class=\"column-1\"><img src=\"http:\/\/ccaphotos.ovh\/wp-content\/uploads\/2019\/04\/La-Sa\u00ecne-\u00d6-Heuilley-f\u00c7vrier-2019-r\u00c7duite-683x1024.jpg\" alt=\"\" width=\"600\" height=\"900\" class=\"alignnone size-large wp-image-108\" \/><\/td><td class=\"column-2\"><p>C\u2019est une des sections navigables de la Sa\u00f4ne, o\u00f9 vient se greffer, \u00e0 quelques<br \/>\nkilom\u00e8tres de l\u00e0, le \u00ab Canal entre Champagne et Bourgogne \u00bb. Aujourd\u2019hui vou\u00e9<br \/>\nessentiellement \u00e0 la navigation de plaisance et aux voies vertes, il reliait au XIXe<br \/>\net au<br \/>\nd\u00e9but du XXe<br \/>\nsi\u00e8cles le bassin sid\u00e9rurgique de Saint Dizier au bassin du Rhin, pour son<br \/>\napprovisionnement en mati\u00e8res premi\u00e8res et l\u2019acheminement des m\u00e9taux finis. Cette<br \/>\n\u00e9volution du trafic fluvial, du transport de marchandises et de pond\u00e9reux vers l\u2019activit\u00e9<br \/>\ntouristique, est repr\u00e9sentative de la mutation \u00e9conomique de tout l'arc du Grand-Est.<\/p><br \/>\n<br \/>\n<p>Un p\u00e2le soleil d\u2019hiver \u00e9claire la sc\u00e8ne : la berge est habill\u00e9e de roseaux secs \u00e0 peine<br \/>\neffleur\u00e9s par le vent, le cygne prend la pose juste au bon endroit, l\u2019in\u00e9vitable carcasse<br \/>\nde p\u00e9niche s\u2019enfonce doucement dans la vase, l\u2019\u00e9trave en plein milieu du cadrage, le<br \/>\nbandeau des branchages et des arbres se d\u00e9double de part et d\u2019autre de la rive<br \/>\noppos\u00e9e.<br \/>\nL\u2019harmonie des couleurs, la structuration de l\u2019espace, l\u2019impression d\u2019immobilit\u00e9, tout<br \/>\nsemble avoir \u00e9t\u00e9 plac\u00e9 l\u00e0 pour les besoins d\u2019un acad\u00e9misme de bon aloi.<\/p><br \/>\n<br \/>\n<p>Il y a parfois<br \/>\ndes clich\u00e9s auxquels il est difficile de r\u00e9sister.<\/p><br \/>\n<i>La Sa\u00f4ne \u00e0 Heuilley - f\u00e9vrier 2019<\/i><\/td>\n<\/tr>\n<tr class=\"row-4\">\n\t<td class=\"column-1\"><img src=\"http:\/\/ccaphotos.ovh\/wp-content\/uploads\/2019\/04\/La-Seine-\u00d6-Paris-mars-2019-r\u00c7duite-683x1024.jpg\" alt=\"\" width=\"600\" height=\"900\" class=\"alignnone size-large wp-image-109\" \/><\/td><td class=\"column-2\"><p>Lorsqu\u2019on suit les voies sur berge de la Seine entre le quai de Gesvres et l\u2019\u00eele de la Cit\u00e9,<br \/>\nd\u00e9sormais rendues aux pi\u00e9tons et aux cyclistes, la photographie qui s\u2019impose d\u2019elle-m\u00eame n\u2019est pas la vue transversale. C\u2019est la perspective des six ponts dont les piles se<br \/>\nsuperposent et s\u2019enchev\u00eatrent dans une \u00e9l\u00e9gante chor\u00e9graphie : le Pont Notre-Dame,<br \/>\nle Pont-au-Change, le Pont neuf, le Passage des Arts, le Pont du Carousel et le Pont<br \/>\nRoyal.<\/p><br \/>\n<br \/>\n<p>Si le mode portrait et la stratigraphie horizontale qui caract\u00e9risent la s\u00e9rie sont bien<br \/>\nrespect\u00e9s, l\u2019impression g\u00e9n\u00e9rale est ici totalement diff\u00e9rente : le m\u00e9tal et la pierre<br \/>\ndominent l\u2019eau, la pr\u00e9sence humaine est au premier plan. La profondeur est ici au-dessus de la surface.<br \/>\nPresque tous ces ouvrages ont subi, du moyen-\u00e2ge au XXe<br \/>\nsi\u00e8cle, des d\u00e9sastres en<br \/>\ns\u00e9rie : incendi\u00e9s avec leurs maisons et leurs boutiques en bois, emport\u00e9s par les crues, fragilis\u00e9s par<br \/>\nles bombardements des deux guerres mondiales ou tout simplement par l\u2019augmentation du trafic, ils ont \u00e9t\u00e9 autant de fois reconstruits ou r\u00e9nov\u00e9s, permettant<br \/>\nl\u2019utilisation de techniques et de mat\u00e9riaux nouveaux pour l\u2019\u00e9poque.<br \/>\nUn seul a \u00e9t\u00e9 reconstruit \u00ab \u00e0 l\u2019identique \u00bb : le Passage des Arts, au d\u00e9but des ann\u00e9es<br \/>\n80, dont les parapets devinrent les supports involontaires des \u00ab cadenas d\u2019amour \u00bb<br \/>\njusqu\u2019\u00e0 ce que la Ville tente, sans grand succ\u00e8s, de mettre fin \u00e0 cette mode.<\/p><br \/>\n<br \/>\n<p>A travers la couleur gris-vert du fleuve, stri\u00e9e par les ombres des ponts, on devine un courant<br \/>\nrapide et froid, hach\u00e9 par un vent contraire qui dessinait ce jour-l\u00e0 sur la surface des<br \/>\ntraits d\u2019\u00e9cume blanche.<\/p><br \/>\n<i>La Seine \u00e0 Paris - mars 2019<\/i><\/td>\n<\/tr>\n<tr class=\"row-5\">\n\t<td class=\"column-1\"><img src=\"http:\/\/ccaphotos.ovh\/wp-content\/uploads\/2023\/07\/SOMME_ST_VALERY_2023_53bis-683x1024.jpg\" alt=\"\" width=\"600\" height=\"900\" class=\"aligncenter size-large wp-image-4055\" \/><\/td><td class=\"column-2\"><p>Chant\u00e9e par Victor Hugo, peinte par Degas, Seurat, Toulouse-Lautrec et bien d\u2019autres, la Baie de Somme est d\u2019abord un grand site naturel, \u00e0 la rencontre des eaux douces du fleuve c\u00f4tier et de la Manche. Dessin\u00e9e par les mar\u00e9es, les vents et les temp\u00eates, recompos\u00e9e par les activit\u00e9s humaines, elle est en \u00e9volution constante.<\/p><br \/>\n<br \/>\n<p>Bord\u00e9es de tourbi\u00e8res, ses eaux saum\u00e2tres offrent un habitat naturel ou un refuge \u00e0 de nombreux oiseaux s\u00e9dentaires et migrateurs. Ses bancs de sable abritent la premi\u00e8re colonie de phoques veaux marins et de phoques gris de France. Des moutons de race locale et des vaches Highlands y paissent dans les pr\u00e9s sal\u00e9s, et de rares chanceux b\u00e9n\u00e9ficient de concessions pour r\u00e9colter la salicorne.<\/p> <br \/>\n<br \/>\n<p>Fr\u00e9quent\u00e9s depuis 650 000 ans par les premiers groupes humains, attir\u00e9s par la richesse de la flore et de la faune des milieux humides, les paysages de la baie ont vu la flotte de Guillaume le Conqu\u00e9rant partir pour l\u2019Angleterre. Aujourd\u2019hui avec le r\u00e9chauffement climatique, ils sont en passe de devenir un haut-lieu du tourisme de nature.<\/p><br \/>\n <br \/>\n<p>Au premier plan la <i>slikke<\/i>, \u00e9paisse couche de vasi\u00e8res recouvertes quotidiennement par la mer, \u00e9chancr\u00e9e par un petit affluent. Au-dessus, le fleuve \u00e0 mar\u00e9e basse, dans-lequel se refl\u00e8te une balise rouge qui d\u00e9limite au fond le vert profond des molli\u00e8res (<i>schorre<\/i>), p\u00e2turages d\u2019exception submerg\u00e9s uniquement lors des grandes mar\u00e9es. Le cadrage met en valeur l'accord fragile, en perp\u00e9tuel mouvement, entre terre et mer, entre vase et sable, entre eau et sel.<\/p><br \/>\n<br \/>\n<i>La Baie de Somme \u00e0 Saint Valery, juin 2023<\/i><br \/>\n<\/td>\n<\/tr>\n<\/tbody>\n<\/table>\n<!-- #tablepress-3 from cache -->\n","protected":false},"excerpt":{"rendered":"<p>C\u2019est \u00e0 Arles, en photographiant le Rh\u00f4ne depuis le quai de Trinquetaille, que m\u2019est venue l\u2019id\u00e9e d\u2019un cadrage perpendiculaire au cours du fleuve, \u00e0 l\u2019inverse de ce qui se fait g\u00e9n\u00e9ralement. Impressionn\u00e9e par sa puissance et son d\u00e9bit juste avant le delta, j\u2019ai tent\u00e9 d\u2019en faire une sorte de portrait instantan\u00e9, d\u00e9barrass\u00e9 de tout ce [&hellip;]<\/p>\n","protected":false},"author":5,"featured_media":0,"parent":0,"menu_order":0,"comment_status":"closed","ping_status":"closed","template":"","meta":[],"yoast_head":"<!-- This site is optimized with the Yoast SEO plugin v18.3 - https:\/\/yoast.com\/wordpress\/plugins\/seo\/ -->\n<title>SERIE ANATOMIE D&#039;UN COURS D&#039;EAU -<\/title>\n<meta name=\"robots\" content=\"index, follow, max-snippet:-1, max-image-preview:large, max-video-preview:-1\" \/>\n<link rel=\"canonical\" href=\"https:\/\/ccaphotos.ovh\/index.php\/serie-anatomie-cours-deau\/\" \/>\n<meta property=\"og:locale\" content=\"fr_FR\" \/>\n<meta property=\"og:type\" content=\"article\" \/>\n<meta property=\"og:title\" content=\"SERIE ANATOMIE D&#039;UN COURS D&#039;EAU -\" \/>\n<meta property=\"og:description\" content=\"C\u2019est \u00e0 Arles, en photographiant le Rh\u00f4ne depuis le quai de Trinquetaille, que m\u2019est venue l\u2019id\u00e9e d\u2019un cadrage perpendiculaire au cours du fleuve, \u00e0 l\u2019inverse de ce qui se fait g\u00e9n\u00e9ralement. Impressionn\u00e9e par sa puissance et son d\u00e9bit juste avant le delta, j\u2019ai tent\u00e9 d\u2019en faire une sorte de portrait instantan\u00e9, d\u00e9barrass\u00e9 de tout ce [&hellip;]\" \/>\n<meta property=\"og:url\" content=\"https:\/\/ccaphotos.ovh\/index.php\/serie-anatomie-cours-deau\/\" \/>\n<meta property=\"article:modified_time\" content=\"2025-03-26T08:21:18+00:00\" \/>\n<meta name=\"twitter:card\" content=\"summary_large_image\" \/>\n<meta name=\"twitter:label1\" content=\"Dur\u00e9e de lecture estim\u00e9e\" \/>\n\t<meta name=\"twitter:data1\" content=\"1 minute\" \/>\n<script type=\"application\/ld+json\" class=\"yoast-schema-graph\">{\"@context\":\"https:\/\/schema.org\",\"@graph\":[{\"@type\":[\"Person\",\"Organization\"],\"@id\":\"https:\/\/ccaphotos.ovh\/#\/schema\/person\/6a8bab212e1264864a1223d4b6d9fbcd\",\"name\":\"ClaireChatonAubey\",\"image\":{\"@type\":\"ImageObject\",\"@id\":\"https:\/\/ccaphotos.ovh\/#personlogo\",\"inLanguage\":\"fr-FR\",\"url\":\"https:\/\/secure.gravatar.com\/avatar\/d252b93fa90e99cd7255d4d68af882e2?s=96&d=mm&r=g\",\"contentUrl\":\"https:\/\/secure.gravatar.com\/avatar\/d252b93fa90e99cd7255d4d68af882e2?s=96&d=mm&r=g\",\"caption\":\"ClaireChatonAubey\"},\"logo\":{\"@id\":\"https:\/\/ccaphotos.ovh\/#personlogo\"}},{\"@type\":\"WebSite\",\"@id\":\"https:\/\/ccaphotos.ovh\/#website\",\"url\":\"https:\/\/ccaphotos.ovh\/\",\"name\":\"\",\"description\":\"\",\"publisher\":{\"@id\":\"https:\/\/ccaphotos.ovh\/#\/schema\/person\/6a8bab212e1264864a1223d4b6d9fbcd\"},\"potentialAction\":[{\"@type\":\"SearchAction\",\"target\":{\"@type\":\"EntryPoint\",\"urlTemplate\":\"https:\/\/ccaphotos.ovh\/?s={search_term_string}\"},\"query-input\":\"required name=search_term_string\"}],\"inLanguage\":\"fr-FR\"},{\"@type\":\"WebPage\",\"@id\":\"https:\/\/ccaphotos.ovh\/index.php\/serie-anatomie-cours-deau\/#webpage\",\"url\":\"https:\/\/ccaphotos.ovh\/index.php\/serie-anatomie-cours-deau\/\",\"name\":\"SERIE ANATOMIE D'UN COURS D'EAU -\",\"isPartOf\":{\"@id\":\"https:\/\/ccaphotos.ovh\/#website\"},\"datePublished\":\"2019-04-29T12:03:59+00:00\",\"dateModified\":\"2025-03-26T08:21:18+00:00\",\"breadcrumb\":{\"@id\":\"https:\/\/ccaphotos.ovh\/index.php\/serie-anatomie-cours-deau\/#breadcrumb\"},\"inLanguage\":\"fr-FR\",\"potentialAction\":[{\"@type\":\"ReadAction\",\"target\":[\"https:\/\/ccaphotos.ovh\/index.php\/serie-anatomie-cours-deau\/\"]}]},{\"@type\":\"BreadcrumbList\",\"@id\":\"https:\/\/ccaphotos.ovh\/index.php\/serie-anatomie-cours-deau\/#breadcrumb\",\"itemListElement\":[{\"@type\":\"ListItem\",\"position\":1,\"name\":\"Accueil\",\"item\":\"https:\/\/ccaphotos.ovh\/\"},{\"@type\":\"ListItem\",\"position\":2,\"name\":\"SERIE ANATOMIE D&rsquo;UN COURS D&rsquo;EAU\"}]}]}<\/script>\n<!-- \/ Yoast SEO plugin. -->","yoast_head_json":{"title":"SERIE ANATOMIE D'UN COURS D'EAU -","robots":{"index":"index","follow":"follow","max-snippet":"max-snippet:-1","max-image-preview":"max-image-preview:large","max-video-preview":"max-video-preview:-1"},"canonical":"https:\/\/ccaphotos.ovh\/index.php\/serie-anatomie-cours-deau\/","og_locale":"fr_FR","og_type":"article","og_title":"SERIE ANATOMIE D'UN COURS D'EAU -","og_description":"C\u2019est \u00e0 Arles, en photographiant le Rh\u00f4ne depuis le quai de Trinquetaille, que m\u2019est venue l\u2019id\u00e9e d\u2019un cadrage perpendiculaire au cours du fleuve, \u00e0 l\u2019inverse de ce qui se fait g\u00e9n\u00e9ralement. Impressionn\u00e9e par sa puissance et son d\u00e9bit juste avant le delta, j\u2019ai tent\u00e9 d\u2019en faire une sorte de portrait instantan\u00e9, d\u00e9barrass\u00e9 de tout ce [&hellip;]","og_url":"https:\/\/ccaphotos.ovh\/index.php\/serie-anatomie-cours-deau\/","article_modified_time":"2025-03-26T08:21:18+00:00","twitter_card":"summary_large_image","twitter_misc":{"Dur\u00e9e de lecture estim\u00e9e":"1 minute"},"schema":{"@context":"https:\/\/schema.org","@graph":[{"@type":["Person","Organization"],"@id":"https:\/\/ccaphotos.ovh\/#\/schema\/person\/6a8bab212e1264864a1223d4b6d9fbcd","name":"ClaireChatonAubey","image":{"@type":"ImageObject","@id":"https:\/\/ccaphotos.ovh\/#personlogo","inLanguage":"fr-FR","url":"https:\/\/secure.gravatar.com\/avatar\/d252b93fa90e99cd7255d4d68af882e2?s=96&d=mm&r=g","contentUrl":"https:\/\/secure.gravatar.com\/avatar\/d252b93fa90e99cd7255d4d68af882e2?s=96&d=mm&r=g","caption":"ClaireChatonAubey"},"logo":{"@id":"https:\/\/ccaphotos.ovh\/#personlogo"}},{"@type":"WebSite","@id":"https:\/\/ccaphotos.ovh\/#website","url":"https:\/\/ccaphotos.ovh\/","name":"","description":"","publisher":{"@id":"https:\/\/ccaphotos.ovh\/#\/schema\/person\/6a8bab212e1264864a1223d4b6d9fbcd"},"potentialAction":[{"@type":"SearchAction","target":{"@type":"EntryPoint","urlTemplate":"https:\/\/ccaphotos.ovh\/?s={search_term_string}"},"query-input":"required name=search_term_string"}],"inLanguage":"fr-FR"},{"@type":"WebPage","@id":"https:\/\/ccaphotos.ovh\/index.php\/serie-anatomie-cours-deau\/#webpage","url":"https:\/\/ccaphotos.ovh\/index.php\/serie-anatomie-cours-deau\/","name":"SERIE ANATOMIE D'UN COURS D'EAU -","isPartOf":{"@id":"https:\/\/ccaphotos.ovh\/#website"},"datePublished":"2019-04-29T12:03:59+00:00","dateModified":"2025-03-26T08:21:18+00:00","breadcrumb":{"@id":"https:\/\/ccaphotos.ovh\/index.php\/serie-anatomie-cours-deau\/#breadcrumb"},"inLanguage":"fr-FR","potentialAction":[{"@type":"ReadAction","target":["https:\/\/ccaphotos.ovh\/index.php\/serie-anatomie-cours-deau\/"]}]},{"@type":"BreadcrumbList","@id":"https:\/\/ccaphotos.ovh\/index.php\/serie-anatomie-cours-deau\/#breadcrumb","itemListElement":[{"@type":"ListItem","position":1,"name":"Accueil","item":"https:\/\/ccaphotos.ovh\/"},{"@type":"ListItem","position":2,"name":"SERIE ANATOMIE D&rsquo;UN COURS D&rsquo;EAU"}]}]}},"_links":{"self":[{"href":"https:\/\/ccaphotos.ovh\/index.php\/wp-json\/wp\/v2\/pages\/106"}],"collection":[{"href":"https:\/\/ccaphotos.ovh\/index.php\/wp-json\/wp\/v2\/pages"}],"about":[{"href":"https:\/\/ccaphotos.ovh\/index.php\/wp-json\/wp\/v2\/types\/page"}],"author":[{"embeddable":true,"href":"https:\/\/ccaphotos.ovh\/index.php\/wp-json\/wp\/v2\/users\/5"}],"replies":[{"embeddable":true,"href":"https:\/\/ccaphotos.ovh\/index.php\/wp-json\/wp\/v2\/comments?post=106"}],"version-history":[{"count":32,"href":"https:\/\/ccaphotos.ovh\/index.php\/wp-json\/wp\/v2\/pages\/106\/revisions"}],"predecessor-version":[{"id":4303,"href":"https:\/\/ccaphotos.ovh\/index.php\/wp-json\/wp\/v2\/pages\/106\/revisions\/4303"}],"wp:attachment":[{"href":"https:\/\/ccaphotos.ovh\/index.php\/wp-json\/wp\/v2\/media?parent=106"}],"curies":[{"name":"wp","href":"https:\/\/api.w.org\/{rel}","templated":true}]}}