{"id":150,"date":"2019-04-29T14:46:17","date_gmt":"2019-04-29T12:46:17","guid":{"rendered":"http:\/\/ccaphotos.ovh\/?page_id=150"},"modified":"2024-08-18T21:06:56","modified_gmt":"2024-08-18T19:06:56","slug":"serie-abandons","status":"publish","type":"page","link":"https:\/\/ccaphotos.ovh\/index.php\/serie-abandons\/","title":{"rendered":"ABANDONS saison 1\/1"},"content":{"rendered":"<div style=\"text-align: left;\">\n<p><em>ABANDONS &#8211; saison 1\/1<\/em><\/p>\n<p style=\"text-align: justify;\">Nous les connaissons tous, ces centres-villes historiques qui se vident peu \u00e0 peu<br \/>\nde leurs habitants, de leurs commerces et de leurs services, au profit de quartiers<br \/>\np\u00e9riph\u00e9riques banalis\u00e9s et tristement uniformes. On y rencontre des touristes<br \/>\nindiff\u00e9rents, des passants press\u00e9s, des personnes \u00e2g\u00e9es pi\u00e9g\u00e9es par la d\u00e9pendance<br \/>\net le manque de ressources &#8230; et le plus souvent pas grand monde &#8230;<\/p>\n<p style=\"text-align: justify;\">De politiques publiques en plans de revalorisation \u00e0 r\u00e9p\u00e9tition, rien peut arr\u00eater la<br \/>\nspirale du d\u00e9classement.<\/p>\n<p style=\"text-align: justify;\">Ce travail photographique, d\u2019abord occasionnel, puis entrepris de fa\u00e7on plus syst\u00e9matique \u00e0 partir d\u2019avril 2018, donne le vertige. De<br \/>\nsorties en sorties, les exemples se multiplient \u00e0 l\u2019infini et il semble ne jamais<br \/>\npouvoir se terminer.<\/p>\n<p style=\"text-align: justify;\">A la recherche constante d\u2019un \u00e9quilibre entre la bonne distance du<br \/>\nregard et la subjectivit\u00e9 du propos, ce travail se veut un regard port\u00e9 sur celles et<br \/>\nceux qui, par choix ou par n\u00e9cessit\u00e9, vivent au quotidien dans cet environnement d\u00e9grad\u00e9.<\/p>\n<p style=\"text-align: justify;\"><em>4 photos issues de ce travail ont \u00e9t\u00e9 pr\u00e9sent\u00e9es lors de l\u2019exposition collective<\/em><br \/>\n<em>\u00ab S\u00e9ries \u00bb de la section photo du Centre social La Passerelle de Quetigny en<\/em><em> janvier 2019.<\/em><\/p>\n<p>&nbsp;<\/p>\n<\/div>\n<p>&nbsp;<\/p>\n<div><\/div>\n","protected":false},"excerpt":{"rendered":"<p>ABANDONS &#8211; saison 1\/1 Nous les connaissons tous, ces centres-villes historiques qui se vident peu \u00e0 peu de leurs habitants, de leurs commerces et de leurs services, au profit de quartiers p\u00e9riph\u00e9riques banalis\u00e9s et tristement uniformes. On y rencontre des touristes indiff\u00e9rents, des passants press\u00e9s, des personnes \u00e2g\u00e9es pi\u00e9g\u00e9es par la d\u00e9pendance et le manque [&hellip;]<\/p>\n","protected":false},"author":5,"featured_media":0,"parent":0,"menu_order":0,"comment_status":"closed","ping_status":"closed","template":"","meta":[],"yoast_head":"<!-- This site is optimized with the Yoast SEO plugin v18.3 - https:\/\/yoast.com\/wordpress\/plugins\/seo\/ -->\n<title>ABANDONS saison 1\/1 -<\/title>\n<meta name=\"robots\" content=\"index, follow, max-snippet:-1, max-image-preview:large, max-video-preview:-1\" \/>\n<link rel=\"canonical\" href=\"https:\/\/ccaphotos.ovh\/index.php\/serie-abandons\/\" \/>\n<meta property=\"og:locale\" content=\"fr_FR\" \/>\n<meta property=\"og:type\" content=\"article\" \/>\n<meta property=\"og:title\" content=\"ABANDONS saison 1\/1 -\" \/>\n<meta property=\"og:description\" content=\"ABANDONS &#8211; saison 1\/1 Nous les connaissons tous, ces centres-villes historiques qui se vident peu \u00e0 peu de leurs habitants, de leurs commerces et de leurs services, au profit de quartiers p\u00e9riph\u00e9riques banalis\u00e9s et tristement uniformes. On y rencontre des touristes indiff\u00e9rents, des passants press\u00e9s, des personnes \u00e2g\u00e9es pi\u00e9g\u00e9es par la d\u00e9pendance et le manque [&hellip;]\" \/>\n<meta property=\"og:url\" content=\"https:\/\/ccaphotos.ovh\/index.php\/serie-abandons\/\" \/>\n<meta property=\"article:modified_time\" content=\"2024-08-18T19:06:56+00:00\" \/>\n<meta name=\"twitter:card\" content=\"summary_large_image\" \/>\n<meta name=\"twitter:label1\" content=\"Dur\u00e9e de lecture estim\u00e9e\" \/>\n\t<meta name=\"twitter:data1\" content=\"1 minute\" \/>\n<script type=\"application\/ld+json\" class=\"yoast-schema-graph\">{\"@context\":\"https:\/\/schema.org\",\"@graph\":[{\"@type\":[\"Person\",\"Organization\"],\"@id\":\"https:\/\/ccaphotos.ovh\/#\/schema\/person\/6a8bab212e1264864a1223d4b6d9fbcd\",\"name\":\"ClaireChatonAubey\",\"image\":{\"@type\":\"ImageObject\",\"@id\":\"https:\/\/ccaphotos.ovh\/#personlogo\",\"inLanguage\":\"fr-FR\",\"url\":\"https:\/\/secure.gravatar.com\/avatar\/d252b93fa90e99cd7255d4d68af882e2?s=96&d=mm&r=g\",\"contentUrl\":\"https:\/\/secure.gravatar.com\/avatar\/d252b93fa90e99cd7255d4d68af882e2?s=96&d=mm&r=g\",\"caption\":\"ClaireChatonAubey\"},\"logo\":{\"@id\":\"https:\/\/ccaphotos.ovh\/#personlogo\"}},{\"@type\":\"WebSite\",\"@id\":\"https:\/\/ccaphotos.ovh\/#website\",\"url\":\"https:\/\/ccaphotos.ovh\/\",\"name\":\"\",\"description\":\"\",\"publisher\":{\"@id\":\"https:\/\/ccaphotos.ovh\/#\/schema\/person\/6a8bab212e1264864a1223d4b6d9fbcd\"},\"potentialAction\":[{\"@type\":\"SearchAction\",\"target\":{\"@type\":\"EntryPoint\",\"urlTemplate\":\"https:\/\/ccaphotos.ovh\/?s={search_term_string}\"},\"query-input\":\"required name=search_term_string\"}],\"inLanguage\":\"fr-FR\"},{\"@type\":\"WebPage\",\"@id\":\"https:\/\/ccaphotos.ovh\/index.php\/serie-abandons\/#webpage\",\"url\":\"https:\/\/ccaphotos.ovh\/index.php\/serie-abandons\/\",\"name\":\"ABANDONS saison 1\/1 -\",\"isPartOf\":{\"@id\":\"https:\/\/ccaphotos.ovh\/#website\"},\"datePublished\":\"2019-04-29T12:46:17+00:00\",\"dateModified\":\"2024-08-18T19:06:56+00:00\",\"breadcrumb\":{\"@id\":\"https:\/\/ccaphotos.ovh\/index.php\/serie-abandons\/#breadcrumb\"},\"inLanguage\":\"fr-FR\",\"potentialAction\":[{\"@type\":\"ReadAction\",\"target\":[\"https:\/\/ccaphotos.ovh\/index.php\/serie-abandons\/\"]}]},{\"@type\":\"BreadcrumbList\",\"@id\":\"https:\/\/ccaphotos.ovh\/index.php\/serie-abandons\/#breadcrumb\",\"itemListElement\":[{\"@type\":\"ListItem\",\"position\":1,\"name\":\"Accueil\",\"item\":\"https:\/\/ccaphotos.ovh\/\"},{\"@type\":\"ListItem\",\"position\":2,\"name\":\"ABANDONS saison 1\/1\"}]}]}<\/script>\n<!-- \/ Yoast SEO plugin. -->","yoast_head_json":{"title":"ABANDONS saison 1\/1 -","robots":{"index":"index","follow":"follow","max-snippet":"max-snippet:-1","max-image-preview":"max-image-preview:large","max-video-preview":"max-video-preview:-1"},"canonical":"https:\/\/ccaphotos.ovh\/index.php\/serie-abandons\/","og_locale":"fr_FR","og_type":"article","og_title":"ABANDONS saison 1\/1 -","og_description":"ABANDONS &#8211; saison 1\/1 Nous les connaissons tous, ces centres-villes historiques qui se vident peu \u00e0 peu de leurs habitants, de leurs commerces et de leurs services, au profit de quartiers p\u00e9riph\u00e9riques banalis\u00e9s et tristement uniformes. On y rencontre des touristes indiff\u00e9rents, des passants press\u00e9s, des personnes \u00e2g\u00e9es pi\u00e9g\u00e9es par la d\u00e9pendance et le manque [&hellip;]","og_url":"https:\/\/ccaphotos.ovh\/index.php\/serie-abandons\/","article_modified_time":"2024-08-18T19:06:56+00:00","twitter_card":"summary_large_image","twitter_misc":{"Dur\u00e9e de lecture estim\u00e9e":"1 minute"},"schema":{"@context":"https:\/\/schema.org","@graph":[{"@type":["Person","Organization"],"@id":"https:\/\/ccaphotos.ovh\/#\/schema\/person\/6a8bab212e1264864a1223d4b6d9fbcd","name":"ClaireChatonAubey","image":{"@type":"ImageObject","@id":"https:\/\/ccaphotos.ovh\/#personlogo","inLanguage":"fr-FR","url":"https:\/\/secure.gravatar.com\/avatar\/d252b93fa90e99cd7255d4d68af882e2?s=96&d=mm&r=g","contentUrl":"https:\/\/secure.gravatar.com\/avatar\/d252b93fa90e99cd7255d4d68af882e2?s=96&d=mm&r=g","caption":"ClaireChatonAubey"},"logo":{"@id":"https:\/\/ccaphotos.ovh\/#personlogo"}},{"@type":"WebSite","@id":"https:\/\/ccaphotos.ovh\/#website","url":"https:\/\/ccaphotos.ovh\/","name":"","description":"","publisher":{"@id":"https:\/\/ccaphotos.ovh\/#\/schema\/person\/6a8bab212e1264864a1223d4b6d9fbcd"},"potentialAction":[{"@type":"SearchAction","target":{"@type":"EntryPoint","urlTemplate":"https:\/\/ccaphotos.ovh\/?s={search_term_string}"},"query-input":"required name=search_term_string"}],"inLanguage":"fr-FR"},{"@type":"WebPage","@id":"https:\/\/ccaphotos.ovh\/index.php\/serie-abandons\/#webpage","url":"https:\/\/ccaphotos.ovh\/index.php\/serie-abandons\/","name":"ABANDONS saison 1\/1 -","isPartOf":{"@id":"https:\/\/ccaphotos.ovh\/#website"},"datePublished":"2019-04-29T12:46:17+00:00","dateModified":"2024-08-18T19:06:56+00:00","breadcrumb":{"@id":"https:\/\/ccaphotos.ovh\/index.php\/serie-abandons\/#breadcrumb"},"inLanguage":"fr-FR","potentialAction":[{"@type":"ReadAction","target":["https:\/\/ccaphotos.ovh\/index.php\/serie-abandons\/"]}]},{"@type":"BreadcrumbList","@id":"https:\/\/ccaphotos.ovh\/index.php\/serie-abandons\/#breadcrumb","itemListElement":[{"@type":"ListItem","position":1,"name":"Accueil","item":"https:\/\/ccaphotos.ovh\/"},{"@type":"ListItem","position":2,"name":"ABANDONS saison 1\/1"}]}]}},"_links":{"self":[{"href":"https:\/\/ccaphotos.ovh\/index.php\/wp-json\/wp\/v2\/pages\/150"}],"collection":[{"href":"https:\/\/ccaphotos.ovh\/index.php\/wp-json\/wp\/v2\/pages"}],"about":[{"href":"https:\/\/ccaphotos.ovh\/index.php\/wp-json\/wp\/v2\/types\/page"}],"author":[{"embeddable":true,"href":"https:\/\/ccaphotos.ovh\/index.php\/wp-json\/wp\/v2\/users\/5"}],"replies":[{"embeddable":true,"href":"https:\/\/ccaphotos.ovh\/index.php\/wp-json\/wp\/v2\/comments?post=150"}],"version-history":[{"count":22,"href":"https:\/\/ccaphotos.ovh\/index.php\/wp-json\/wp\/v2\/pages\/150\/revisions"}],"predecessor-version":[{"id":3365,"href":"https:\/\/ccaphotos.ovh\/index.php\/wp-json\/wp\/v2\/pages\/150\/revisions\/3365"}],"wp:attachment":[{"href":"https:\/\/ccaphotos.ovh\/index.php\/wp-json\/wp\/v2\/media?parent=150"}],"curies":[{"name":"wp","href":"https:\/\/api.w.org\/{rel}","templated":true}]}}