{"id":2144,"date":"2019-07-25T16:54:48","date_gmt":"2019-07-25T14:54:48","guid":{"rendered":"http:\/\/ccaphotos.ovh\/?page_id=2144"},"modified":"2022-08-13T21:23:48","modified_gmt":"2022-08-13T19:23:48","slug":"rivages","status":"publish","type":"page","link":"https:\/\/ccaphotos.ovh\/index.php\/rivages\/","title":{"rendered":"RIVAGES"},"content":{"rendered":"<div>\n<p style=\"padding-left: 200px;\">Au commencement \u00e9taient l\u2019eau, la terre et le ciel<\/p>\n<p style=\"padding-left: 200px;\">Les rivages sont au XXI<sup>\u00e8me<\/sup> si\u00e8cle ce que les murs \u00e9taient au XX<sup>\u00e8me<\/sup><\/p>\n<p style=\"padding-left: 200px;\">le lieu d\u2019\u00e9chouage de nos r\u00eaves et de nos peurs<\/p>\n<p>&nbsp;<\/p>\n<p style=\"padding-left: 200px;\">Des rochers noirs \u00e9merge une brume de chaleur<\/p>\n<p style=\"padding-left: 200px;\">Un croisi\u00e9riste g\u00e9ant emporte sa cargaison vers des paradis \u00e0 prix cass\u00e9s<\/p>\n<p style=\"padding-left: 200px;\">Il nous vient des airs de <em>crooner<\/em> des ann\u00e9es 60<\/p>\n<p style=\"padding-left: 200px;\"><em>Caprii, c\u2019est finii \u2026 et dire que c\u2019\u00e9tait la ville de mon premier amour \u2026<\/em><\/p>\n<p>&nbsp;<\/p>\n<p style=\"padding-left: 200px;\">Sur le fil de l\u2019horizon sont \u00e9pingl\u00e9es de petites figurines humaines<\/p>\n<p style=\"padding-left: 200px;\">Les rivages ne sont qu\u2019un infime liser\u00e9 d\u2019\u00e9cume<\/p>\n<p style=\"padding-left: 200px;\">entre nos joyeux souvenirs du <em>club Les Marsouins <\/em>et la folie du monde<\/p>\n<p style=\"padding-left: 200px;\">entre les alignements de transats et les canots de survie<\/p>\n<p>&nbsp;<\/p>\n<p style=\"padding-left: 200px;\">Insouciants ou concern\u00e9s c\u2019est selon<\/p>\n<p style=\"padding-left: 200px;\">sur les plages de sable blond les artistes et les enfants<\/p>\n<p style=\"padding-left: 200px;\">construisent et reconstruisent leurs \u0153uvres \u00e9ph\u00e9m\u00e8res<\/p>\n<\/div>\n<p>&nbsp;<\/p>\n<p style=\"padding-left: 200px; text-align: left;\"><em>Texte de juillet 2019<\/em><\/p>\n<div>\n<p>&nbsp;<\/p>\n<\/div>\n<div><\/div>\n<div><\/div>\n<div class=\"n2-has-copy n2-code n2-ss-slider-shortcode-id\"><\/div>\n","protected":false},"excerpt":{"rendered":"<p>Au commencement \u00e9taient l\u2019eau, la terre et le ciel Les rivages sont au XXI\u00e8me si\u00e8cle ce que les murs \u00e9taient au XX\u00e8me le lieu d\u2019\u00e9chouage de nos r\u00eaves et de nos peurs &nbsp; Des rochers noirs \u00e9merge une brume de chaleur Un croisi\u00e9riste g\u00e9ant emporte sa cargaison vers des paradis \u00e0 prix cass\u00e9s Il nous [&hellip;]<\/p>\n","protected":false},"author":1,"featured_media":0,"parent":0,"menu_order":0,"comment_status":"closed","ping_status":"closed","template":"","meta":[],"yoast_head":"<!-- This site is optimized with the Yoast SEO plugin v18.3 - https:\/\/yoast.com\/wordpress\/plugins\/seo\/ -->\n<title>RIVAGES -<\/title>\n<meta name=\"robots\" content=\"index, follow, max-snippet:-1, max-image-preview:large, max-video-preview:-1\" \/>\n<link rel=\"canonical\" href=\"https:\/\/ccaphotos.ovh\/index.php\/rivages\/\" \/>\n<meta property=\"og:locale\" content=\"fr_FR\" \/>\n<meta property=\"og:type\" content=\"article\" \/>\n<meta property=\"og:title\" content=\"RIVAGES -\" \/>\n<meta property=\"og:description\" content=\"Au commencement \u00e9taient l\u2019eau, la terre et le ciel Les rivages sont au XXI\u00e8me si\u00e8cle ce que les murs \u00e9taient au XX\u00e8me le lieu d\u2019\u00e9chouage de nos r\u00eaves et de nos peurs &nbsp; Des rochers noirs \u00e9merge une brume de chaleur Un croisi\u00e9riste g\u00e9ant emporte sa cargaison vers des paradis \u00e0 prix cass\u00e9s Il nous [&hellip;]\" \/>\n<meta property=\"og:url\" content=\"https:\/\/ccaphotos.ovh\/index.php\/rivages\/\" \/>\n<meta property=\"article:modified_time\" content=\"2022-08-13T19:23:48+00:00\" \/>\n<meta name=\"twitter:card\" content=\"summary_large_image\" \/>\n<meta name=\"twitter:label1\" content=\"Dur\u00e9e de lecture estim\u00e9e\" \/>\n\t<meta name=\"twitter:data1\" content=\"1 minute\" \/>\n<script type=\"application\/ld+json\" class=\"yoast-schema-graph\">{\"@context\":\"https:\/\/schema.org\",\"@graph\":[{\"@type\":[\"Person\",\"Organization\"],\"@id\":\"https:\/\/ccaphotos.ovh\/#\/schema\/person\/6a8bab212e1264864a1223d4b6d9fbcd\",\"name\":\"ClaireChatonAubey\",\"image\":{\"@type\":\"ImageObject\",\"@id\":\"https:\/\/ccaphotos.ovh\/#personlogo\",\"inLanguage\":\"fr-FR\",\"url\":\"https:\/\/secure.gravatar.com\/avatar\/d252b93fa90e99cd7255d4d68af882e2?s=96&d=mm&r=g\",\"contentUrl\":\"https:\/\/secure.gravatar.com\/avatar\/d252b93fa90e99cd7255d4d68af882e2?s=96&d=mm&r=g\",\"caption\":\"ClaireChatonAubey\"},\"logo\":{\"@id\":\"https:\/\/ccaphotos.ovh\/#personlogo\"}},{\"@type\":\"WebSite\",\"@id\":\"https:\/\/ccaphotos.ovh\/#website\",\"url\":\"https:\/\/ccaphotos.ovh\/\",\"name\":\"\",\"description\":\"\",\"publisher\":{\"@id\":\"https:\/\/ccaphotos.ovh\/#\/schema\/person\/6a8bab212e1264864a1223d4b6d9fbcd\"},\"potentialAction\":[{\"@type\":\"SearchAction\",\"target\":{\"@type\":\"EntryPoint\",\"urlTemplate\":\"https:\/\/ccaphotos.ovh\/?s={search_term_string}\"},\"query-input\":\"required name=search_term_string\"}],\"inLanguage\":\"fr-FR\"},{\"@type\":\"WebPage\",\"@id\":\"https:\/\/ccaphotos.ovh\/index.php\/rivages\/#webpage\",\"url\":\"https:\/\/ccaphotos.ovh\/index.php\/rivages\/\",\"name\":\"RIVAGES -\",\"isPartOf\":{\"@id\":\"https:\/\/ccaphotos.ovh\/#website\"},\"datePublished\":\"2019-07-25T14:54:48+00:00\",\"dateModified\":\"2022-08-13T19:23:48+00:00\",\"breadcrumb\":{\"@id\":\"https:\/\/ccaphotos.ovh\/index.php\/rivages\/#breadcrumb\"},\"inLanguage\":\"fr-FR\",\"potentialAction\":[{\"@type\":\"ReadAction\",\"target\":[\"https:\/\/ccaphotos.ovh\/index.php\/rivages\/\"]}]},{\"@type\":\"BreadcrumbList\",\"@id\":\"https:\/\/ccaphotos.ovh\/index.php\/rivages\/#breadcrumb\",\"itemListElement\":[{\"@type\":\"ListItem\",\"position\":1,\"name\":\"Accueil\",\"item\":\"https:\/\/ccaphotos.ovh\/\"},{\"@type\":\"ListItem\",\"position\":2,\"name\":\"RIVAGES\"}]}]}<\/script>\n<!-- \/ Yoast SEO plugin. -->","yoast_head_json":{"title":"RIVAGES -","robots":{"index":"index","follow":"follow","max-snippet":"max-snippet:-1","max-image-preview":"max-image-preview:large","max-video-preview":"max-video-preview:-1"},"canonical":"https:\/\/ccaphotos.ovh\/index.php\/rivages\/","og_locale":"fr_FR","og_type":"article","og_title":"RIVAGES -","og_description":"Au commencement \u00e9taient l\u2019eau, la terre et le ciel Les rivages sont au XXI\u00e8me si\u00e8cle ce que les murs \u00e9taient au XX\u00e8me le lieu d\u2019\u00e9chouage de nos r\u00eaves et de nos peurs &nbsp; Des rochers noirs \u00e9merge une brume de chaleur Un croisi\u00e9riste g\u00e9ant emporte sa cargaison vers des paradis \u00e0 prix cass\u00e9s Il nous [&hellip;]","og_url":"https:\/\/ccaphotos.ovh\/index.php\/rivages\/","article_modified_time":"2022-08-13T19:23:48+00:00","twitter_card":"summary_large_image","twitter_misc":{"Dur\u00e9e de lecture estim\u00e9e":"1 minute"},"schema":{"@context":"https:\/\/schema.org","@graph":[{"@type":["Person","Organization"],"@id":"https:\/\/ccaphotos.ovh\/#\/schema\/person\/6a8bab212e1264864a1223d4b6d9fbcd","name":"ClaireChatonAubey","image":{"@type":"ImageObject","@id":"https:\/\/ccaphotos.ovh\/#personlogo","inLanguage":"fr-FR","url":"https:\/\/secure.gravatar.com\/avatar\/d252b93fa90e99cd7255d4d68af882e2?s=96&d=mm&r=g","contentUrl":"https:\/\/secure.gravatar.com\/avatar\/d252b93fa90e99cd7255d4d68af882e2?s=96&d=mm&r=g","caption":"ClaireChatonAubey"},"logo":{"@id":"https:\/\/ccaphotos.ovh\/#personlogo"}},{"@type":"WebSite","@id":"https:\/\/ccaphotos.ovh\/#website","url":"https:\/\/ccaphotos.ovh\/","name":"","description":"","publisher":{"@id":"https:\/\/ccaphotos.ovh\/#\/schema\/person\/6a8bab212e1264864a1223d4b6d9fbcd"},"potentialAction":[{"@type":"SearchAction","target":{"@type":"EntryPoint","urlTemplate":"https:\/\/ccaphotos.ovh\/?s={search_term_string}"},"query-input":"required name=search_term_string"}],"inLanguage":"fr-FR"},{"@type":"WebPage","@id":"https:\/\/ccaphotos.ovh\/index.php\/rivages\/#webpage","url":"https:\/\/ccaphotos.ovh\/index.php\/rivages\/","name":"RIVAGES -","isPartOf":{"@id":"https:\/\/ccaphotos.ovh\/#website"},"datePublished":"2019-07-25T14:54:48+00:00","dateModified":"2022-08-13T19:23:48+00:00","breadcrumb":{"@id":"https:\/\/ccaphotos.ovh\/index.php\/rivages\/#breadcrumb"},"inLanguage":"fr-FR","potentialAction":[{"@type":"ReadAction","target":["https:\/\/ccaphotos.ovh\/index.php\/rivages\/"]}]},{"@type":"BreadcrumbList","@id":"https:\/\/ccaphotos.ovh\/index.php\/rivages\/#breadcrumb","itemListElement":[{"@type":"ListItem","position":1,"name":"Accueil","item":"https:\/\/ccaphotos.ovh\/"},{"@type":"ListItem","position":2,"name":"RIVAGES"}]}]}},"_links":{"self":[{"href":"https:\/\/ccaphotos.ovh\/index.php\/wp-json\/wp\/v2\/pages\/2144"}],"collection":[{"href":"https:\/\/ccaphotos.ovh\/index.php\/wp-json\/wp\/v2\/pages"}],"about":[{"href":"https:\/\/ccaphotos.ovh\/index.php\/wp-json\/wp\/v2\/types\/page"}],"author":[{"embeddable":true,"href":"https:\/\/ccaphotos.ovh\/index.php\/wp-json\/wp\/v2\/users\/1"}],"replies":[{"embeddable":true,"href":"https:\/\/ccaphotos.ovh\/index.php\/wp-json\/wp\/v2\/comments?post=2144"}],"version-history":[{"count":45,"href":"https:\/\/ccaphotos.ovh\/index.php\/wp-json\/wp\/v2\/pages\/2144\/revisions"}],"predecessor-version":[{"id":2516,"href":"https:\/\/ccaphotos.ovh\/index.php\/wp-json\/wp\/v2\/pages\/2144\/revisions\/2516"}],"wp:attachment":[{"href":"https:\/\/ccaphotos.ovh\/index.php\/wp-json\/wp\/v2\/media?parent=2144"}],"curies":[{"name":"wp","href":"https:\/\/api.w.org\/{rel}","templated":true}]}}