{"id":2239,"date":"2019-08-08T15:12:06","date_gmt":"2019-08-08T13:12:06","guid":{"rendered":"http:\/\/ccaphotos.ovh\/?page_id=2239"},"modified":"2022-02-24T13:27:15","modified_gmt":"2022-02-24T12:27:15","slug":"portraits-de-femmes","status":"publish","type":"page","link":"https:\/\/ccaphotos.ovh\/index.php\/portraits-de-femmes\/","title":{"rendered":"PORTRAITS DE FEMMES"},"content":{"rendered":"<p style=\"text-align: center;\"><span style=\"font-size: 14pt;\"># NOUS TOUTES<br \/>\n<\/span><\/p>\n<p>&nbsp;<\/p>\n<p><img loading=\"lazy\" class=\"aligncenter size-large wp-image-3082\" src=\"http:\/\/ccaphotos.ovh\/wp-content\/uploads\/2021\/02\/P2590149_raw01_site-684x1024.jpg\" alt=\"\" width=\"684\" height=\"1024\" srcset=\"https:\/\/ccaphotos.ovh\/wp-content\/uploads\/2021\/02\/P2590149_raw01_site-684x1024.jpg 684w, https:\/\/ccaphotos.ovh\/wp-content\/uploads\/2021\/02\/P2590149_raw01_site-200x300.jpg 200w, https:\/\/ccaphotos.ovh\/wp-content\/uploads\/2021\/02\/P2590149_raw01_site-768x1151.jpg 768w, https:\/\/ccaphotos.ovh\/wp-content\/uploads\/2021\/02\/P2590149_raw01_site-600x899.jpg 600w, https:\/\/ccaphotos.ovh\/wp-content\/uploads\/2021\/02\/P2590149_raw01_site-1320x1978.jpg 1320w, https:\/\/ccaphotos.ovh\/wp-content\/uploads\/2021\/02\/P2590149_raw01_site.jpg 1333w\" sizes=\"(max-width: 684px) 100vw, 684px\" \/><\/p>\n<p style=\"text-align: center;\">\u00c9g\u00e9ries &#8211; <em>f\u00e9vrier 2021<br \/>\n<\/em><\/p>\n<p>&nbsp;<\/p>\n<p><img loading=\"lazy\" class=\"size-large wp-image-2240 aligncenter\" src=\"http:\/\/ccaphotos.ovh\/wp-content\/uploads\/2019\/08\/ANGERS-la-forteresse_04ter-683x1024.jpg\" alt=\"\" width=\"683\" height=\"1024\" \/><\/p>\n<p style=\"text-align: center;\">Miroir mon beau miroir &#8211; <em>mai 2019<\/em><\/p>\n<p>&nbsp;<\/p>\n<p><img loading=\"lazy\" class=\"size-large wp-image-2250 aligncenter\" src=\"http:\/\/ccaphotos.ovh\/wp-content\/uploads\/2019\/08\/NAP-Spaccanapoli-et-la-rue_107ter2-683x1024.jpg\" alt=\"\" width=\"683\" height=\"1024\" \/><\/p>\n<p style=\"text-align: center;\">Pulcinella &#8211; <em>juin 2019<\/em><\/p>\n<p>&nbsp;<\/p>\n<p><img loading=\"lazy\" class=\"aligncenter size-large wp-image-3178\" src=\"http:\/\/ccaphotos.ovh\/wp-content\/uploads\/2021\/03\/PARC-DES-OISEAUX-VILLARS-LES-DOMBES_215bis_SITE-1024x682.jpg\" alt=\"\" width=\"770\" height=\"513\" srcset=\"https:\/\/ccaphotos.ovh\/wp-content\/uploads\/2021\/03\/PARC-DES-OISEAUX-VILLARS-LES-DOMBES_215bis_SITE-1024x682.jpg 1024w, https:\/\/ccaphotos.ovh\/wp-content\/uploads\/2021\/03\/PARC-DES-OISEAUX-VILLARS-LES-DOMBES_215bis_SITE-300x200.jpg 300w, https:\/\/ccaphotos.ovh\/wp-content\/uploads\/2021\/03\/PARC-DES-OISEAUX-VILLARS-LES-DOMBES_215bis_SITE-768x512.jpg 768w, https:\/\/ccaphotos.ovh\/wp-content\/uploads\/2021\/03\/PARC-DES-OISEAUX-VILLARS-LES-DOMBES_215bis_SITE-600x400.jpg 600w, https:\/\/ccaphotos.ovh\/wp-content\/uploads\/2021\/03\/PARC-DES-OISEAUX-VILLARS-LES-DOMBES_215bis_SITE-1320x880.jpg 1320w, https:\/\/ccaphotos.ovh\/wp-content\/uploads\/2021\/03\/PARC-DES-OISEAUX-VILLARS-LES-DOMBES_215bis_SITE.jpg 2000w\" sizes=\"(max-width: 770px) 100vw, 770px\" \/><\/p>\n<p style=\"text-align: center;\">Madone aux ibis &#8211; juillet 2018<\/p>\n<p>&nbsp;<\/p>\n<p><img loading=\"lazy\" class=\"size-large wp-image-2242 aligncenter\" src=\"http:\/\/ccaphotos.ovh\/wp-content\/uploads\/2019\/08\/LOUVRE_35bis-1024x683.jpg\" alt=\"\" width=\"770\" height=\"514\" \/><\/p>\n<p style=\"text-align: center;\">Les rouges et le noir &#8211; <em>avril 2019<\/em><\/p>\n<p>&nbsp;<\/p>\n<p><img loading=\"lazy\" class=\"size-large wp-image-2243 aligncenter\" src=\"http:\/\/ccaphotos.ovh\/wp-content\/uploads\/2019\/08\/P1060046ter-1024x682.jpg\" alt=\"\" width=\"770\" height=\"513\" \/><\/p>\n<p style=\"text-align: center;\">Chiacchiere &#8211; <em>juin 2016<\/em><\/p>\n<p>&nbsp;<\/p>\n<p><img loading=\"lazy\" class=\"size-large wp-image-2244 aligncenter\" src=\"http:\/\/ccaphotos.ovh\/wp-content\/uploads\/2019\/08\/ARLES-2018-Sc\u00e8nes-de-rue_02ter-1024x683.jpg\" alt=\"\" width=\"770\" height=\"514\" \/><\/p>\n<p style=\"text-align: center;\">Super buzy &#8211; <em>ao\u00fbt 2018<\/em><\/p>\n<p>&nbsp;<\/p>\n<p><img loading=\"lazy\" class=\"size-large wp-image-2246 aligncenter\" src=\"http:\/\/ccaphotos.ovh\/wp-content\/uploads\/2019\/08\/PALAIS-ROYAL_88ter-1024x683.jpg\" alt=\"\" width=\"770\" height=\"514\" \/><\/p>\n<p style=\"text-align: center;\">Mensurations &#8211; <em>juillet 2019<\/em><\/p>\n<p>&nbsp;<\/p>\n<p><img loading=\"lazy\" class=\"size-large wp-image-2247 aligncenter\" src=\"http:\/\/ccaphotos.ovh\/wp-content\/uploads\/2019\/08\/Mathieu-MALOUF_24ter-1024x683.jpg\" alt=\"\" width=\"770\" height=\"514\" \/><\/p>\n<p style=\"text-align: center;\">F\u00e9line &#8211; <em>janvier 2019<\/em><\/p>\n<p>&nbsp;<\/p>\n<p>&nbsp;<\/p>\n<p><img loading=\"lazy\" class=\"size-large wp-image-2297 aligncenter\" src=\"http:\/\/ccaphotos.ovh\/wp-content\/uploads\/2019\/08\/ARLES-2019-Expos_47-1024x683.jpg\" alt=\"\" width=\"770\" height=\"514\" \/><\/p>\n<p style=\"text-align: center;\">La t\u00eate dans les \u00e9toiles &#8211; ao\u00fbt 2019<\/p>\n<p>&nbsp;<\/p>\n<p><img loading=\"lazy\" class=\"size-large wp-image-2545 aligncenter\" src=\"http:\/\/ccaphotos.ovh\/wp-content\/uploads\/2020\/03\/collection-Lambert-AVIGNON_06ter3-683x1024.jpg\" alt=\"\" width=\"683\" height=\"1024\" \/><\/p>\n<p style=\"text-align: center;\">Face \u00e0 face &#8211; septembre 2019<\/p>\n","protected":false},"excerpt":{"rendered":"<p># NOUS TOUTES &nbsp; \u00c9g\u00e9ries &#8211; f\u00e9vrier 2021 &nbsp; Miroir mon beau miroir &#8211; mai 2019 &nbsp; Pulcinella &#8211; juin 2019 &nbsp; Madone aux ibis &#8211; juillet 2018 &nbsp; Les rouges et le noir &#8211; avril 2019 &nbsp; Chiacchiere &#8211; juin 2016 &nbsp; Super buzy &#8211; ao\u00fbt 2018 &nbsp; Mensurations &#8211; juillet 2019 &nbsp; F\u00e9line [&hellip;]<\/p>\n","protected":false},"author":1,"featured_media":0,"parent":0,"menu_order":0,"comment_status":"closed","ping_status":"closed","template":"","meta":[],"yoast_head":"<!-- This site is optimized with the Yoast SEO plugin v18.3 - https:\/\/yoast.com\/wordpress\/plugins\/seo\/ -->\n<title>PORTRAITS DE FEMMES -<\/title>\n<meta name=\"robots\" content=\"index, follow, max-snippet:-1, max-image-preview:large, max-video-preview:-1\" \/>\n<link rel=\"canonical\" href=\"https:\/\/ccaphotos.ovh\/index.php\/portraits-de-femmes\/\" \/>\n<meta property=\"og:locale\" content=\"fr_FR\" \/>\n<meta property=\"og:type\" content=\"article\" \/>\n<meta property=\"og:title\" content=\"PORTRAITS DE FEMMES -\" \/>\n<meta property=\"og:description\" content=\"# NOUS TOUTES &nbsp; \u00c9g\u00e9ries &#8211; f\u00e9vrier 2021 &nbsp; Miroir mon beau miroir &#8211; mai 2019 &nbsp; Pulcinella &#8211; juin 2019 &nbsp; Madone aux ibis &#8211; juillet 2018 &nbsp; Les rouges et le noir &#8211; avril 2019 &nbsp; Chiacchiere &#8211; juin 2016 &nbsp; Super buzy &#8211; ao\u00fbt 2018 &nbsp; Mensurations &#8211; juillet 2019 &nbsp; F\u00e9line [&hellip;]\" \/>\n<meta property=\"og:url\" content=\"https:\/\/ccaphotos.ovh\/index.php\/portraits-de-femmes\/\" \/>\n<meta property=\"article:modified_time\" content=\"2022-02-24T12:27:15+00:00\" \/>\n<meta property=\"og:image\" content=\"http:\/\/ccaphotos.ovh\/wp-content\/uploads\/2021\/02\/P2590149_raw01_site-684x1024.jpg\" \/>\n<meta name=\"twitter:card\" content=\"summary_large_image\" \/>\n<script type=\"application\/ld+json\" class=\"yoast-schema-graph\">{\"@context\":\"https:\/\/schema.org\",\"@graph\":[{\"@type\":[\"Person\",\"Organization\"],\"@id\":\"https:\/\/ccaphotos.ovh\/#\/schema\/person\/6a8bab212e1264864a1223d4b6d9fbcd\",\"name\":\"ClaireChatonAubey\",\"image\":{\"@type\":\"ImageObject\",\"@id\":\"https:\/\/ccaphotos.ovh\/#personlogo\",\"inLanguage\":\"fr-FR\",\"url\":\"https:\/\/secure.gravatar.com\/avatar\/d252b93fa90e99cd7255d4d68af882e2?s=96&d=mm&r=g\",\"contentUrl\":\"https:\/\/secure.gravatar.com\/avatar\/d252b93fa90e99cd7255d4d68af882e2?s=96&d=mm&r=g\",\"caption\":\"ClaireChatonAubey\"},\"logo\":{\"@id\":\"https:\/\/ccaphotos.ovh\/#personlogo\"}},{\"@type\":\"WebSite\",\"@id\":\"https:\/\/ccaphotos.ovh\/#website\",\"url\":\"https:\/\/ccaphotos.ovh\/\",\"name\":\"\",\"description\":\"\",\"publisher\":{\"@id\":\"https:\/\/ccaphotos.ovh\/#\/schema\/person\/6a8bab212e1264864a1223d4b6d9fbcd\"},\"potentialAction\":[{\"@type\":\"SearchAction\",\"target\":{\"@type\":\"EntryPoint\",\"urlTemplate\":\"https:\/\/ccaphotos.ovh\/?s={search_term_string}\"},\"query-input\":\"required name=search_term_string\"}],\"inLanguage\":\"fr-FR\"},{\"@type\":\"ImageObject\",\"@id\":\"https:\/\/ccaphotos.ovh\/index.php\/portraits-de-femmes\/#primaryimage\",\"inLanguage\":\"fr-FR\",\"url\":\"https:\/\/ccaphotos.ovh\/wp-content\/uploads\/2021\/02\/P2590149_raw01_site.jpg\",\"contentUrl\":\"https:\/\/ccaphotos.ovh\/wp-content\/uploads\/2021\/02\/P2590149_raw01_site.jpg\",\"width\":1333,\"height\":1997},{\"@type\":\"WebPage\",\"@id\":\"https:\/\/ccaphotos.ovh\/index.php\/portraits-de-femmes\/#webpage\",\"url\":\"https:\/\/ccaphotos.ovh\/index.php\/portraits-de-femmes\/\",\"name\":\"PORTRAITS DE FEMMES -\",\"isPartOf\":{\"@id\":\"https:\/\/ccaphotos.ovh\/#website\"},\"primaryImageOfPage\":{\"@id\":\"https:\/\/ccaphotos.ovh\/index.php\/portraits-de-femmes\/#primaryimage\"},\"datePublished\":\"2019-08-08T13:12:06+00:00\",\"dateModified\":\"2022-02-24T12:27:15+00:00\",\"breadcrumb\":{\"@id\":\"https:\/\/ccaphotos.ovh\/index.php\/portraits-de-femmes\/#breadcrumb\"},\"inLanguage\":\"fr-FR\",\"potentialAction\":[{\"@type\":\"ReadAction\",\"target\":[\"https:\/\/ccaphotos.ovh\/index.php\/portraits-de-femmes\/\"]}]},{\"@type\":\"BreadcrumbList\",\"@id\":\"https:\/\/ccaphotos.ovh\/index.php\/portraits-de-femmes\/#breadcrumb\",\"itemListElement\":[{\"@type\":\"ListItem\",\"position\":1,\"name\":\"Accueil\",\"item\":\"https:\/\/ccaphotos.ovh\/\"},{\"@type\":\"ListItem\",\"position\":2,\"name\":\"PORTRAITS DE FEMMES\"}]}]}<\/script>\n<!-- \/ Yoast SEO plugin. -->","yoast_head_json":{"title":"PORTRAITS DE FEMMES -","robots":{"index":"index","follow":"follow","max-snippet":"max-snippet:-1","max-image-preview":"max-image-preview:large","max-video-preview":"max-video-preview:-1"},"canonical":"https:\/\/ccaphotos.ovh\/index.php\/portraits-de-femmes\/","og_locale":"fr_FR","og_type":"article","og_title":"PORTRAITS DE FEMMES -","og_description":"# NOUS TOUTES &nbsp; \u00c9g\u00e9ries &#8211; f\u00e9vrier 2021 &nbsp; Miroir mon beau miroir &#8211; mai 2019 &nbsp; Pulcinella &#8211; juin 2019 &nbsp; Madone aux ibis &#8211; juillet 2018 &nbsp; Les rouges et le noir &#8211; avril 2019 &nbsp; Chiacchiere &#8211; juin 2016 &nbsp; Super buzy &#8211; ao\u00fbt 2018 &nbsp; Mensurations &#8211; juillet 2019 &nbsp; F\u00e9line [&hellip;]","og_url":"https:\/\/ccaphotos.ovh\/index.php\/portraits-de-femmes\/","article_modified_time":"2022-02-24T12:27:15+00:00","og_image":[{"url":"http:\/\/ccaphotos.ovh\/wp-content\/uploads\/2021\/02\/P2590149_raw01_site-684x1024.jpg"}],"twitter_card":"summary_large_image","schema":{"@context":"https:\/\/schema.org","@graph":[{"@type":["Person","Organization"],"@id":"https:\/\/ccaphotos.ovh\/#\/schema\/person\/6a8bab212e1264864a1223d4b6d9fbcd","name":"ClaireChatonAubey","image":{"@type":"ImageObject","@id":"https:\/\/ccaphotos.ovh\/#personlogo","inLanguage":"fr-FR","url":"https:\/\/secure.gravatar.com\/avatar\/d252b93fa90e99cd7255d4d68af882e2?s=96&d=mm&r=g","contentUrl":"https:\/\/secure.gravatar.com\/avatar\/d252b93fa90e99cd7255d4d68af882e2?s=96&d=mm&r=g","caption":"ClaireChatonAubey"},"logo":{"@id":"https:\/\/ccaphotos.ovh\/#personlogo"}},{"@type":"WebSite","@id":"https:\/\/ccaphotos.ovh\/#website","url":"https:\/\/ccaphotos.ovh\/","name":"","description":"","publisher":{"@id":"https:\/\/ccaphotos.ovh\/#\/schema\/person\/6a8bab212e1264864a1223d4b6d9fbcd"},"potentialAction":[{"@type":"SearchAction","target":{"@type":"EntryPoint","urlTemplate":"https:\/\/ccaphotos.ovh\/?s={search_term_string}"},"query-input":"required name=search_term_string"}],"inLanguage":"fr-FR"},{"@type":"ImageObject","@id":"https:\/\/ccaphotos.ovh\/index.php\/portraits-de-femmes\/#primaryimage","inLanguage":"fr-FR","url":"https:\/\/ccaphotos.ovh\/wp-content\/uploads\/2021\/02\/P2590149_raw01_site.jpg","contentUrl":"https:\/\/ccaphotos.ovh\/wp-content\/uploads\/2021\/02\/P2590149_raw01_site.jpg","width":1333,"height":1997},{"@type":"WebPage","@id":"https:\/\/ccaphotos.ovh\/index.php\/portraits-de-femmes\/#webpage","url":"https:\/\/ccaphotos.ovh\/index.php\/portraits-de-femmes\/","name":"PORTRAITS DE FEMMES -","isPartOf":{"@id":"https:\/\/ccaphotos.ovh\/#website"},"primaryImageOfPage":{"@id":"https:\/\/ccaphotos.ovh\/index.php\/portraits-de-femmes\/#primaryimage"},"datePublished":"2019-08-08T13:12:06+00:00","dateModified":"2022-02-24T12:27:15+00:00","breadcrumb":{"@id":"https:\/\/ccaphotos.ovh\/index.php\/portraits-de-femmes\/#breadcrumb"},"inLanguage":"fr-FR","potentialAction":[{"@type":"ReadAction","target":["https:\/\/ccaphotos.ovh\/index.php\/portraits-de-femmes\/"]}]},{"@type":"BreadcrumbList","@id":"https:\/\/ccaphotos.ovh\/index.php\/portraits-de-femmes\/#breadcrumb","itemListElement":[{"@type":"ListItem","position":1,"name":"Accueil","item":"https:\/\/ccaphotos.ovh\/"},{"@type":"ListItem","position":2,"name":"PORTRAITS DE FEMMES"}]}]}},"_links":{"self":[{"href":"https:\/\/ccaphotos.ovh\/index.php\/wp-json\/wp\/v2\/pages\/2239"}],"collection":[{"href":"https:\/\/ccaphotos.ovh\/index.php\/wp-json\/wp\/v2\/pages"}],"about":[{"href":"https:\/\/ccaphotos.ovh\/index.php\/wp-json\/wp\/v2\/types\/page"}],"author":[{"embeddable":true,"href":"https:\/\/ccaphotos.ovh\/index.php\/wp-json\/wp\/v2\/users\/1"}],"replies":[{"embeddable":true,"href":"https:\/\/ccaphotos.ovh\/index.php\/wp-json\/wp\/v2\/comments?post=2239"}],"version-history":[{"count":18,"href":"https:\/\/ccaphotos.ovh\/index.php\/wp-json\/wp\/v2\/pages\/2239\/revisions"}],"predecessor-version":[{"id":3726,"href":"https:\/\/ccaphotos.ovh\/index.php\/wp-json\/wp\/v2\/pages\/2239\/revisions\/3726"}],"wp:attachment":[{"href":"https:\/\/ccaphotos.ovh\/index.php\/wp-json\/wp\/v2\/media?parent=2239"}],"curies":[{"name":"wp","href":"https:\/\/api.w.org\/{rel}","templated":true}]}}