{"id":2367,"date":"2019-12-07T17:11:45","date_gmt":"2019-12-07T16:11:45","guid":{"rendered":"http:\/\/ccaphotos.ovh\/?page_id=2367"},"modified":"2021-03-28T09:03:05","modified_gmt":"2021-03-28T07:03:05","slug":"emprises","status":"publish","type":"page","link":"https:\/\/ccaphotos.ovh\/index.php\/emprises\/","title":{"rendered":"EMPRISES"},"content":{"rendered":"<p><strong>La fabrique de l&rsquo;image<\/strong><\/p>\n<p style=\"text-align: justify;\">En juin 2019, la section photo du centre social de Quetigny a \u00e9t\u00e9 sollicit\u00e9e par la municipalit\u00e9 pour participer \u00e0 une semaine de sensibilisation et de lutte contre les violences conjugales. Il \u00e9tait pr\u00e9vu d&rsquo;afficher les photos sur les vitrines des commer\u00e7ants et sur les 17 panneaux d\u00e9roulants r\u00e9partis dans l\u2019espace public.<\/p>\n<p style=\"text-align: justify;\">Se voir proposer un espace d\u2019exposition \u00e0 l\u2019\u00e9chelle de toute une ville repr\u00e9sente une opportunit\u00e9 \u00e0 la fois inestimable et risqu\u00e9e pour une photographe. Redoutant que la confrontation d\u2019une approche \u00e0 la fois artistique et militante avec les outils des publicitaires promette une aventure pour le moins p\u00e9rilleuse, je d\u00e9cidai n\u00e9anmoins que l\u2019enjeu m\u00e9ritait de relever le d\u00e9fi.<\/p>\n<p style=\"text-align: justify;\">Ne pas verser dans l\u2019hyperr\u00e9alisme factice des h\u00e9matomes, cicatrices et autres ecchymoses, expos\u00e9s <em>ad nauseam<\/em> sur le net, \u00e9tait une \u00e9vidence. Cet \u00e9talage d\u2019accessoires pour Halloween me paraissait aussi bien inop\u00e9rant que cruel pour les victimes. Produire des images fortes tout en trouvant le ton juste devait donc passer par la mobilisation de l&rsquo;imaginaire.<\/p>\n<p style=\"text-align: justify;\">Le symbole du \u00ab cadenas d\u2019amour \u00bb s\u2019est impos\u00e9 comme premi\u00e8re hypoth\u00e8se de travail. Il \u00e9voque pour moi la double <em>EMPRISE <\/em>li\u00e9e au conjoint violent, celle qu&rsquo;il exerce sur la femme qu&rsquo;il dit aimer, et celle d&rsquo;un mod\u00e8le de virilit\u00e9 h\u00e9ro\u00efque, encore largement diffus\u00e9 par le battage m\u00e9diatico-commercial, auquel il tente plus ou moins consciemment de se conformer. J\u2019ai voulu que ces cadenas soient accroch\u00e9s sur un support-bijou, illusion entretenue de l\u2019amour partag\u00e9 et de l\u2019espoir de r\u00e9mission de la violence. Et pour repr\u00e9senter la victime, quoi de plus \u00e9vident que le buste de couture, femme-tronc sans visage, qui pourrait \u00eatre une amie, une s\u0153ur, une voisine ? Le hasard et les opportunit\u00e9s ont fait le reste : un reflet de rapace derri\u00e8re un store, deux corbeaux de bois noir (<sup>1<\/sup>) qui peuplaient les \u00e9tag\u00e8res de ma biblioth\u00e8que, et un c\u0153ur-cadenas, dont la cl\u00e9 est inaccessible, tatou\u00e9 dans le dos.<\/p>\n<p style=\"text-align: justify;\">A partir de cette id\u00e9e de d\u00e9part, toute une cha\u00eene symbolique s\u2019est enclench\u00e9e\u00a0: l\u2019\u00e9chec, avec l\u2019indiff\u00e9rence des pions par rapport au drame qui se joue au premier plan, le cri de la femme bafou\u00e9e (<sup>2<\/sup>) qui cherche une issue \u00e0 son univers carc\u00e9ral vers une lucarne (<sup>3<\/sup>) ouverte sur un ciel <em>\u00ab\u00a0&#8230; par-dessus le toit, si bleu, si calme !&#8230;\u00a0\u00bb<\/em>.<\/p>\n<p style=\"text-align: justify;\">Apr\u00e8s des semaines de recherches sc\u00e9nographiques, de cadrages minutieux et de r\u00e9glages de temp\u00e9rature de couleur, cinq photos \u00e9taient enfin pr\u00eates \u00e0 soutenir les regards. A dire vrai, je n\u2019\u00e9tais pas f\u00e2ch\u00e9e que mes deux magnifiques corbeaux r\u00e9int\u00e8grent enfin leurs p\u00e9nates, et surtout, leur statut initial de volatiles d\u00e9bonnaires, gloutons et cancaniers \u2026<\/p>\n<p style=\"text-align: justify;\">A toutes celles qui n\u2019ont pas cette chance de pouvoir simplement refermer la parenth\u00e8se.<\/p>\n<div class=\"n2-has-copy n2-code n2-ss-slider-shortcode-id\"><\/div>\n<ol>\n<li style=\"list-style-type: none;\">\n<ol>\n<li style=\"list-style-type: none;\">\n<ol>\n<li style=\"list-style-type: none;\">\n<ol>\n<li style=\"list-style-type: none;\">\n<ol>\n<li style=\"list-style-type: none;\">\n<ol>\n<li style=\"list-style-type: none;\">\n<ol>\n<li style=\"list-style-type: none;\">\n<ol>\n<li style=\"list-style-type: none;\">\n<ol>\n<li style=\"list-style-type: none;\">\n<ol>\n<li style=\"list-style-type: none;\">\n<ol>\n<li style=\"list-style-type: none;\">\n<ol>\n<li style=\"list-style-type: none;\">\n<ol>\n<li style=\"list-style-type: none;\">\n<ol>\n<li><em>\u00a0<span style=\"font-size: 10pt;\">Ibride Design d\u2019Auteur<\/span><\/em><\/li>\n<li><span style=\"font-size: 10pt;\"><em>\u00a9 Mus\u00e9e Pierre Merlier<\/em><\/span><\/li>\n<li><span style=\"font-size: 10pt;\"><em>oculus z\u00e9nithal de l\u2019atrium de la Collection Lambert en Avignon<\/em><\/span><\/li>\n<\/ol>\n<\/li>\n<\/ol>\n<\/li>\n<\/ol>\n<\/li>\n<\/ol>\n<\/li>\n<\/ol>\n<\/li>\n<\/ol>\n<\/li>\n<\/ol>\n<\/li>\n<\/ol>\n<\/li>\n<\/ol>\n<\/li>\n<\/ol>\n<\/li>\n<\/ol>\n<\/li>\n<\/ol>\n<\/li>\n<\/ol>\n<\/li>\n<\/ol>\n<p style=\"text-align: justify;\"><strong>De la photo \u00e0 l\u2019affiche <em>in <\/em><em>situ<\/em><\/strong> <strong>(Ville de Quetigny, du 25 novembre au 6 d\u00e9cembre 2019)<\/strong><\/p>\n<p style=\"text-align: justify;\">Une fois revisit\u00e9es par les codes de la communication, \u00ab chart\u00e9es \u00bb avec les diff\u00e9rents logos, agrandies et imprim\u00e9es, mes photos, et celles des autres photographes et associations partenaires de l\u2019\u00e9v\u00e8nement, entamaient une nouvelle vie. Sorties du support intime et confortablement r\u00e9tro\u00e9clair\u00e9 des \u00e9crans, jet\u00e9es en p\u00e2ture aux automobilistes et aux consommateurs f\u00e9briles ou otages du <em>Black Friday<\/em>, elles \u00e9taient cens\u00e9es s\u2019imposer entre les multiples sollicitations de l\u2019espace public et des galeries marchandes.<\/p>\n<p style=\"text-align: justify;\">Bien qu&rsquo;en ayant accept\u00e9 d\u2019avance le principe, je ne suis pas s\u00fbre que ces conditions de pr\u00e9sentation aient favoris\u00e9 la prise de conscience escompt\u00e9e par les initiateurs de l\u2019\u00e9v\u00e8nement. Emp\u00each\u00e9e pendant la campagne d&rsquo;affichage, je n\u2019ai pu ressentir les choses par moi-m\u00eame, aussi je tiens \u00e0 remercier chaleureusement Dom, Jean, Fran\u00e7ois, Lem, Denis, le \u00ab\u00a0groupe du mercredi\u00a0\u00bb, ainsi que Michel J. et Sabine, qui m&rsquo;ont accompagn\u00e9e de leur regard bienveillant et constructif, ou qui ont r\u00e9alis\u00e9 les photos de ce reportage.<\/p>\n<div class=\"n2-has-copy n2-code n2-ss-slider-shortcode-id\"><\/div>\n<p>&nbsp;<\/p>\n<p>&nbsp;<\/p>\n<p>&nbsp;<\/p>\n<p>&nbsp;<\/p>\n<p>&nbsp;<\/p>\n<p>&nbsp;<\/p>\n<p>&nbsp;<\/p>\n<p>&nbsp;<\/p>\n<p>&nbsp;<\/p>\n<p>&nbsp;<\/p>\n<p>&nbsp;<\/p>\n<p>&nbsp;<\/p>\n<p>&nbsp;<\/p>\n<p>&nbsp;<\/p>\n<p>&nbsp;<\/p>\n<p>&nbsp;<\/p>\n<p>&nbsp;<\/p>\n<p>&nbsp;<\/p>\n<p>&nbsp;<\/p>\n<p>&nbsp;<\/p>\n<p>&nbsp;<\/p>\n<p>&nbsp;<\/p>\n<p>&nbsp;<\/p>\n<p>&nbsp;<\/p>\n","protected":false},"excerpt":{"rendered":"<p>La fabrique de l&rsquo;image En juin 2019, la section photo du centre social de Quetigny a \u00e9t\u00e9 sollicit\u00e9e par la municipalit\u00e9 pour participer \u00e0 une semaine de sensibilisation et de lutte contre les violences conjugales. Il \u00e9tait pr\u00e9vu d&rsquo;afficher les photos sur les vitrines des commer\u00e7ants et sur les 17 panneaux d\u00e9roulants r\u00e9partis dans l\u2019espace [&hellip;]<\/p>\n","protected":false},"author":1,"featured_media":0,"parent":0,"menu_order":0,"comment_status":"closed","ping_status":"closed","template":"","meta":[],"yoast_head":"<!-- This site is optimized with the Yoast SEO plugin v18.3 - https:\/\/yoast.com\/wordpress\/plugins\/seo\/ -->\n<title>EMPRISES -<\/title>\n<meta name=\"robots\" content=\"index, follow, max-snippet:-1, max-image-preview:large, max-video-preview:-1\" \/>\n<link rel=\"canonical\" href=\"https:\/\/ccaphotos.ovh\/index.php\/emprises\/\" \/>\n<meta property=\"og:locale\" content=\"fr_FR\" \/>\n<meta property=\"og:type\" content=\"article\" \/>\n<meta property=\"og:title\" content=\"EMPRISES -\" \/>\n<meta property=\"og:description\" content=\"La fabrique de l&rsquo;image En juin 2019, la section photo du centre social de Quetigny a \u00e9t\u00e9 sollicit\u00e9e par la municipalit\u00e9 pour participer \u00e0 une semaine de sensibilisation et de lutte contre les violences conjugales. Il \u00e9tait pr\u00e9vu d&rsquo;afficher les photos sur les vitrines des commer\u00e7ants et sur les 17 panneaux d\u00e9roulants r\u00e9partis dans l\u2019espace [&hellip;]\" \/>\n<meta property=\"og:url\" content=\"https:\/\/ccaphotos.ovh\/index.php\/emprises\/\" \/>\n<meta property=\"article:modified_time\" content=\"2021-03-28T07:03:05+00:00\" \/>\n<meta name=\"twitter:card\" content=\"summary_large_image\" \/>\n<meta name=\"twitter:label1\" content=\"Dur\u00e9e de lecture estim\u00e9e\" \/>\n\t<meta name=\"twitter:data1\" content=\"4 minutes\" \/>\n<script type=\"application\/ld+json\" class=\"yoast-schema-graph\">{\"@context\":\"https:\/\/schema.org\",\"@graph\":[{\"@type\":[\"Person\",\"Organization\"],\"@id\":\"https:\/\/ccaphotos.ovh\/#\/schema\/person\/6a8bab212e1264864a1223d4b6d9fbcd\",\"name\":\"ClaireChatonAubey\",\"image\":{\"@type\":\"ImageObject\",\"@id\":\"https:\/\/ccaphotos.ovh\/#personlogo\",\"inLanguage\":\"fr-FR\",\"url\":\"https:\/\/secure.gravatar.com\/avatar\/d252b93fa90e99cd7255d4d68af882e2?s=96&d=mm&r=g\",\"contentUrl\":\"https:\/\/secure.gravatar.com\/avatar\/d252b93fa90e99cd7255d4d68af882e2?s=96&d=mm&r=g\",\"caption\":\"ClaireChatonAubey\"},\"logo\":{\"@id\":\"https:\/\/ccaphotos.ovh\/#personlogo\"}},{\"@type\":\"WebSite\",\"@id\":\"https:\/\/ccaphotos.ovh\/#website\",\"url\":\"https:\/\/ccaphotos.ovh\/\",\"name\":\"\",\"description\":\"\",\"publisher\":{\"@id\":\"https:\/\/ccaphotos.ovh\/#\/schema\/person\/6a8bab212e1264864a1223d4b6d9fbcd\"},\"potentialAction\":[{\"@type\":\"SearchAction\",\"target\":{\"@type\":\"EntryPoint\",\"urlTemplate\":\"https:\/\/ccaphotos.ovh\/?s={search_term_string}\"},\"query-input\":\"required name=search_term_string\"}],\"inLanguage\":\"fr-FR\"},{\"@type\":\"WebPage\",\"@id\":\"https:\/\/ccaphotos.ovh\/index.php\/emprises\/#webpage\",\"url\":\"https:\/\/ccaphotos.ovh\/index.php\/emprises\/\",\"name\":\"EMPRISES -\",\"isPartOf\":{\"@id\":\"https:\/\/ccaphotos.ovh\/#website\"},\"datePublished\":\"2019-12-07T16:11:45+00:00\",\"dateModified\":\"2021-03-28T07:03:05+00:00\",\"breadcrumb\":{\"@id\":\"https:\/\/ccaphotos.ovh\/index.php\/emprises\/#breadcrumb\"},\"inLanguage\":\"fr-FR\",\"potentialAction\":[{\"@type\":\"ReadAction\",\"target\":[\"https:\/\/ccaphotos.ovh\/index.php\/emprises\/\"]}]},{\"@type\":\"BreadcrumbList\",\"@id\":\"https:\/\/ccaphotos.ovh\/index.php\/emprises\/#breadcrumb\",\"itemListElement\":[{\"@type\":\"ListItem\",\"position\":1,\"name\":\"Accueil\",\"item\":\"https:\/\/ccaphotos.ovh\/\"},{\"@type\":\"ListItem\",\"position\":2,\"name\":\"EMPRISES\"}]}]}<\/script>\n<!-- \/ Yoast SEO plugin. -->","yoast_head_json":{"title":"EMPRISES -","robots":{"index":"index","follow":"follow","max-snippet":"max-snippet:-1","max-image-preview":"max-image-preview:large","max-video-preview":"max-video-preview:-1"},"canonical":"https:\/\/ccaphotos.ovh\/index.php\/emprises\/","og_locale":"fr_FR","og_type":"article","og_title":"EMPRISES -","og_description":"La fabrique de l&rsquo;image En juin 2019, la section photo du centre social de Quetigny a \u00e9t\u00e9 sollicit\u00e9e par la municipalit\u00e9 pour participer \u00e0 une semaine de sensibilisation et de lutte contre les violences conjugales. Il \u00e9tait pr\u00e9vu d&rsquo;afficher les photos sur les vitrines des commer\u00e7ants et sur les 17 panneaux d\u00e9roulants r\u00e9partis dans l\u2019espace [&hellip;]","og_url":"https:\/\/ccaphotos.ovh\/index.php\/emprises\/","article_modified_time":"2021-03-28T07:03:05+00:00","twitter_card":"summary_large_image","twitter_misc":{"Dur\u00e9e de lecture estim\u00e9e":"4 minutes"},"schema":{"@context":"https:\/\/schema.org","@graph":[{"@type":["Person","Organization"],"@id":"https:\/\/ccaphotos.ovh\/#\/schema\/person\/6a8bab212e1264864a1223d4b6d9fbcd","name":"ClaireChatonAubey","image":{"@type":"ImageObject","@id":"https:\/\/ccaphotos.ovh\/#personlogo","inLanguage":"fr-FR","url":"https:\/\/secure.gravatar.com\/avatar\/d252b93fa90e99cd7255d4d68af882e2?s=96&d=mm&r=g","contentUrl":"https:\/\/secure.gravatar.com\/avatar\/d252b93fa90e99cd7255d4d68af882e2?s=96&d=mm&r=g","caption":"ClaireChatonAubey"},"logo":{"@id":"https:\/\/ccaphotos.ovh\/#personlogo"}},{"@type":"WebSite","@id":"https:\/\/ccaphotos.ovh\/#website","url":"https:\/\/ccaphotos.ovh\/","name":"","description":"","publisher":{"@id":"https:\/\/ccaphotos.ovh\/#\/schema\/person\/6a8bab212e1264864a1223d4b6d9fbcd"},"potentialAction":[{"@type":"SearchAction","target":{"@type":"EntryPoint","urlTemplate":"https:\/\/ccaphotos.ovh\/?s={search_term_string}"},"query-input":"required name=search_term_string"}],"inLanguage":"fr-FR"},{"@type":"WebPage","@id":"https:\/\/ccaphotos.ovh\/index.php\/emprises\/#webpage","url":"https:\/\/ccaphotos.ovh\/index.php\/emprises\/","name":"EMPRISES -","isPartOf":{"@id":"https:\/\/ccaphotos.ovh\/#website"},"datePublished":"2019-12-07T16:11:45+00:00","dateModified":"2021-03-28T07:03:05+00:00","breadcrumb":{"@id":"https:\/\/ccaphotos.ovh\/index.php\/emprises\/#breadcrumb"},"inLanguage":"fr-FR","potentialAction":[{"@type":"ReadAction","target":["https:\/\/ccaphotos.ovh\/index.php\/emprises\/"]}]},{"@type":"BreadcrumbList","@id":"https:\/\/ccaphotos.ovh\/index.php\/emprises\/#breadcrumb","itemListElement":[{"@type":"ListItem","position":1,"name":"Accueil","item":"https:\/\/ccaphotos.ovh\/"},{"@type":"ListItem","position":2,"name":"EMPRISES"}]}]}},"_links":{"self":[{"href":"https:\/\/ccaphotos.ovh\/index.php\/wp-json\/wp\/v2\/pages\/2367"}],"collection":[{"href":"https:\/\/ccaphotos.ovh\/index.php\/wp-json\/wp\/v2\/pages"}],"about":[{"href":"https:\/\/ccaphotos.ovh\/index.php\/wp-json\/wp\/v2\/types\/page"}],"author":[{"embeddable":true,"href":"https:\/\/ccaphotos.ovh\/index.php\/wp-json\/wp\/v2\/users\/1"}],"replies":[{"embeddable":true,"href":"https:\/\/ccaphotos.ovh\/index.php\/wp-json\/wp\/v2\/comments?post=2367"}],"version-history":[{"count":63,"href":"https:\/\/ccaphotos.ovh\/index.php\/wp-json\/wp\/v2\/pages\/2367\/revisions"}],"predecessor-version":[{"id":3284,"href":"https:\/\/ccaphotos.ovh\/index.php\/wp-json\/wp\/v2\/pages\/2367\/revisions\/3284"}],"wp:attachment":[{"href":"https:\/\/ccaphotos.ovh\/index.php\/wp-json\/wp\/v2\/media?parent=2367"}],"curies":[{"name":"wp","href":"https:\/\/api.w.org\/{rel}","templated":true}]}}