{"id":2520,"date":"2020-03-14T17:26:23","date_gmt":"2020-03-14T16:26:23","guid":{"rendered":"http:\/\/ccaphotos.ovh\/?page_id=2520"},"modified":"2023-06-07T15:11:09","modified_gmt":"2023-06-07T13:11:09","slug":"lor-quelle-trouve","status":"publish","type":"page","link":"https:\/\/ccaphotos.ovh\/index.php\/lor-quelle-trouve\/","title":{"rendered":"L&rsquo;OR QU&rsquo;ELLE TROUVE"},"content":{"rendered":"<p>Elle fut son \u00e9l\u00e8ve et son amante. Il la reconnut comme son \u00e9gale dans l&rsquo;art de la statuaire.<\/p>\n<p>Mais on \u00e9tait au tournant du XIX<sup>\u00e8me<\/sup> et du XX<sup>\u00e8me<\/sup> si\u00e8cles et les temps \u00e9taient durs<\/p>\n<p>pour les femmes artistes qui voulaient exister par elles-m\u00eames.<\/p>\n<p>&nbsp;<\/p>\n\n<p>&nbsp;<\/p>\n<p><em>\u00ab\u00a0Je lui ai montr\u00e9 o\u00f9 elle trouverait de l&rsquo;or, mais l&rsquo;or qu&rsquo;elle trouve est bien \u00e0 elle\u00a0\u00bb<\/em>, disait Auguste Rodin de Camille Claudel.<\/p>\n<p>&nbsp;<\/p>\n<p><em>Photographies de sculptures de Camille par Auguste, et inversement &#8211; prises au <\/em><em>Mus\u00e9e Camille Claudel de Nogent sur Seine et au Mus\u00e9e des Beaux-Arts de Dijon<\/em><\/p>\n<p><em>(expos\u00e9es en janvier &#8211; f\u00e9vrier 2020 <\/em><em>\u00e0 Quetigny, dans le cadre de <\/em><em>l&rsquo;exposition collective \u00ab\u00a0Sur les traces de &#8230;\u00a0\u00bb de la section photo <\/em><em>du Centre social La Passerelle)<\/em><\/p>\n","protected":false},"excerpt":{"rendered":"<p>Elle fut son \u00e9l\u00e8ve et son amante. Il la reconnut comme son \u00e9gale dans l&rsquo;art de la statuaire. Mais on \u00e9tait au tournant du XIX\u00e8me et du XX\u00e8me si\u00e8cles et les temps \u00e9taient durs pour les femmes artistes qui voulaient exister par elles-m\u00eames. &nbsp; &nbsp; \u00ab\u00a0Je lui ai montr\u00e9 o\u00f9 elle trouverait de l&rsquo;or, mais [&hellip;]<\/p>\n","protected":false},"author":1,"featured_media":0,"parent":0,"menu_order":0,"comment_status":"closed","ping_status":"closed","template":"","meta":[],"yoast_head":"<!-- This site is optimized with the Yoast SEO plugin v18.3 - https:\/\/yoast.com\/wordpress\/plugins\/seo\/ -->\n<title>L&#039;OR QU&#039;ELLE TROUVE -<\/title>\n<meta name=\"robots\" content=\"index, follow, max-snippet:-1, max-image-preview:large, max-video-preview:-1\" \/>\n<link rel=\"canonical\" href=\"https:\/\/ccaphotos.ovh\/index.php\/lor-quelle-trouve\/\" \/>\n<meta property=\"og:locale\" content=\"fr_FR\" \/>\n<meta property=\"og:type\" content=\"article\" \/>\n<meta property=\"og:title\" content=\"L&#039;OR QU&#039;ELLE TROUVE -\" \/>\n<meta property=\"og:description\" content=\"Elle fut son \u00e9l\u00e8ve et son amante. Il la reconnut comme son \u00e9gale dans l&rsquo;art de la statuaire. Mais on \u00e9tait au tournant du XIX\u00e8me et du XX\u00e8me si\u00e8cles et les temps \u00e9taient durs pour les femmes artistes qui voulaient exister par elles-m\u00eames. &nbsp; &nbsp; \u00ab\u00a0Je lui ai montr\u00e9 o\u00f9 elle trouverait de l&rsquo;or, mais [&hellip;]\" \/>\n<meta property=\"og:url\" content=\"https:\/\/ccaphotos.ovh\/index.php\/lor-quelle-trouve\/\" \/>\n<meta property=\"article:modified_time\" content=\"2023-06-07T13:11:09+00:00\" \/>\n<meta name=\"twitter:card\" content=\"summary_large_image\" \/>\n<meta name=\"twitter:label1\" content=\"Dur\u00e9e de lecture estim\u00e9e\" \/>\n\t<meta name=\"twitter:data1\" content=\"1 minute\" \/>\n<script type=\"application\/ld+json\" class=\"yoast-schema-graph\">{\"@context\":\"https:\/\/schema.org\",\"@graph\":[{\"@type\":[\"Person\",\"Organization\"],\"@id\":\"https:\/\/ccaphotos.ovh\/#\/schema\/person\/6a8bab212e1264864a1223d4b6d9fbcd\",\"name\":\"ClaireChatonAubey\",\"image\":{\"@type\":\"ImageObject\",\"@id\":\"https:\/\/ccaphotos.ovh\/#personlogo\",\"inLanguage\":\"fr-FR\",\"url\":\"https:\/\/secure.gravatar.com\/avatar\/d252b93fa90e99cd7255d4d68af882e2?s=96&d=mm&r=g\",\"contentUrl\":\"https:\/\/secure.gravatar.com\/avatar\/d252b93fa90e99cd7255d4d68af882e2?s=96&d=mm&r=g\",\"caption\":\"ClaireChatonAubey\"},\"logo\":{\"@id\":\"https:\/\/ccaphotos.ovh\/#personlogo\"}},{\"@type\":\"WebSite\",\"@id\":\"https:\/\/ccaphotos.ovh\/#website\",\"url\":\"https:\/\/ccaphotos.ovh\/\",\"name\":\"\",\"description\":\"\",\"publisher\":{\"@id\":\"https:\/\/ccaphotos.ovh\/#\/schema\/person\/6a8bab212e1264864a1223d4b6d9fbcd\"},\"potentialAction\":[{\"@type\":\"SearchAction\",\"target\":{\"@type\":\"EntryPoint\",\"urlTemplate\":\"https:\/\/ccaphotos.ovh\/?s={search_term_string}\"},\"query-input\":\"required name=search_term_string\"}],\"inLanguage\":\"fr-FR\"},{\"@type\":\"WebPage\",\"@id\":\"https:\/\/ccaphotos.ovh\/index.php\/lor-quelle-trouve\/#webpage\",\"url\":\"https:\/\/ccaphotos.ovh\/index.php\/lor-quelle-trouve\/\",\"name\":\"L'OR QU'ELLE TROUVE -\",\"isPartOf\":{\"@id\":\"https:\/\/ccaphotos.ovh\/#website\"},\"datePublished\":\"2020-03-14T16:26:23+00:00\",\"dateModified\":\"2023-06-07T13:11:09+00:00\",\"breadcrumb\":{\"@id\":\"https:\/\/ccaphotos.ovh\/index.php\/lor-quelle-trouve\/#breadcrumb\"},\"inLanguage\":\"fr-FR\",\"potentialAction\":[{\"@type\":\"ReadAction\",\"target\":[\"https:\/\/ccaphotos.ovh\/index.php\/lor-quelle-trouve\/\"]}]},{\"@type\":\"BreadcrumbList\",\"@id\":\"https:\/\/ccaphotos.ovh\/index.php\/lor-quelle-trouve\/#breadcrumb\",\"itemListElement\":[{\"@type\":\"ListItem\",\"position\":1,\"name\":\"Accueil\",\"item\":\"https:\/\/ccaphotos.ovh\/\"},{\"@type\":\"ListItem\",\"position\":2,\"name\":\"L&rsquo;OR QU&rsquo;ELLE TROUVE\"}]}]}<\/script>\n<!-- \/ Yoast SEO plugin. -->","yoast_head_json":{"title":"L'OR QU'ELLE TROUVE -","robots":{"index":"index","follow":"follow","max-snippet":"max-snippet:-1","max-image-preview":"max-image-preview:large","max-video-preview":"max-video-preview:-1"},"canonical":"https:\/\/ccaphotos.ovh\/index.php\/lor-quelle-trouve\/","og_locale":"fr_FR","og_type":"article","og_title":"L'OR QU'ELLE TROUVE -","og_description":"Elle fut son \u00e9l\u00e8ve et son amante. Il la reconnut comme son \u00e9gale dans l&rsquo;art de la statuaire. Mais on \u00e9tait au tournant du XIX\u00e8me et du XX\u00e8me si\u00e8cles et les temps \u00e9taient durs pour les femmes artistes qui voulaient exister par elles-m\u00eames. &nbsp; &nbsp; \u00ab\u00a0Je lui ai montr\u00e9 o\u00f9 elle trouverait de l&rsquo;or, mais [&hellip;]","og_url":"https:\/\/ccaphotos.ovh\/index.php\/lor-quelle-trouve\/","article_modified_time":"2023-06-07T13:11:09+00:00","twitter_card":"summary_large_image","twitter_misc":{"Dur\u00e9e de lecture estim\u00e9e":"1 minute"},"schema":{"@context":"https:\/\/schema.org","@graph":[{"@type":["Person","Organization"],"@id":"https:\/\/ccaphotos.ovh\/#\/schema\/person\/6a8bab212e1264864a1223d4b6d9fbcd","name":"ClaireChatonAubey","image":{"@type":"ImageObject","@id":"https:\/\/ccaphotos.ovh\/#personlogo","inLanguage":"fr-FR","url":"https:\/\/secure.gravatar.com\/avatar\/d252b93fa90e99cd7255d4d68af882e2?s=96&d=mm&r=g","contentUrl":"https:\/\/secure.gravatar.com\/avatar\/d252b93fa90e99cd7255d4d68af882e2?s=96&d=mm&r=g","caption":"ClaireChatonAubey"},"logo":{"@id":"https:\/\/ccaphotos.ovh\/#personlogo"}},{"@type":"WebSite","@id":"https:\/\/ccaphotos.ovh\/#website","url":"https:\/\/ccaphotos.ovh\/","name":"","description":"","publisher":{"@id":"https:\/\/ccaphotos.ovh\/#\/schema\/person\/6a8bab212e1264864a1223d4b6d9fbcd"},"potentialAction":[{"@type":"SearchAction","target":{"@type":"EntryPoint","urlTemplate":"https:\/\/ccaphotos.ovh\/?s={search_term_string}"},"query-input":"required name=search_term_string"}],"inLanguage":"fr-FR"},{"@type":"WebPage","@id":"https:\/\/ccaphotos.ovh\/index.php\/lor-quelle-trouve\/#webpage","url":"https:\/\/ccaphotos.ovh\/index.php\/lor-quelle-trouve\/","name":"L'OR QU'ELLE TROUVE -","isPartOf":{"@id":"https:\/\/ccaphotos.ovh\/#website"},"datePublished":"2020-03-14T16:26:23+00:00","dateModified":"2023-06-07T13:11:09+00:00","breadcrumb":{"@id":"https:\/\/ccaphotos.ovh\/index.php\/lor-quelle-trouve\/#breadcrumb"},"inLanguage":"fr-FR","potentialAction":[{"@type":"ReadAction","target":["https:\/\/ccaphotos.ovh\/index.php\/lor-quelle-trouve\/"]}]},{"@type":"BreadcrumbList","@id":"https:\/\/ccaphotos.ovh\/index.php\/lor-quelle-trouve\/#breadcrumb","itemListElement":[{"@type":"ListItem","position":1,"name":"Accueil","item":"https:\/\/ccaphotos.ovh\/"},{"@type":"ListItem","position":2,"name":"L&rsquo;OR QU&rsquo;ELLE TROUVE"}]}]}},"_links":{"self":[{"href":"https:\/\/ccaphotos.ovh\/index.php\/wp-json\/wp\/v2\/pages\/2520"}],"collection":[{"href":"https:\/\/ccaphotos.ovh\/index.php\/wp-json\/wp\/v2\/pages"}],"about":[{"href":"https:\/\/ccaphotos.ovh\/index.php\/wp-json\/wp\/v2\/types\/page"}],"author":[{"embeddable":true,"href":"https:\/\/ccaphotos.ovh\/index.php\/wp-json\/wp\/v2\/users\/1"}],"replies":[{"embeddable":true,"href":"https:\/\/ccaphotos.ovh\/index.php\/wp-json\/wp\/v2\/comments?post=2520"}],"version-history":[{"count":8,"href":"https:\/\/ccaphotos.ovh\/index.php\/wp-json\/wp\/v2\/pages\/2520\/revisions"}],"predecessor-version":[{"id":4053,"href":"https:\/\/ccaphotos.ovh\/index.php\/wp-json\/wp\/v2\/pages\/2520\/revisions\/4053"}],"wp:attachment":[{"href":"https:\/\/ccaphotos.ovh\/index.php\/wp-json\/wp\/v2\/media?parent=2520"}],"curies":[{"name":"wp","href":"https:\/\/api.w.org\/{rel}","templated":true}]}}