{"id":2631,"date":"2020-05-16T18:50:25","date_gmt":"2020-05-16T16:50:25","guid":{"rendered":"http:\/\/ccaphotos.ovh\/?page_id=2631"},"modified":"2023-07-30T19:05:40","modified_gmt":"2023-07-30T17:05:40","slug":"le-monde-dapres","status":"publish","type":"page","link":"https:\/\/ccaphotos.ovh\/index.php\/le-monde-dapres\/","title":{"rendered":"LE MONDE D&rsquo;APR\u00c8S"},"content":{"rendered":"<div style=\"text-align: justify;\">\n<p>Quand la chose aura disparu derri\u00e8re l&rsquo;horizon, <em>\u00ab Il nous faudra demain \u2026\/\u2026 interroger le mod\u00e8le de d\u00e9veloppement dans lequel s\u2019est engag\u00e9 notre monde depuis des d\u00e9cennies \u00bb, <\/em>dit la parole jupit\u00e9rienne.<\/p>\n<p>On se prend alors \u00e0 r\u00eaver \u00e0 de possibles victimes collat\u00e9rales du virus : le tourisme de masse, la r\u00e9forme des retraites, la langue de bois, les paquebots de croisi\u00e8re, l\u2019orthodoxie budg\u00e9taire, les canons \u00e0 neige, la casse des services publics, l\u2019agribashing, la tyrannie de la V\u00e9rit\u00e9, les Center Parcs, les fleurs en plastique, les comit\u00e9s d\u2019experts, les fraises en hiver \u2026<\/p>\n<p>Apr\u00e8s le d\u00e9confinement il faudra aussi pr\u00e9voir une d\u00e9mobilisation culturelle.<\/p>\n<\/div>\n<div><em>mai 2020<\/em><\/div>\n<div><\/div>\n<div><\/div>\n<div class=\"n2-has-copy n2-code n2-ss-slider-shortcode-id\"><\/div>\n<div><\/div>\n<div>\n<p><em>Montages r\u00e9alis\u00e9s \u00e0 partir de photos choisies dans ma phototh\u00e8que personnelle et de clich\u00e9s du virus SARS-CoV-2 t\u00e9l\u00e9charg\u00e9s sur internet.<\/em><\/p>\n<\/div>\n<div><em>\u00a0<\/em><\/div>\n","protected":false},"excerpt":{"rendered":"<p>Quand la chose aura disparu derri\u00e8re l&rsquo;horizon, \u00ab Il nous faudra demain \u2026\/\u2026 interroger le mod\u00e8le de d\u00e9veloppement dans lequel s\u2019est engag\u00e9 notre monde depuis des d\u00e9cennies \u00bb, dit la parole jupit\u00e9rienne. On se prend alors \u00e0 r\u00eaver \u00e0 de possibles victimes collat\u00e9rales du virus : le tourisme de masse, la r\u00e9forme des retraites, la [&hellip;]<\/p>\n","protected":false},"author":1,"featured_media":0,"parent":0,"menu_order":0,"comment_status":"closed","ping_status":"closed","template":"","meta":[],"yoast_head":"<!-- This site is optimized with the Yoast SEO plugin v18.3 - https:\/\/yoast.com\/wordpress\/plugins\/seo\/ -->\n<title>LE MONDE D&#039;APR\u00c8S -<\/title>\n<meta name=\"robots\" content=\"index, follow, max-snippet:-1, max-image-preview:large, max-video-preview:-1\" \/>\n<link rel=\"canonical\" href=\"https:\/\/ccaphotos.ovh\/index.php\/le-monde-dapres\/\" \/>\n<meta property=\"og:locale\" content=\"fr_FR\" \/>\n<meta property=\"og:type\" content=\"article\" \/>\n<meta property=\"og:title\" content=\"LE MONDE D&#039;APR\u00c8S -\" \/>\n<meta property=\"og:description\" content=\"Quand la chose aura disparu derri\u00e8re l&rsquo;horizon, \u00ab Il nous faudra demain \u2026\/\u2026 interroger le mod\u00e8le de d\u00e9veloppement dans lequel s\u2019est engag\u00e9 notre monde depuis des d\u00e9cennies \u00bb, dit la parole jupit\u00e9rienne. On se prend alors \u00e0 r\u00eaver \u00e0 de possibles victimes collat\u00e9rales du virus : le tourisme de masse, la r\u00e9forme des retraites, la [&hellip;]\" \/>\n<meta property=\"og:url\" content=\"https:\/\/ccaphotos.ovh\/index.php\/le-monde-dapres\/\" \/>\n<meta property=\"article:modified_time\" content=\"2023-07-30T17:05:40+00:00\" \/>\n<meta name=\"twitter:card\" content=\"summary_large_image\" \/>\n<meta name=\"twitter:label1\" content=\"Dur\u00e9e de lecture estim\u00e9e\" \/>\n\t<meta name=\"twitter:data1\" content=\"1 minute\" \/>\n<script type=\"application\/ld+json\" class=\"yoast-schema-graph\">{\"@context\":\"https:\/\/schema.org\",\"@graph\":[{\"@type\":[\"Person\",\"Organization\"],\"@id\":\"https:\/\/ccaphotos.ovh\/#\/schema\/person\/6a8bab212e1264864a1223d4b6d9fbcd\",\"name\":\"ClaireChatonAubey\",\"image\":{\"@type\":\"ImageObject\",\"@id\":\"https:\/\/ccaphotos.ovh\/#personlogo\",\"inLanguage\":\"fr-FR\",\"url\":\"https:\/\/secure.gravatar.com\/avatar\/d252b93fa90e99cd7255d4d68af882e2?s=96&d=mm&r=g\",\"contentUrl\":\"https:\/\/secure.gravatar.com\/avatar\/d252b93fa90e99cd7255d4d68af882e2?s=96&d=mm&r=g\",\"caption\":\"ClaireChatonAubey\"},\"logo\":{\"@id\":\"https:\/\/ccaphotos.ovh\/#personlogo\"}},{\"@type\":\"WebSite\",\"@id\":\"https:\/\/ccaphotos.ovh\/#website\",\"url\":\"https:\/\/ccaphotos.ovh\/\",\"name\":\"\",\"description\":\"\",\"publisher\":{\"@id\":\"https:\/\/ccaphotos.ovh\/#\/schema\/person\/6a8bab212e1264864a1223d4b6d9fbcd\"},\"potentialAction\":[{\"@type\":\"SearchAction\",\"target\":{\"@type\":\"EntryPoint\",\"urlTemplate\":\"https:\/\/ccaphotos.ovh\/?s={search_term_string}\"},\"query-input\":\"required name=search_term_string\"}],\"inLanguage\":\"fr-FR\"},{\"@type\":\"WebPage\",\"@id\":\"https:\/\/ccaphotos.ovh\/index.php\/le-monde-dapres\/#webpage\",\"url\":\"https:\/\/ccaphotos.ovh\/index.php\/le-monde-dapres\/\",\"name\":\"LE MONDE D'APR\u00c8S -\",\"isPartOf\":{\"@id\":\"https:\/\/ccaphotos.ovh\/#website\"},\"datePublished\":\"2020-05-16T16:50:25+00:00\",\"dateModified\":\"2023-07-30T17:05:40+00:00\",\"breadcrumb\":{\"@id\":\"https:\/\/ccaphotos.ovh\/index.php\/le-monde-dapres\/#breadcrumb\"},\"inLanguage\":\"fr-FR\",\"potentialAction\":[{\"@type\":\"ReadAction\",\"target\":[\"https:\/\/ccaphotos.ovh\/index.php\/le-monde-dapres\/\"]}]},{\"@type\":\"BreadcrumbList\",\"@id\":\"https:\/\/ccaphotos.ovh\/index.php\/le-monde-dapres\/#breadcrumb\",\"itemListElement\":[{\"@type\":\"ListItem\",\"position\":1,\"name\":\"Accueil\",\"item\":\"https:\/\/ccaphotos.ovh\/\"},{\"@type\":\"ListItem\",\"position\":2,\"name\":\"LE MONDE D&rsquo;APR\u00c8S\"}]}]}<\/script>\n<!-- \/ Yoast SEO plugin. -->","yoast_head_json":{"title":"LE MONDE D'APR\u00c8S -","robots":{"index":"index","follow":"follow","max-snippet":"max-snippet:-1","max-image-preview":"max-image-preview:large","max-video-preview":"max-video-preview:-1"},"canonical":"https:\/\/ccaphotos.ovh\/index.php\/le-monde-dapres\/","og_locale":"fr_FR","og_type":"article","og_title":"LE MONDE D'APR\u00c8S -","og_description":"Quand la chose aura disparu derri\u00e8re l&rsquo;horizon, \u00ab Il nous faudra demain \u2026\/\u2026 interroger le mod\u00e8le de d\u00e9veloppement dans lequel s\u2019est engag\u00e9 notre monde depuis des d\u00e9cennies \u00bb, dit la parole jupit\u00e9rienne. On se prend alors \u00e0 r\u00eaver \u00e0 de possibles victimes collat\u00e9rales du virus : le tourisme de masse, la r\u00e9forme des retraites, la [&hellip;]","og_url":"https:\/\/ccaphotos.ovh\/index.php\/le-monde-dapres\/","article_modified_time":"2023-07-30T17:05:40+00:00","twitter_card":"summary_large_image","twitter_misc":{"Dur\u00e9e de lecture estim\u00e9e":"1 minute"},"schema":{"@context":"https:\/\/schema.org","@graph":[{"@type":["Person","Organization"],"@id":"https:\/\/ccaphotos.ovh\/#\/schema\/person\/6a8bab212e1264864a1223d4b6d9fbcd","name":"ClaireChatonAubey","image":{"@type":"ImageObject","@id":"https:\/\/ccaphotos.ovh\/#personlogo","inLanguage":"fr-FR","url":"https:\/\/secure.gravatar.com\/avatar\/d252b93fa90e99cd7255d4d68af882e2?s=96&d=mm&r=g","contentUrl":"https:\/\/secure.gravatar.com\/avatar\/d252b93fa90e99cd7255d4d68af882e2?s=96&d=mm&r=g","caption":"ClaireChatonAubey"},"logo":{"@id":"https:\/\/ccaphotos.ovh\/#personlogo"}},{"@type":"WebSite","@id":"https:\/\/ccaphotos.ovh\/#website","url":"https:\/\/ccaphotos.ovh\/","name":"","description":"","publisher":{"@id":"https:\/\/ccaphotos.ovh\/#\/schema\/person\/6a8bab212e1264864a1223d4b6d9fbcd"},"potentialAction":[{"@type":"SearchAction","target":{"@type":"EntryPoint","urlTemplate":"https:\/\/ccaphotos.ovh\/?s={search_term_string}"},"query-input":"required name=search_term_string"}],"inLanguage":"fr-FR"},{"@type":"WebPage","@id":"https:\/\/ccaphotos.ovh\/index.php\/le-monde-dapres\/#webpage","url":"https:\/\/ccaphotos.ovh\/index.php\/le-monde-dapres\/","name":"LE MONDE D'APR\u00c8S -","isPartOf":{"@id":"https:\/\/ccaphotos.ovh\/#website"},"datePublished":"2020-05-16T16:50:25+00:00","dateModified":"2023-07-30T17:05:40+00:00","breadcrumb":{"@id":"https:\/\/ccaphotos.ovh\/index.php\/le-monde-dapres\/#breadcrumb"},"inLanguage":"fr-FR","potentialAction":[{"@type":"ReadAction","target":["https:\/\/ccaphotos.ovh\/index.php\/le-monde-dapres\/"]}]},{"@type":"BreadcrumbList","@id":"https:\/\/ccaphotos.ovh\/index.php\/le-monde-dapres\/#breadcrumb","itemListElement":[{"@type":"ListItem","position":1,"name":"Accueil","item":"https:\/\/ccaphotos.ovh\/"},{"@type":"ListItem","position":2,"name":"LE MONDE D&rsquo;APR\u00c8S"}]}]}},"_links":{"self":[{"href":"https:\/\/ccaphotos.ovh\/index.php\/wp-json\/wp\/v2\/pages\/2631"}],"collection":[{"href":"https:\/\/ccaphotos.ovh\/index.php\/wp-json\/wp\/v2\/pages"}],"about":[{"href":"https:\/\/ccaphotos.ovh\/index.php\/wp-json\/wp\/v2\/types\/page"}],"author":[{"embeddable":true,"href":"https:\/\/ccaphotos.ovh\/index.php\/wp-json\/wp\/v2\/users\/1"}],"replies":[{"embeddable":true,"href":"https:\/\/ccaphotos.ovh\/index.php\/wp-json\/wp\/v2\/comments?post=2631"}],"version-history":[{"count":13,"href":"https:\/\/ccaphotos.ovh\/index.php\/wp-json\/wp\/v2\/pages\/2631\/revisions"}],"predecessor-version":[{"id":4070,"href":"https:\/\/ccaphotos.ovh\/index.php\/wp-json\/wp\/v2\/pages\/2631\/revisions\/4070"}],"wp:attachment":[{"href":"https:\/\/ccaphotos.ovh\/index.php\/wp-json\/wp\/v2\/media?parent=2631"}],"curies":[{"name":"wp","href":"https:\/\/api.w.org\/{rel}","templated":true}]}}