{"id":2777,"date":"2020-07-15T16:06:03","date_gmt":"2020-07-15T14:06:03","guid":{"rendered":"http:\/\/ccaphotos.ovh\/?page_id=2777"},"modified":"2026-02-18T18:30:24","modified_gmt":"2026-02-18T17:30:24","slug":"recits","status":"publish","type":"page","link":"https:\/\/ccaphotos.ovh\/index.php\/recits\/","title":{"rendered":"R\u00e9cits et fictions"},"content":{"rendered":"<p>&nbsp;<\/p>\n<table style=\"height: 727px;\" width=\"916\">\n<tbody>\n<tr>\n<th style=\"text-align: center;\"><a href=\"https:\/\/ccaphotos.ovh\/index.php\/apprivoiser-lincertain\/\"><img loading=\"lazy\" class=\"aligncenter size-large wp-image-3890\" src=\"http:\/\/ccaphotos.ovh\/wp-content\/uploads\/2022\/12\/grille_05_SITE-1024x683.jpg\" alt=\"\" width=\"290\" height=\"193\" srcset=\"https:\/\/ccaphotos.ovh\/wp-content\/uploads\/2022\/12\/grille_05_SITE-1024x683.jpg 1024w, https:\/\/ccaphotos.ovh\/wp-content\/uploads\/2022\/12\/grille_05_SITE-300x200.jpg 300w, https:\/\/ccaphotos.ovh\/wp-content\/uploads\/2022\/12\/grille_05_SITE-768x512.jpg 768w, https:\/\/ccaphotos.ovh\/wp-content\/uploads\/2022\/12\/grille_05_SITE-1536x1024.jpg 1536w, https:\/\/ccaphotos.ovh\/wp-content\/uploads\/2022\/12\/grille_05_SITE-2048x1365.jpg 2048w, https:\/\/ccaphotos.ovh\/wp-content\/uploads\/2022\/12\/grille_05_SITE-600x400.jpg 600w, https:\/\/ccaphotos.ovh\/wp-content\/uploads\/2022\/12\/grille_05_SITE-1320x880.jpg 1320w\" sizes=\"(max-width: 290px) 100vw, 290px\" \/><\/a><\/th>\n<th style=\"text-align: center;\"><a href=\"http:\/\/ccaphotos.ovh\/index.php\/lor-quelle-trouve\/\"><img loading=\"lazy\" class=\"wp-image-2526 aligncenter\" src=\"http:\/\/ccaphotos.ovh\/wp-content\/uploads\/2020\/03\/mus\u00e9e-CCLAUDEL-Nogent-sur-Seine_05ter_bis-1024x683.jpg\" alt=\"\" width=\"290\" height=\"193\" \/><\/a><\/th>\n<th style=\"text-align: center;\"><a href=\"https:\/\/ccaphotos.ovh\/index.php\/fragments-dhistoires\/\"><img loading=\"lazy\" class=\"aligncenter wp-image-3807\" src=\"http:\/\/ccaphotos.ovh\/wp-content\/uploads\/2022\/04\/FRAGMENTS_vignette_SITE-1024x684.jpg\" alt=\"\" width=\"290\" height=\"193\" srcset=\"https:\/\/ccaphotos.ovh\/wp-content\/uploads\/2022\/04\/FRAGMENTS_vignette_SITE-1024x684.jpg 1024w, https:\/\/ccaphotos.ovh\/wp-content\/uploads\/2022\/04\/FRAGMENTS_vignette_SITE-300x200.jpg 300w, https:\/\/ccaphotos.ovh\/wp-content\/uploads\/2022\/04\/FRAGMENTS_vignette_SITE-768x513.jpg 768w, https:\/\/ccaphotos.ovh\/wp-content\/uploads\/2022\/04\/FRAGMENTS_vignette_SITE-1536x1026.jpg 1536w, https:\/\/ccaphotos.ovh\/wp-content\/uploads\/2022\/04\/FRAGMENTS_vignette_SITE-600x401.jpg 600w, https:\/\/ccaphotos.ovh\/wp-content\/uploads\/2022\/04\/FRAGMENTS_vignette_SITE-1320x882.jpg 1320w, https:\/\/ccaphotos.ovh\/wp-content\/uploads\/2022\/04\/FRAGMENTS_vignette_SITE.jpg 2000w\" sizes=\"(max-width: 290px) 100vw, 290px\" \/><\/a><\/th>\n<\/tr>\n<tr>\n<td style=\"text-align: center;\"><a href=\"https:\/\/ccaphotos.ovh\/index.php\/apprivoiser-lincertain\/\">APPRIVOISER L&rsquo;INCERTAIN<\/a><\/td>\n<td style=\"text-align: center;\"><a href=\"http:\/\/ccaphotos.ovh\/index.php\/lor-quelle-trouve\/\">L&rsquo;OR QU&rsquo;ELLE TROUVE<\/a><\/td>\n<td style=\"text-align: center;\"><a href=\"https:\/\/ccaphotos.ovh\/index.php\/fragments-dhistoires\/\">FRAGMENTS D&rsquo;HISTOIRES<\/a><\/td>\n<\/tr>\n<tr>\n<th style=\"text-align: center;\"><a href=\"http:\/\/ccaphotos.ovh\/index.php\/une-facade-pour-memoire\/\"><img loading=\"lazy\" class=\"aligncenter wp-image-3377\" src=\"http:\/\/ccaphotos.ovh\/wp-content\/uploads\/2021\/06\/image_TERROT_bouton_video-1-1024x684.jpg\" alt=\"\" width=\"290\" height=\"193\" \/><\/a><\/th>\n<th style=\"text-align: center;\"><a href=\"https:\/\/ccaphotos.ovh\/index.php\/couvre-feu\/\"><img loading=\"lazy\" class=\"aligncenter wp-image-3148\" src=\"http:\/\/ccaphotos.ovh\/wp-content\/uploads\/2021\/03\/image_presentation_avec_titre_icone_SITE-1024x682.jpg\" alt=\"\" width=\"290\" height=\"193\" \/><\/a><\/th>\n<th style=\"text-align: center;\"><a href=\"http:\/\/ccaphotos.ovh\/index.php\/adieu-2020\/\"><img loading=\"lazy\" class=\"aligncenter size-large wp-image-3152\" src=\"http:\/\/ccaphotos.ovh\/wp-content\/uploads\/2021\/03\/ICONE_VIDEO_adieu_2020_SITE-1024x682.jpg\" alt=\"\" width=\"290\" height=\"193\" srcset=\"https:\/\/ccaphotos.ovh\/wp-content\/uploads\/2021\/03\/ICONE_VIDEO_adieu_2020_SITE-1024x682.jpg 1024w, https:\/\/ccaphotos.ovh\/wp-content\/uploads\/2021\/03\/ICONE_VIDEO_adieu_2020_SITE-300x200.jpg 300w, https:\/\/ccaphotos.ovh\/wp-content\/uploads\/2021\/03\/ICONE_VIDEO_adieu_2020_SITE-768x512.jpg 768w, https:\/\/ccaphotos.ovh\/wp-content\/uploads\/2021\/03\/ICONE_VIDEO_adieu_2020_SITE-600x400.jpg 600w, https:\/\/ccaphotos.ovh\/wp-content\/uploads\/2021\/03\/ICONE_VIDEO_adieu_2020_SITE-1320x880.jpg 1320w, https:\/\/ccaphotos.ovh\/wp-content\/uploads\/2021\/03\/ICONE_VIDEO_adieu_2020_SITE.jpg 2000w\" sizes=\"(max-width: 290px) 100vw, 290px\" \/><\/a><\/th>\n<\/tr>\n<tr>\n<td style=\"text-align: center;\"><a href=\"http:\/\/ccaphotos.ovh\/index.php\/une-facade-pour-memoire\/\">UNE FA\u00c7ADE POUR M\u00c9MOIRE<\/a><\/td>\n<td style=\"text-align: center;\"><a href=\"https:\/\/ccaphotos.ovh\/index.php\/couvre-feu\/\">D\u00c9AMBULATION PHOTOGRAPHIQUE<\/a><\/td>\n<td style=\"text-align: center;\"><a href=\"http:\/\/ccaphotos.ovh\/index.php\/adieu-2020\/\">ADIEU 2020<\/a><\/td>\n<\/tr>\n<tr>\n<th><a href=\"http:\/\/ccaphotos.ovh\/index.php\/la-piscine\/\"><img loading=\"lazy\" class=\"wp-image-2836 aligncenter\" src=\"http:\/\/ccaphotos.ovh\/wp-content\/uploads\/2020\/07\/Lapiscine_vignette_V2-1024x682.jpg\" alt=\"\" width=\"288\" height=\"192\" srcset=\"https:\/\/ccaphotos.ovh\/wp-content\/uploads\/2020\/07\/Lapiscine_vignette_V2-1024x682.jpg 1024w, https:\/\/ccaphotos.ovh\/wp-content\/uploads\/2020\/07\/Lapiscine_vignette_V2-300x200.jpg 300w, https:\/\/ccaphotos.ovh\/wp-content\/uploads\/2020\/07\/Lapiscine_vignette_V2-768x512.jpg 768w, https:\/\/ccaphotos.ovh\/wp-content\/uploads\/2020\/07\/Lapiscine_vignette_V2-600x400.jpg 600w, https:\/\/ccaphotos.ovh\/wp-content\/uploads\/2020\/07\/Lapiscine_vignette_V2-1320x880.jpg 1320w\" sizes=\"(max-width: 288px) 100vw, 288px\" \/><\/a><\/th>\n<th><a href=\"http:\/\/ccaphotos.ovh\/index.php\/arret-sur-image\/\"><img loading=\"lazy\" class=\"aligncenter wp-image-3700\" src=\"http:\/\/ccaphotos.ovh\/wp-content\/uploads\/2022\/02\/MOMENT-DE-SOLITUDE_essai2-1024x683.jpg\" alt=\"\" width=\"306\" height=\"204\" srcset=\"https:\/\/ccaphotos.ovh\/wp-content\/uploads\/2022\/02\/MOMENT-DE-SOLITUDE_essai2-1024x683.jpg 1024w, https:\/\/ccaphotos.ovh\/wp-content\/uploads\/2022\/02\/MOMENT-DE-SOLITUDE_essai2-300x200.jpg 300w, https:\/\/ccaphotos.ovh\/wp-content\/uploads\/2022\/02\/MOMENT-DE-SOLITUDE_essai2-768x512.jpg 768w, https:\/\/ccaphotos.ovh\/wp-content\/uploads\/2022\/02\/MOMENT-DE-SOLITUDE_essai2-600x400.jpg 600w, https:\/\/ccaphotos.ovh\/wp-content\/uploads\/2022\/02\/MOMENT-DE-SOLITUDE_essai2-1320x880.jpg 1320w, https:\/\/ccaphotos.ovh\/wp-content\/uploads\/2022\/02\/MOMENT-DE-SOLITUDE_essai2.jpg 1698w\" sizes=\"(max-width: 306px) 100vw, 306px\" \/><\/a><\/th>\n<th><a href=\"http:\/\/ccaphotos.ovh\/index.php\/le-costume-de-giacomo\/\"><img loading=\"lazy\" class=\" wp-image-1704 aligncenter\" src=\"http:\/\/ccaphotos.ovh\/wp-content\/uploads\/2019\/06\/CARNAVAL-V\u00c9NITIEN-\u00e9vocation_02-1024x683.jpg\" alt=\"\" width=\"290\" height=\"193\" \/><\/a><\/th>\n<\/tr>\n<tr>\n<td style=\"text-align: center;\"><a href=\"http:\/\/ccaphotos.ovh\/index.php\/la-piscine\/\">FICTION AUTOUR D&rsquo;UNE PHOTOGRAPHIE<\/a><\/td>\n<td style=\"text-align: center;\"><a href=\"http:\/\/ccaphotos.ovh\/index.php\/arret-sur-image\/\">ARR\u00caT SUR IMAGE<\/a><\/td>\n<td style=\"text-align: center;\"><a href=\"http:\/\/ccaphotos.ovh\/index.php\/le-costume-de-giacomo\/\">LE COSTUME DE GIACOMO<\/a><\/td>\n<\/tr>\n<tr>\n<th><\/th>\n<th><\/th>\n<th><\/th>\n<\/tr>\n<tr>\n<td>\n<p style=\"text-align: center;\">\n<\/td>\n<td style=\"text-align: center;\"><\/td>\n<td style=\"text-align: center;\"><\/td>\n<\/tr>\n<tr>\n<th><\/th>\n<th><\/th>\n<th><\/th>\n<\/tr>\n<tr>\n<td>\n<p style=\"text-align: center;\">\n<\/td>\n<td style=\"text-align: center;\"><\/td>\n<td style=\"text-align: center;\"><\/td>\n<\/tr>\n<\/tbody>\n<\/table>\n<p>&nbsp;<\/p>\n","protected":false},"excerpt":{"rendered":"<p>&nbsp; APPRIVOISER L&rsquo;INCERTAIN L&rsquo;OR QU&rsquo;ELLE TROUVE FRAGMENTS D&rsquo;HISTOIRES UNE FA\u00c7ADE POUR M\u00c9MOIRE D\u00c9AMBULATION PHOTOGRAPHIQUE ADIEU 2020 FICTION AUTOUR D&rsquo;UNE PHOTOGRAPHIE ARR\u00caT SUR IMAGE LE COSTUME DE GIACOMO &nbsp;<\/p>\n","protected":false},"author":1,"featured_media":0,"parent":0,"menu_order":0,"comment_status":"closed","ping_status":"closed","template":"","meta":[],"yoast_head":"<!-- This site is optimized with the Yoast SEO plugin v18.3 - https:\/\/yoast.com\/wordpress\/plugins\/seo\/ -->\n<title>R\u00e9cits et fictions -<\/title>\n<meta name=\"robots\" content=\"index, follow, max-snippet:-1, max-image-preview:large, max-video-preview:-1\" \/>\n<link rel=\"canonical\" href=\"https:\/\/ccaphotos.ovh\/index.php\/recits\/\" \/>\n<meta property=\"og:locale\" content=\"fr_FR\" \/>\n<meta property=\"og:type\" content=\"article\" \/>\n<meta property=\"og:title\" content=\"R\u00e9cits et fictions -\" \/>\n<meta property=\"og:description\" content=\"&nbsp; APPRIVOISER L&rsquo;INCERTAIN L&rsquo;OR QU&rsquo;ELLE TROUVE FRAGMENTS D&rsquo;HISTOIRES UNE FA\u00c7ADE POUR M\u00c9MOIRE D\u00c9AMBULATION PHOTOGRAPHIQUE ADIEU 2020 FICTION AUTOUR D&rsquo;UNE PHOTOGRAPHIE ARR\u00caT SUR IMAGE LE COSTUME DE GIACOMO &nbsp;\" \/>\n<meta property=\"og:url\" content=\"https:\/\/ccaphotos.ovh\/index.php\/recits\/\" \/>\n<meta property=\"article:modified_time\" content=\"2026-02-18T17:30:24+00:00\" \/>\n<meta property=\"og:image\" content=\"http:\/\/ccaphotos.ovh\/wp-content\/uploads\/2022\/12\/grille_05_SITE-1024x683.jpg\" \/>\n<meta name=\"twitter:card\" content=\"summary_large_image\" \/>\n<meta name=\"twitter:label1\" content=\"Dur\u00e9e de lecture estim\u00e9e\" \/>\n\t<meta name=\"twitter:data1\" content=\"2 minutes\" \/>\n<script type=\"application\/ld+json\" class=\"yoast-schema-graph\">{\"@context\":\"https:\/\/schema.org\",\"@graph\":[{\"@type\":[\"Person\",\"Organization\"],\"@id\":\"https:\/\/ccaphotos.ovh\/#\/schema\/person\/6a8bab212e1264864a1223d4b6d9fbcd\",\"name\":\"ClaireChatonAubey\",\"image\":{\"@type\":\"ImageObject\",\"@id\":\"https:\/\/ccaphotos.ovh\/#personlogo\",\"inLanguage\":\"fr-FR\",\"url\":\"https:\/\/secure.gravatar.com\/avatar\/d252b93fa90e99cd7255d4d68af882e2?s=96&d=mm&r=g\",\"contentUrl\":\"https:\/\/secure.gravatar.com\/avatar\/d252b93fa90e99cd7255d4d68af882e2?s=96&d=mm&r=g\",\"caption\":\"ClaireChatonAubey\"},\"logo\":{\"@id\":\"https:\/\/ccaphotos.ovh\/#personlogo\"}},{\"@type\":\"WebSite\",\"@id\":\"https:\/\/ccaphotos.ovh\/#website\",\"url\":\"https:\/\/ccaphotos.ovh\/\",\"name\":\"\",\"description\":\"\",\"publisher\":{\"@id\":\"https:\/\/ccaphotos.ovh\/#\/schema\/person\/6a8bab212e1264864a1223d4b6d9fbcd\"},\"potentialAction\":[{\"@type\":\"SearchAction\",\"target\":{\"@type\":\"EntryPoint\",\"urlTemplate\":\"https:\/\/ccaphotos.ovh\/?s={search_term_string}\"},\"query-input\":\"required name=search_term_string\"}],\"inLanguage\":\"fr-FR\"},{\"@type\":\"ImageObject\",\"@id\":\"https:\/\/ccaphotos.ovh\/index.php\/recits\/#primaryimage\",\"inLanguage\":\"fr-FR\",\"url\":\"http:\/\/ccaphotos.ovh\/wp-content\/uploads\/2022\/12\/grille_05_SITE-1024x683.jpg\",\"contentUrl\":\"http:\/\/ccaphotos.ovh\/wp-content\/uploads\/2022\/12\/grille_05_SITE-1024x683.jpg\"},{\"@type\":\"WebPage\",\"@id\":\"https:\/\/ccaphotos.ovh\/index.php\/recits\/#webpage\",\"url\":\"https:\/\/ccaphotos.ovh\/index.php\/recits\/\",\"name\":\"R\u00e9cits et fictions -\",\"isPartOf\":{\"@id\":\"https:\/\/ccaphotos.ovh\/#website\"},\"primaryImageOfPage\":{\"@id\":\"https:\/\/ccaphotos.ovh\/index.php\/recits\/#primaryimage\"},\"datePublished\":\"2020-07-15T14:06:03+00:00\",\"dateModified\":\"2026-02-18T17:30:24+00:00\",\"breadcrumb\":{\"@id\":\"https:\/\/ccaphotos.ovh\/index.php\/recits\/#breadcrumb\"},\"inLanguage\":\"fr-FR\",\"potentialAction\":[{\"@type\":\"ReadAction\",\"target\":[\"https:\/\/ccaphotos.ovh\/index.php\/recits\/\"]}]},{\"@type\":\"BreadcrumbList\",\"@id\":\"https:\/\/ccaphotos.ovh\/index.php\/recits\/#breadcrumb\",\"itemListElement\":[{\"@type\":\"ListItem\",\"position\":1,\"name\":\"Accueil\",\"item\":\"https:\/\/ccaphotos.ovh\/\"},{\"@type\":\"ListItem\",\"position\":2,\"name\":\"R\u00e9cits et fictions\"}]}]}<\/script>\n<!-- \/ Yoast SEO plugin. -->","yoast_head_json":{"title":"R\u00e9cits et fictions -","robots":{"index":"index","follow":"follow","max-snippet":"max-snippet:-1","max-image-preview":"max-image-preview:large","max-video-preview":"max-video-preview:-1"},"canonical":"https:\/\/ccaphotos.ovh\/index.php\/recits\/","og_locale":"fr_FR","og_type":"article","og_title":"R\u00e9cits et fictions -","og_description":"&nbsp; APPRIVOISER L&rsquo;INCERTAIN L&rsquo;OR QU&rsquo;ELLE TROUVE FRAGMENTS D&rsquo;HISTOIRES UNE FA\u00c7ADE POUR M\u00c9MOIRE D\u00c9AMBULATION PHOTOGRAPHIQUE ADIEU 2020 FICTION AUTOUR D&rsquo;UNE PHOTOGRAPHIE ARR\u00caT SUR IMAGE LE COSTUME DE GIACOMO &nbsp;","og_url":"https:\/\/ccaphotos.ovh\/index.php\/recits\/","article_modified_time":"2026-02-18T17:30:24+00:00","og_image":[{"url":"http:\/\/ccaphotos.ovh\/wp-content\/uploads\/2022\/12\/grille_05_SITE-1024x683.jpg"}],"twitter_card":"summary_large_image","twitter_misc":{"Dur\u00e9e de lecture estim\u00e9e":"2 minutes"},"schema":{"@context":"https:\/\/schema.org","@graph":[{"@type":["Person","Organization"],"@id":"https:\/\/ccaphotos.ovh\/#\/schema\/person\/6a8bab212e1264864a1223d4b6d9fbcd","name":"ClaireChatonAubey","image":{"@type":"ImageObject","@id":"https:\/\/ccaphotos.ovh\/#personlogo","inLanguage":"fr-FR","url":"https:\/\/secure.gravatar.com\/avatar\/d252b93fa90e99cd7255d4d68af882e2?s=96&d=mm&r=g","contentUrl":"https:\/\/secure.gravatar.com\/avatar\/d252b93fa90e99cd7255d4d68af882e2?s=96&d=mm&r=g","caption":"ClaireChatonAubey"},"logo":{"@id":"https:\/\/ccaphotos.ovh\/#personlogo"}},{"@type":"WebSite","@id":"https:\/\/ccaphotos.ovh\/#website","url":"https:\/\/ccaphotos.ovh\/","name":"","description":"","publisher":{"@id":"https:\/\/ccaphotos.ovh\/#\/schema\/person\/6a8bab212e1264864a1223d4b6d9fbcd"},"potentialAction":[{"@type":"SearchAction","target":{"@type":"EntryPoint","urlTemplate":"https:\/\/ccaphotos.ovh\/?s={search_term_string}"},"query-input":"required name=search_term_string"}],"inLanguage":"fr-FR"},{"@type":"ImageObject","@id":"https:\/\/ccaphotos.ovh\/index.php\/recits\/#primaryimage","inLanguage":"fr-FR","url":"http:\/\/ccaphotos.ovh\/wp-content\/uploads\/2022\/12\/grille_05_SITE-1024x683.jpg","contentUrl":"http:\/\/ccaphotos.ovh\/wp-content\/uploads\/2022\/12\/grille_05_SITE-1024x683.jpg"},{"@type":"WebPage","@id":"https:\/\/ccaphotos.ovh\/index.php\/recits\/#webpage","url":"https:\/\/ccaphotos.ovh\/index.php\/recits\/","name":"R\u00e9cits et fictions -","isPartOf":{"@id":"https:\/\/ccaphotos.ovh\/#website"},"primaryImageOfPage":{"@id":"https:\/\/ccaphotos.ovh\/index.php\/recits\/#primaryimage"},"datePublished":"2020-07-15T14:06:03+00:00","dateModified":"2026-02-18T17:30:24+00:00","breadcrumb":{"@id":"https:\/\/ccaphotos.ovh\/index.php\/recits\/#breadcrumb"},"inLanguage":"fr-FR","potentialAction":[{"@type":"ReadAction","target":["https:\/\/ccaphotos.ovh\/index.php\/recits\/"]}]},{"@type":"BreadcrumbList","@id":"https:\/\/ccaphotos.ovh\/index.php\/recits\/#breadcrumb","itemListElement":[{"@type":"ListItem","position":1,"name":"Accueil","item":"https:\/\/ccaphotos.ovh\/"},{"@type":"ListItem","position":2,"name":"R\u00e9cits et fictions"}]}]}},"_links":{"self":[{"href":"https:\/\/ccaphotos.ovh\/index.php\/wp-json\/wp\/v2\/pages\/2777"}],"collection":[{"href":"https:\/\/ccaphotos.ovh\/index.php\/wp-json\/wp\/v2\/pages"}],"about":[{"href":"https:\/\/ccaphotos.ovh\/index.php\/wp-json\/wp\/v2\/types\/page"}],"author":[{"embeddable":true,"href":"https:\/\/ccaphotos.ovh\/index.php\/wp-json\/wp\/v2\/users\/1"}],"replies":[{"embeddable":true,"href":"https:\/\/ccaphotos.ovh\/index.php\/wp-json\/wp\/v2\/comments?post=2777"}],"version-history":[{"count":127,"href":"https:\/\/ccaphotos.ovh\/index.php\/wp-json\/wp\/v2\/pages\/2777\/revisions"}],"predecessor-version":[{"id":4392,"href":"https:\/\/ccaphotos.ovh\/index.php\/wp-json\/wp\/v2\/pages\/2777\/revisions\/4392"}],"wp:attachment":[{"href":"https:\/\/ccaphotos.ovh\/index.php\/wp-json\/wp\/v2\/media?parent=2777"}],"curies":[{"name":"wp","href":"https:\/\/api.w.org\/{rel}","templated":true}]}}