{"id":2800,"date":"2020-07-16T12:07:27","date_gmt":"2020-07-16T10:07:27","guid":{"rendered":"http:\/\/ccaphotos.ovh\/?page_id=2800"},"modified":"2020-07-16T17:50:29","modified_gmt":"2020-07-16T15:50:29","slug":"le-costume-de-giacomo","status":"publish","type":"page","link":"https:\/\/ccaphotos.ovh\/index.php\/le-costume-de-giacomo\/","title":{"rendered":"LE COSTUME DE GIACOMO"},"content":{"rendered":"<div>\n<p style=\"text-align: justify;\">Pour le carnaval, il a choisi le costume de Giacomo Casanova comme on habiterait une l\u00e9gende. A l\u2019abri de son masque de satin, il voit sans \u00eatre vu. Il cesse de douter de lui et se sent connect\u00e9 au monde.<\/p>\n<p style=\"text-align: justify;\">Soudain son \u0153il fixe la grange au fond du parc. A travers un carreau cass\u00e9, il a per\u00e7u un mouvement infime, un l\u00e9ger d\u00e9placement de l\u2019air, comme un crissement de souris.<\/p>\n<p style=\"text-align: justify;\">Le tranchant du carreau, incrust\u00e9 de mousses et de lumi\u00e8re, encadre une forme vaporeuse dont le regard porte une invitation. Elle\u00a0 s\u2019incline, dans un geste d\u2019\u00e9l\u00e9gante soumission, vers un personnage noir et fauve.<\/p>\n<p style=\"text-align: justify;\">C\u2019est \u00e0 ce moment qu\u2019on entendit tomber lourdement sur le sol une canne \u00e0 pommeau d\u2019argent, faisant jaillir un rire cristallin. Il les avait vues, indiff\u00e9rentes \u00e0 son trouble, effleurer de leurs mains gant\u00e9es un objet marqu\u00e9 de deux c\u0153urs.<\/p>\n<p style=\"text-align: justify;\">La forme fauve s\u2019esquive dans un bruissement de soie. Giacomo se penche et ramasse ses \u00e9clats de r\u00eaves. Il repart suivi de son ombre comme le tapis d\u00e9roul\u00e9 de sa vie.<\/p>\n<p style=\"text-align: justify;\">Il le sait pourtant, demain, et apr\u00e8s-demain, et tant que la lumi\u00e8re fera flamber la paille, il rev\u00eatira le costume qui le rend prisonnier de sa jeunesse.<\/p>\n<p><em>\u00a0<\/em><\/p>\n<p style=\"text-align: center;\"><em>Carnaval v\u00e9nitien, mars 2019, parc du ch\u00e2teau de Sennecey-les-Dijon<\/em><\/p>\n<\/div>\n<div><\/div>\n<div><\/div>\n<div><\/div>\n<div><\/div>\n","protected":false},"excerpt":{"rendered":"<p>Pour le carnaval, il a choisi le costume de Giacomo Casanova comme on habiterait une l\u00e9gende. A l\u2019abri de son masque de satin, il voit sans \u00eatre vu. Il cesse de douter de lui et se sent connect\u00e9 au monde. Soudain son \u0153il fixe la grange au fond du parc. A travers un carreau cass\u00e9, [&hellip;]<\/p>\n","protected":false},"author":1,"featured_media":0,"parent":0,"menu_order":0,"comment_status":"closed","ping_status":"closed","template":"","meta":[],"yoast_head":"<!-- This site is optimized with the Yoast SEO plugin v18.3 - https:\/\/yoast.com\/wordpress\/plugins\/seo\/ -->\n<title>LE COSTUME DE GIACOMO -<\/title>\n<meta name=\"robots\" content=\"index, follow, max-snippet:-1, max-image-preview:large, max-video-preview:-1\" \/>\n<link rel=\"canonical\" href=\"https:\/\/ccaphotos.ovh\/index.php\/le-costume-de-giacomo\/\" \/>\n<meta property=\"og:locale\" content=\"fr_FR\" \/>\n<meta property=\"og:type\" content=\"article\" \/>\n<meta property=\"og:title\" content=\"LE COSTUME DE GIACOMO -\" \/>\n<meta property=\"og:description\" content=\"Pour le carnaval, il a choisi le costume de Giacomo Casanova comme on habiterait une l\u00e9gende. A l\u2019abri de son masque de satin, il voit sans \u00eatre vu. Il cesse de douter de lui et se sent connect\u00e9 au monde. Soudain son \u0153il fixe la grange au fond du parc. A travers un carreau cass\u00e9, [&hellip;]\" \/>\n<meta property=\"og:url\" content=\"https:\/\/ccaphotos.ovh\/index.php\/le-costume-de-giacomo\/\" \/>\n<meta property=\"article:modified_time\" content=\"2020-07-16T15:50:29+00:00\" \/>\n<meta name=\"twitter:card\" content=\"summary_large_image\" \/>\n<meta name=\"twitter:label1\" content=\"Dur\u00e9e de lecture estim\u00e9e\" \/>\n\t<meta name=\"twitter:data1\" content=\"1 minute\" \/>\n<script type=\"application\/ld+json\" class=\"yoast-schema-graph\">{\"@context\":\"https:\/\/schema.org\",\"@graph\":[{\"@type\":[\"Person\",\"Organization\"],\"@id\":\"https:\/\/ccaphotos.ovh\/#\/schema\/person\/6a8bab212e1264864a1223d4b6d9fbcd\",\"name\":\"ClaireChatonAubey\",\"image\":{\"@type\":\"ImageObject\",\"@id\":\"https:\/\/ccaphotos.ovh\/#personlogo\",\"inLanguage\":\"fr-FR\",\"url\":\"https:\/\/secure.gravatar.com\/avatar\/d252b93fa90e99cd7255d4d68af882e2?s=96&d=mm&r=g\",\"contentUrl\":\"https:\/\/secure.gravatar.com\/avatar\/d252b93fa90e99cd7255d4d68af882e2?s=96&d=mm&r=g\",\"caption\":\"ClaireChatonAubey\"},\"logo\":{\"@id\":\"https:\/\/ccaphotos.ovh\/#personlogo\"}},{\"@type\":\"WebSite\",\"@id\":\"https:\/\/ccaphotos.ovh\/#website\",\"url\":\"https:\/\/ccaphotos.ovh\/\",\"name\":\"\",\"description\":\"\",\"publisher\":{\"@id\":\"https:\/\/ccaphotos.ovh\/#\/schema\/person\/6a8bab212e1264864a1223d4b6d9fbcd\"},\"potentialAction\":[{\"@type\":\"SearchAction\",\"target\":{\"@type\":\"EntryPoint\",\"urlTemplate\":\"https:\/\/ccaphotos.ovh\/?s={search_term_string}\"},\"query-input\":\"required name=search_term_string\"}],\"inLanguage\":\"fr-FR\"},{\"@type\":\"WebPage\",\"@id\":\"https:\/\/ccaphotos.ovh\/index.php\/le-costume-de-giacomo\/#webpage\",\"url\":\"https:\/\/ccaphotos.ovh\/index.php\/le-costume-de-giacomo\/\",\"name\":\"LE COSTUME DE GIACOMO -\",\"isPartOf\":{\"@id\":\"https:\/\/ccaphotos.ovh\/#website\"},\"datePublished\":\"2020-07-16T10:07:27+00:00\",\"dateModified\":\"2020-07-16T15:50:29+00:00\",\"breadcrumb\":{\"@id\":\"https:\/\/ccaphotos.ovh\/index.php\/le-costume-de-giacomo\/#breadcrumb\"},\"inLanguage\":\"fr-FR\",\"potentialAction\":[{\"@type\":\"ReadAction\",\"target\":[\"https:\/\/ccaphotos.ovh\/index.php\/le-costume-de-giacomo\/\"]}]},{\"@type\":\"BreadcrumbList\",\"@id\":\"https:\/\/ccaphotos.ovh\/index.php\/le-costume-de-giacomo\/#breadcrumb\",\"itemListElement\":[{\"@type\":\"ListItem\",\"position\":1,\"name\":\"Accueil\",\"item\":\"https:\/\/ccaphotos.ovh\/\"},{\"@type\":\"ListItem\",\"position\":2,\"name\":\"LE COSTUME DE GIACOMO\"}]}]}<\/script>\n<!-- \/ Yoast SEO plugin. -->","yoast_head_json":{"title":"LE COSTUME DE GIACOMO -","robots":{"index":"index","follow":"follow","max-snippet":"max-snippet:-1","max-image-preview":"max-image-preview:large","max-video-preview":"max-video-preview:-1"},"canonical":"https:\/\/ccaphotos.ovh\/index.php\/le-costume-de-giacomo\/","og_locale":"fr_FR","og_type":"article","og_title":"LE COSTUME DE GIACOMO -","og_description":"Pour le carnaval, il a choisi le costume de Giacomo Casanova comme on habiterait une l\u00e9gende. A l\u2019abri de son masque de satin, il voit sans \u00eatre vu. Il cesse de douter de lui et se sent connect\u00e9 au monde. Soudain son \u0153il fixe la grange au fond du parc. A travers un carreau cass\u00e9, [&hellip;]","og_url":"https:\/\/ccaphotos.ovh\/index.php\/le-costume-de-giacomo\/","article_modified_time":"2020-07-16T15:50:29+00:00","twitter_card":"summary_large_image","twitter_misc":{"Dur\u00e9e de lecture estim\u00e9e":"1 minute"},"schema":{"@context":"https:\/\/schema.org","@graph":[{"@type":["Person","Organization"],"@id":"https:\/\/ccaphotos.ovh\/#\/schema\/person\/6a8bab212e1264864a1223d4b6d9fbcd","name":"ClaireChatonAubey","image":{"@type":"ImageObject","@id":"https:\/\/ccaphotos.ovh\/#personlogo","inLanguage":"fr-FR","url":"https:\/\/secure.gravatar.com\/avatar\/d252b93fa90e99cd7255d4d68af882e2?s=96&d=mm&r=g","contentUrl":"https:\/\/secure.gravatar.com\/avatar\/d252b93fa90e99cd7255d4d68af882e2?s=96&d=mm&r=g","caption":"ClaireChatonAubey"},"logo":{"@id":"https:\/\/ccaphotos.ovh\/#personlogo"}},{"@type":"WebSite","@id":"https:\/\/ccaphotos.ovh\/#website","url":"https:\/\/ccaphotos.ovh\/","name":"","description":"","publisher":{"@id":"https:\/\/ccaphotos.ovh\/#\/schema\/person\/6a8bab212e1264864a1223d4b6d9fbcd"},"potentialAction":[{"@type":"SearchAction","target":{"@type":"EntryPoint","urlTemplate":"https:\/\/ccaphotos.ovh\/?s={search_term_string}"},"query-input":"required name=search_term_string"}],"inLanguage":"fr-FR"},{"@type":"WebPage","@id":"https:\/\/ccaphotos.ovh\/index.php\/le-costume-de-giacomo\/#webpage","url":"https:\/\/ccaphotos.ovh\/index.php\/le-costume-de-giacomo\/","name":"LE COSTUME DE GIACOMO -","isPartOf":{"@id":"https:\/\/ccaphotos.ovh\/#website"},"datePublished":"2020-07-16T10:07:27+00:00","dateModified":"2020-07-16T15:50:29+00:00","breadcrumb":{"@id":"https:\/\/ccaphotos.ovh\/index.php\/le-costume-de-giacomo\/#breadcrumb"},"inLanguage":"fr-FR","potentialAction":[{"@type":"ReadAction","target":["https:\/\/ccaphotos.ovh\/index.php\/le-costume-de-giacomo\/"]}]},{"@type":"BreadcrumbList","@id":"https:\/\/ccaphotos.ovh\/index.php\/le-costume-de-giacomo\/#breadcrumb","itemListElement":[{"@type":"ListItem","position":1,"name":"Accueil","item":"https:\/\/ccaphotos.ovh\/"},{"@type":"ListItem","position":2,"name":"LE COSTUME DE GIACOMO"}]}]}},"_links":{"self":[{"href":"https:\/\/ccaphotos.ovh\/index.php\/wp-json\/wp\/v2\/pages\/2800"}],"collection":[{"href":"https:\/\/ccaphotos.ovh\/index.php\/wp-json\/wp\/v2\/pages"}],"about":[{"href":"https:\/\/ccaphotos.ovh\/index.php\/wp-json\/wp\/v2\/types\/page"}],"author":[{"embeddable":true,"href":"https:\/\/ccaphotos.ovh\/index.php\/wp-json\/wp\/v2\/users\/1"}],"replies":[{"embeddable":true,"href":"https:\/\/ccaphotos.ovh\/index.php\/wp-json\/wp\/v2\/comments?post=2800"}],"version-history":[{"count":13,"href":"https:\/\/ccaphotos.ovh\/index.php\/wp-json\/wp\/v2\/pages\/2800\/revisions"}],"predecessor-version":[{"id":2820,"href":"https:\/\/ccaphotos.ovh\/index.php\/wp-json\/wp\/v2\/pages\/2800\/revisions\/2820"}],"wp:attachment":[{"href":"https:\/\/ccaphotos.ovh\/index.php\/wp-json\/wp\/v2\/media?parent=2800"}],"curies":[{"name":"wp","href":"https:\/\/api.w.org\/{rel}","templated":true}]}}