{"id":2872,"date":"2020-09-13T16:51:01","date_gmt":"2020-09-13T14:51:01","guid":{"rendered":"http:\/\/ccaphotos.ovh\/?page_id=2872"},"modified":"2024-11-01T18:16:42","modified_gmt":"2024-11-01T17:16:42","slug":"abandons-saison-2","status":"publish","type":"page","link":"https:\/\/ccaphotos.ovh\/index.php\/abandons-saison-2\/","title":{"rendered":"ABANDONS saison 2"},"content":{"rendered":"<p class=\"Standard\"><span style=\"font-family: roboto-condensed;\">s\u00e9rie ABANDONS &#8211; saison 2 <\/span><\/p>\n<p class=\"Standard\" style=\"text-align: justify; text-justify: inter-ideograph;\"><span style=\"font-family: 'Arial Narrow','sans-serif';\">Sur les abribus, les transformateurs \u00e9lectriques, les ch\u00e2teaux d\u2019eau, les anciens b\u00e2timents industriels ou commerciaux, les palissades de chantier, un peu partout dans les paysages standardis\u00e9s de la France \u00ab p\u00e9riph\u00e9rique \u00bb fleurissent des peintures murales na\u00efves aux couleurs sursatur\u00e9es, cens\u00e9es repr\u00e9senter \u00ab le monde d\u2019hier \u00bb \u2026 Command\u00e9es \u00e0 des artistes qui parfois s\u2019en font une sp\u00e9cialit\u00e9, objets de surench\u00e8re entre municipalit\u00e9s voisines, elles proviennent aussi parfois d\u2019initiatives participatives et citoyennes.<\/span><\/p>\n<p class=\"Standard\" style=\"text-align: justify; text-justify: inter-ideograph;\"><span style=\"font-family: 'Arial Narrow','sans-serif';\">Jamais les images des sc\u00e8nes champ\u00eatres si souvent illustr\u00e9es par les peintres du XIX<sup>\u00e8me<\/sup> si\u00e8cle, de la lettre cent fois r\u00e9\u00e9crite abandonn\u00e9e \u00e0 regret dans la borne jaune de la Poste, de l\u2019ancien port ostr\u00e9icole avec ses cabanons aux senteurs d\u2019iode et de vase, ou de la mythique Nationale 6, promesse de cheveux au vent, de parasols et d\u2019amours \u00e9ph\u00e9m\u00e8res, n\u2019auront autant m\u00e9rit\u00e9 le qualificatif de \u00ab trompe-l\u2019\u0153il \u00bb. Symboles d\u2019un pass\u00e9 r\u00e9volu auquel on tente de se raccrocher, elles s&rsquo;affichent comme les vitrines burlesques de notre incapacit\u00e9 \u00e0 penser un \u00ab apr\u00e8s \u00bb.<\/span><\/p>\n<div class=\"n2-has-copy n2-code n2-ss-slider-shortcode-id\"><\/div>\n","protected":false},"excerpt":{"rendered":"<p>s\u00e9rie ABANDONS &#8211; saison 2 Sur les abribus, les transformateurs \u00e9lectriques, les ch\u00e2teaux d\u2019eau, les anciens b\u00e2timents industriels ou commerciaux, les palissades de chantier, un peu partout dans les paysages standardis\u00e9s de la France \u00ab p\u00e9riph\u00e9rique \u00bb fleurissent des peintures murales na\u00efves aux couleurs sursatur\u00e9es, cens\u00e9es repr\u00e9senter \u00ab le monde d\u2019hier \u00bb \u2026 Command\u00e9es \u00e0 [&hellip;]<\/p>\n","protected":false},"author":1,"featured_media":0,"parent":0,"menu_order":0,"comment_status":"closed","ping_status":"closed","template":"","meta":[],"yoast_head":"<!-- This site is optimized with the Yoast SEO plugin v18.3 - https:\/\/yoast.com\/wordpress\/plugins\/seo\/ -->\n<title>ABANDONS saison 2 -<\/title>\n<meta name=\"robots\" content=\"index, follow, max-snippet:-1, max-image-preview:large, max-video-preview:-1\" \/>\n<link rel=\"canonical\" href=\"https:\/\/ccaphotos.ovh\/index.php\/abandons-saison-2\/\" \/>\n<meta property=\"og:locale\" content=\"fr_FR\" \/>\n<meta property=\"og:type\" content=\"article\" \/>\n<meta property=\"og:title\" content=\"ABANDONS saison 2 -\" \/>\n<meta property=\"og:description\" content=\"s\u00e9rie ABANDONS &#8211; saison 2 Sur les abribus, les transformateurs \u00e9lectriques, les ch\u00e2teaux d\u2019eau, les anciens b\u00e2timents industriels ou commerciaux, les palissades de chantier, un peu partout dans les paysages standardis\u00e9s de la France \u00ab p\u00e9riph\u00e9rique \u00bb fleurissent des peintures murales na\u00efves aux couleurs sursatur\u00e9es, cens\u00e9es repr\u00e9senter \u00ab le monde d\u2019hier \u00bb \u2026 Command\u00e9es \u00e0 [&hellip;]\" \/>\n<meta property=\"og:url\" content=\"https:\/\/ccaphotos.ovh\/index.php\/abandons-saison-2\/\" \/>\n<meta property=\"article:modified_time\" content=\"2024-11-01T17:16:42+00:00\" \/>\n<meta name=\"twitter:card\" content=\"summary_large_image\" \/>\n<meta name=\"twitter:label1\" content=\"Dur\u00e9e de lecture estim\u00e9e\" \/>\n\t<meta name=\"twitter:data1\" content=\"1 minute\" \/>\n<script type=\"application\/ld+json\" class=\"yoast-schema-graph\">{\"@context\":\"https:\/\/schema.org\",\"@graph\":[{\"@type\":[\"Person\",\"Organization\"],\"@id\":\"https:\/\/ccaphotos.ovh\/#\/schema\/person\/6a8bab212e1264864a1223d4b6d9fbcd\",\"name\":\"ClaireChatonAubey\",\"image\":{\"@type\":\"ImageObject\",\"@id\":\"https:\/\/ccaphotos.ovh\/#personlogo\",\"inLanguage\":\"fr-FR\",\"url\":\"https:\/\/secure.gravatar.com\/avatar\/d252b93fa90e99cd7255d4d68af882e2?s=96&d=mm&r=g\",\"contentUrl\":\"https:\/\/secure.gravatar.com\/avatar\/d252b93fa90e99cd7255d4d68af882e2?s=96&d=mm&r=g\",\"caption\":\"ClaireChatonAubey\"},\"logo\":{\"@id\":\"https:\/\/ccaphotos.ovh\/#personlogo\"}},{\"@type\":\"WebSite\",\"@id\":\"https:\/\/ccaphotos.ovh\/#website\",\"url\":\"https:\/\/ccaphotos.ovh\/\",\"name\":\"\",\"description\":\"\",\"publisher\":{\"@id\":\"https:\/\/ccaphotos.ovh\/#\/schema\/person\/6a8bab212e1264864a1223d4b6d9fbcd\"},\"potentialAction\":[{\"@type\":\"SearchAction\",\"target\":{\"@type\":\"EntryPoint\",\"urlTemplate\":\"https:\/\/ccaphotos.ovh\/?s={search_term_string}\"},\"query-input\":\"required name=search_term_string\"}],\"inLanguage\":\"fr-FR\"},{\"@type\":\"WebPage\",\"@id\":\"https:\/\/ccaphotos.ovh\/index.php\/abandons-saison-2\/#webpage\",\"url\":\"https:\/\/ccaphotos.ovh\/index.php\/abandons-saison-2\/\",\"name\":\"ABANDONS saison 2 -\",\"isPartOf\":{\"@id\":\"https:\/\/ccaphotos.ovh\/#website\"},\"datePublished\":\"2020-09-13T14:51:01+00:00\",\"dateModified\":\"2024-11-01T17:16:42+00:00\",\"breadcrumb\":{\"@id\":\"https:\/\/ccaphotos.ovh\/index.php\/abandons-saison-2\/#breadcrumb\"},\"inLanguage\":\"fr-FR\",\"potentialAction\":[{\"@type\":\"ReadAction\",\"target\":[\"https:\/\/ccaphotos.ovh\/index.php\/abandons-saison-2\/\"]}]},{\"@type\":\"BreadcrumbList\",\"@id\":\"https:\/\/ccaphotos.ovh\/index.php\/abandons-saison-2\/#breadcrumb\",\"itemListElement\":[{\"@type\":\"ListItem\",\"position\":1,\"name\":\"Accueil\",\"item\":\"https:\/\/ccaphotos.ovh\/\"},{\"@type\":\"ListItem\",\"position\":2,\"name\":\"ABANDONS saison 2\"}]}]}<\/script>\n<!-- \/ Yoast SEO plugin. -->","yoast_head_json":{"title":"ABANDONS saison 2 -","robots":{"index":"index","follow":"follow","max-snippet":"max-snippet:-1","max-image-preview":"max-image-preview:large","max-video-preview":"max-video-preview:-1"},"canonical":"https:\/\/ccaphotos.ovh\/index.php\/abandons-saison-2\/","og_locale":"fr_FR","og_type":"article","og_title":"ABANDONS saison 2 -","og_description":"s\u00e9rie ABANDONS &#8211; saison 2 Sur les abribus, les transformateurs \u00e9lectriques, les ch\u00e2teaux d\u2019eau, les anciens b\u00e2timents industriels ou commerciaux, les palissades de chantier, un peu partout dans les paysages standardis\u00e9s de la France \u00ab p\u00e9riph\u00e9rique \u00bb fleurissent des peintures murales na\u00efves aux couleurs sursatur\u00e9es, cens\u00e9es repr\u00e9senter \u00ab le monde d\u2019hier \u00bb \u2026 Command\u00e9es \u00e0 [&hellip;]","og_url":"https:\/\/ccaphotos.ovh\/index.php\/abandons-saison-2\/","article_modified_time":"2024-11-01T17:16:42+00:00","twitter_card":"summary_large_image","twitter_misc":{"Dur\u00e9e de lecture estim\u00e9e":"1 minute"},"schema":{"@context":"https:\/\/schema.org","@graph":[{"@type":["Person","Organization"],"@id":"https:\/\/ccaphotos.ovh\/#\/schema\/person\/6a8bab212e1264864a1223d4b6d9fbcd","name":"ClaireChatonAubey","image":{"@type":"ImageObject","@id":"https:\/\/ccaphotos.ovh\/#personlogo","inLanguage":"fr-FR","url":"https:\/\/secure.gravatar.com\/avatar\/d252b93fa90e99cd7255d4d68af882e2?s=96&d=mm&r=g","contentUrl":"https:\/\/secure.gravatar.com\/avatar\/d252b93fa90e99cd7255d4d68af882e2?s=96&d=mm&r=g","caption":"ClaireChatonAubey"},"logo":{"@id":"https:\/\/ccaphotos.ovh\/#personlogo"}},{"@type":"WebSite","@id":"https:\/\/ccaphotos.ovh\/#website","url":"https:\/\/ccaphotos.ovh\/","name":"","description":"","publisher":{"@id":"https:\/\/ccaphotos.ovh\/#\/schema\/person\/6a8bab212e1264864a1223d4b6d9fbcd"},"potentialAction":[{"@type":"SearchAction","target":{"@type":"EntryPoint","urlTemplate":"https:\/\/ccaphotos.ovh\/?s={search_term_string}"},"query-input":"required name=search_term_string"}],"inLanguage":"fr-FR"},{"@type":"WebPage","@id":"https:\/\/ccaphotos.ovh\/index.php\/abandons-saison-2\/#webpage","url":"https:\/\/ccaphotos.ovh\/index.php\/abandons-saison-2\/","name":"ABANDONS saison 2 -","isPartOf":{"@id":"https:\/\/ccaphotos.ovh\/#website"},"datePublished":"2020-09-13T14:51:01+00:00","dateModified":"2024-11-01T17:16:42+00:00","breadcrumb":{"@id":"https:\/\/ccaphotos.ovh\/index.php\/abandons-saison-2\/#breadcrumb"},"inLanguage":"fr-FR","potentialAction":[{"@type":"ReadAction","target":["https:\/\/ccaphotos.ovh\/index.php\/abandons-saison-2\/"]}]},{"@type":"BreadcrumbList","@id":"https:\/\/ccaphotos.ovh\/index.php\/abandons-saison-2\/#breadcrumb","itemListElement":[{"@type":"ListItem","position":1,"name":"Accueil","item":"https:\/\/ccaphotos.ovh\/"},{"@type":"ListItem","position":2,"name":"ABANDONS saison 2"}]}]}},"_links":{"self":[{"href":"https:\/\/ccaphotos.ovh\/index.php\/wp-json\/wp\/v2\/pages\/2872"}],"collection":[{"href":"https:\/\/ccaphotos.ovh\/index.php\/wp-json\/wp\/v2\/pages"}],"about":[{"href":"https:\/\/ccaphotos.ovh\/index.php\/wp-json\/wp\/v2\/types\/page"}],"author":[{"embeddable":true,"href":"https:\/\/ccaphotos.ovh\/index.php\/wp-json\/wp\/v2\/users\/1"}],"replies":[{"embeddable":true,"href":"https:\/\/ccaphotos.ovh\/index.php\/wp-json\/wp\/v2\/comments?post=2872"}],"version-history":[{"count":14,"href":"https:\/\/ccaphotos.ovh\/index.php\/wp-json\/wp\/v2\/pages\/2872\/revisions"}],"predecessor-version":[{"id":4290,"href":"https:\/\/ccaphotos.ovh\/index.php\/wp-json\/wp\/v2\/pages\/2872\/revisions\/4290"}],"wp:attachment":[{"href":"https:\/\/ccaphotos.ovh\/index.php\/wp-json\/wp\/v2\/media?parent=2872"}],"curies":[{"name":"wp","href":"https:\/\/api.w.org\/{rel}","templated":true}]}}