{"id":2941,"date":"2020-10-20T08:13:45","date_gmt":"2020-10-20T06:13:45","guid":{"rendered":"http:\/\/ccaphotos.ovh\/?page_id=2941"},"modified":"2020-10-26T12:11:56","modified_gmt":"2020-10-26T11:11:56","slug":"arret-sur-image","status":"publish","type":"page","link":"https:\/\/ccaphotos.ovh\/index.php\/arret-sur-image\/","title":{"rendered":"ARR\u00caT SUR IMAGE"},"content":{"rendered":"<div>\n<p style=\"padding-left: 520px; text-align: justify;\"><em>D\u2019accord\u00a0! acquies\u00e7a le chat et cette fois il disparut tr\u00e8s lentement, \u00e0 commencer par sa queue et pour terminer <\/em><em>par son sourire qui flotta tout seul apr\u00e8s que tout le reste eut disparu.<\/em><\/p>\n<p style=\"padding-left: 520px; text-align: justify;\"><em>\u00ab Eh bien. J\u2019ai d\u00e9j\u00e0 vu des chats sans sourire, pensa Alice, mais un sourire sans chat est la chose la plus \u00e9trange <\/em><em>que j\u2019aie jamais contempl\u00e9e\u00a0!\u00a0\u00bb. <\/em><\/p>\n<p style=\"padding-left: 520px; text-align: justify;\"><em>Lewis Caroll, Alice au pays des merveilles.<\/em><\/p>\n<p><em> <\/em><\/p>\n<p style=\"text-align: justify;\">Ao\u00fbt 2018. L\u2019ancienne photographe de guerre avait remis\u00e9 ses vieux Nikon au placard depuis longtemps. Et pourtant, \u00e0 82 ans, elle n\u2019avait rien perdu de l\u2019acuit\u00e9 de son regard et il lui arrivait parfois d\u2019appuyer mentalement sur le d\u00e9clencheur au hasard de ses promenades. Comme justement ce jour-l\u00e0\u00a0: alors qu\u2019elle se rendait \u00e0 pied au th\u00e9\u00e2tre antique pour une r\u00e9trospective de l\u2019ensemble de son \u0153uvre, elle se trouva soudain chahut\u00e9e par un groupe de gens excit\u00e9s qui faisaient des selfies avec des soldats romains. Elle reconnut aussit\u00f4t l\u2019une de ces reconstitutions historiques aussi incontournables que d\u00e9primantes que l\u2019office de tourisme inscrivait r\u00e9guli\u00e8rement dans sa programmation estivale.<\/p>\n<p style=\"text-align: justify;\">A y regarder de plus pr\u00e8s, il y avait cependant l\u00e0 de quoi faire une composition des plus acad\u00e9miques\u00a0: alignement impeccable des bras et des boucliers dans l\u2019angle inf\u00e9rieur droit de la photo et, dans le tiers gauche, deux triangles imbriqu\u00e9s, le premier form\u00e9 par les casques des l\u00e9gionnaires, et le second, un delta de bronze encadrant le visage d\u00e9licat d\u2019un tr\u00e8s jeune homme.<\/p>\n<p style=\"text-align: justify;\">Elle le regarde sur la photo : la joyeuse agitation des <em>figurants<\/em> ne semble pas le concerner. Fig\u00e9 dans la posture de l\u2019\u00e9l\u00e8ve appliqu\u00e9 qui a bien r\u00e9p\u00e9t\u00e9, il attend avec r\u00e9signation le signal du d\u00e9but de la repr\u00e9sentation. Une p\u00e2leur m\u00e9lancolique, une moue boudeuse, le l\u00e9ger duvet sur sa l\u00e8vre sup\u00e9rieure trahissent la fin d\u2019une adolescence sans histoires. Un homme \u00e0 gauche derri\u00e8re lui &#8211; elle pense\u00a0: son p\u00e8re\u00a0? &#8211; affiche un sourire satisfait et suffisant. Au fond \u00e0 droite &#8211; sa m\u00e8re\u00a0? &#8211; semble beaucoup s\u2019amuser, drap\u00e9e dans son p\u00e9plum bleu et blanc. Et lui, lest\u00e9 de sa cotte de mailles, avec son casque un peu trop grand qui lui tombe sur le nez, leur tourne le dos.<\/p>\n<p style=\"text-align: justify;\">Lui ne la voit pas. Ses yeux noirs se perdent vers un point myst\u00e9rieux derri\u00e8re elle, l\u00e9g\u00e8rement sur sa droite\u00a0: elle qui pourtant avait appris, lors de ses reportages sur les terrains de conflits, \u00e0 s\u2019effacer derri\u00e8re son objectif pour mieux capter le destin des gens, ne s\u2019\u00e9tait jamais habitu\u00e9e \u00e0 cette sorte de transparence au regard des autres qui survient avec la vieillesse.<\/p>\n<p style=\"text-align: justify;\">Insidieusement un silence s\u2019installe, le cadrage trop format\u00e9 se met \u00e0 d\u00e9railler : actionn\u00e9 par un curseur invisible, l\u2019arri\u00e8re-plan commence \u00e0 s\u2019estomper progressivement pour ne laisser finalement subsister que ce regard absent qui vient de l\u2019int\u00e9rieur. Un regard sans visage qui lui en rappelle d\u2019autres, crois\u00e9s au bout du monde, l\u2019enfant-soldat du Sahara occidental, la jeune gardienne de la r\u00e9volution \u00e0 T\u00e9h\u00e9ran, la fillette du Nicaragua debout sur un tank &#8230; <em>figurants<\/em> du th\u00e9\u00e2tre de la guerre, enr\u00f4l\u00e9s malgr\u00e9 eux dans une pi\u00e8ce dont ils ne ma\u00eetrisent pas les codes. Sa m\u00e9moire ne les a jamais trahis, elle les rejoint \u00e0 pr\u00e9sent, son c\u0153ur se penche sur le murmure d\u2019un corps prostr\u00e9, gazouillis sanguinolent \u00e0 peine audible de l\u2019enfant de toutes les guerres, qui pleure en m\u00eame temps sa m\u00e8re et la promesse perdue de l\u2019amour.<\/p>\n<p style=\"text-align: justify;\">Un volet claque sur une fa\u00e7ade. Elle accueille avec soulagement le mistral compatissant qui dissout les brumes du pass\u00e9 et balaie ses fant\u00f4mes. Le champ s\u2019\u00e9largit, les couleurs retrouvent leur saturation naturelle, le tableau se met \u00e0 bouger et les personnages y reprennent un \u00e0 un leur place dans un bourdonnement de conversations. La photo est d\u00e9sormais fix\u00e9e dans son \u00e9tat d\u00e9finitif et le simulacre de l\u2019histoire peut recommencer.<\/p>\n<p style=\"text-align: justify;\">Et voil\u00e0 notre jeune homme t\u00e9tanis\u00e9 par l\u2019id\u00e9e que la fille avec qui il a <em>match\u00e9<\/em> hier soir sur <em>Tinder<\/em> apparaisse parmi les spectateurs et le reconnaisse dans cette posture ridicule. Au moment pr\u00e9cis o\u00f9 il se rend compte qu\u2019il a commis l\u2019erreur de lui envoyer sa photo, la longue et d\u00e9chirante vibration de la <em>tuba<\/em> sonne le d\u00e9part. La <em>legio<\/em> <em>VI<\/em> <em>Ferrata<\/em> se met en formation de combat et s\u2019\u00e9branle sous les applaudissements enthousiastes de la foule, emportant dans son pas cadenc\u00e9 les \u00e9mois de l\u2019adolescent.<\/p>\n<p style=\"text-align: justify;\">La vieille dame reprit pensivement son trajet \u00a0en direction du th\u00e9\u00e2tre. Elle serait sans doute en retard pour la d\u00e9dicace de l\u2019ouvrage cens\u00e9 couronner sa carri\u00e8re, qui venait tout juste de sortir.<\/p>\n<\/div>\n","protected":false},"excerpt":{"rendered":"<p>D\u2019accord\u00a0! acquies\u00e7a le chat et cette fois il disparut tr\u00e8s lentement, \u00e0 commencer par sa queue et pour terminer par son sourire qui flotta tout seul apr\u00e8s que tout le reste eut disparu. \u00ab Eh bien. J\u2019ai d\u00e9j\u00e0 vu des chats sans sourire, pensa Alice, mais un sourire sans chat est la chose la plus [&hellip;]<\/p>\n","protected":false},"author":1,"featured_media":0,"parent":0,"menu_order":0,"comment_status":"closed","ping_status":"closed","template":"","meta":[],"yoast_head":"<!-- This site is optimized with the Yoast SEO plugin v18.3 - https:\/\/yoast.com\/wordpress\/plugins\/seo\/ -->\n<title>ARR\u00caT SUR IMAGE -<\/title>\n<meta name=\"robots\" content=\"index, follow, max-snippet:-1, max-image-preview:large, max-video-preview:-1\" \/>\n<link rel=\"canonical\" href=\"https:\/\/ccaphotos.ovh\/index.php\/arret-sur-image\/\" \/>\n<meta property=\"og:locale\" content=\"fr_FR\" \/>\n<meta property=\"og:type\" content=\"article\" \/>\n<meta property=\"og:title\" content=\"ARR\u00caT SUR IMAGE -\" \/>\n<meta property=\"og:description\" content=\"D\u2019accord\u00a0! acquies\u00e7a le chat et cette fois il disparut tr\u00e8s lentement, \u00e0 commencer par sa queue et pour terminer par son sourire qui flotta tout seul apr\u00e8s que tout le reste eut disparu. \u00ab Eh bien. J\u2019ai d\u00e9j\u00e0 vu des chats sans sourire, pensa Alice, mais un sourire sans chat est la chose la plus [&hellip;]\" \/>\n<meta property=\"og:url\" content=\"https:\/\/ccaphotos.ovh\/index.php\/arret-sur-image\/\" \/>\n<meta property=\"article:modified_time\" content=\"2020-10-26T11:11:56+00:00\" \/>\n<meta name=\"twitter:card\" content=\"summary_large_image\" \/>\n<meta name=\"twitter:label1\" content=\"Dur\u00e9e de lecture estim\u00e9e\" \/>\n\t<meta name=\"twitter:data1\" content=\"4 minutes\" \/>\n<script type=\"application\/ld+json\" class=\"yoast-schema-graph\">{\"@context\":\"https:\/\/schema.org\",\"@graph\":[{\"@type\":[\"Person\",\"Organization\"],\"@id\":\"https:\/\/ccaphotos.ovh\/#\/schema\/person\/6a8bab212e1264864a1223d4b6d9fbcd\",\"name\":\"ClaireChatonAubey\",\"image\":{\"@type\":\"ImageObject\",\"@id\":\"https:\/\/ccaphotos.ovh\/#personlogo\",\"inLanguage\":\"fr-FR\",\"url\":\"https:\/\/secure.gravatar.com\/avatar\/d252b93fa90e99cd7255d4d68af882e2?s=96&d=mm&r=g\",\"contentUrl\":\"https:\/\/secure.gravatar.com\/avatar\/d252b93fa90e99cd7255d4d68af882e2?s=96&d=mm&r=g\",\"caption\":\"ClaireChatonAubey\"},\"logo\":{\"@id\":\"https:\/\/ccaphotos.ovh\/#personlogo\"}},{\"@type\":\"WebSite\",\"@id\":\"https:\/\/ccaphotos.ovh\/#website\",\"url\":\"https:\/\/ccaphotos.ovh\/\",\"name\":\"\",\"description\":\"\",\"publisher\":{\"@id\":\"https:\/\/ccaphotos.ovh\/#\/schema\/person\/6a8bab212e1264864a1223d4b6d9fbcd\"},\"potentialAction\":[{\"@type\":\"SearchAction\",\"target\":{\"@type\":\"EntryPoint\",\"urlTemplate\":\"https:\/\/ccaphotos.ovh\/?s={search_term_string}\"},\"query-input\":\"required name=search_term_string\"}],\"inLanguage\":\"fr-FR\"},{\"@type\":\"WebPage\",\"@id\":\"https:\/\/ccaphotos.ovh\/index.php\/arret-sur-image\/#webpage\",\"url\":\"https:\/\/ccaphotos.ovh\/index.php\/arret-sur-image\/\",\"name\":\"ARR\u00caT SUR IMAGE -\",\"isPartOf\":{\"@id\":\"https:\/\/ccaphotos.ovh\/#website\"},\"datePublished\":\"2020-10-20T06:13:45+00:00\",\"dateModified\":\"2020-10-26T11:11:56+00:00\",\"breadcrumb\":{\"@id\":\"https:\/\/ccaphotos.ovh\/index.php\/arret-sur-image\/#breadcrumb\"},\"inLanguage\":\"fr-FR\",\"potentialAction\":[{\"@type\":\"ReadAction\",\"target\":[\"https:\/\/ccaphotos.ovh\/index.php\/arret-sur-image\/\"]}]},{\"@type\":\"BreadcrumbList\",\"@id\":\"https:\/\/ccaphotos.ovh\/index.php\/arret-sur-image\/#breadcrumb\",\"itemListElement\":[{\"@type\":\"ListItem\",\"position\":1,\"name\":\"Accueil\",\"item\":\"https:\/\/ccaphotos.ovh\/\"},{\"@type\":\"ListItem\",\"position\":2,\"name\":\"ARR\u00caT SUR IMAGE\"}]}]}<\/script>\n<!-- \/ Yoast SEO plugin. -->","yoast_head_json":{"title":"ARR\u00caT SUR IMAGE -","robots":{"index":"index","follow":"follow","max-snippet":"max-snippet:-1","max-image-preview":"max-image-preview:large","max-video-preview":"max-video-preview:-1"},"canonical":"https:\/\/ccaphotos.ovh\/index.php\/arret-sur-image\/","og_locale":"fr_FR","og_type":"article","og_title":"ARR\u00caT SUR IMAGE -","og_description":"D\u2019accord\u00a0! acquies\u00e7a le chat et cette fois il disparut tr\u00e8s lentement, \u00e0 commencer par sa queue et pour terminer par son sourire qui flotta tout seul apr\u00e8s que tout le reste eut disparu. \u00ab Eh bien. J\u2019ai d\u00e9j\u00e0 vu des chats sans sourire, pensa Alice, mais un sourire sans chat est la chose la plus [&hellip;]","og_url":"https:\/\/ccaphotos.ovh\/index.php\/arret-sur-image\/","article_modified_time":"2020-10-26T11:11:56+00:00","twitter_card":"summary_large_image","twitter_misc":{"Dur\u00e9e de lecture estim\u00e9e":"4 minutes"},"schema":{"@context":"https:\/\/schema.org","@graph":[{"@type":["Person","Organization"],"@id":"https:\/\/ccaphotos.ovh\/#\/schema\/person\/6a8bab212e1264864a1223d4b6d9fbcd","name":"ClaireChatonAubey","image":{"@type":"ImageObject","@id":"https:\/\/ccaphotos.ovh\/#personlogo","inLanguage":"fr-FR","url":"https:\/\/secure.gravatar.com\/avatar\/d252b93fa90e99cd7255d4d68af882e2?s=96&d=mm&r=g","contentUrl":"https:\/\/secure.gravatar.com\/avatar\/d252b93fa90e99cd7255d4d68af882e2?s=96&d=mm&r=g","caption":"ClaireChatonAubey"},"logo":{"@id":"https:\/\/ccaphotos.ovh\/#personlogo"}},{"@type":"WebSite","@id":"https:\/\/ccaphotos.ovh\/#website","url":"https:\/\/ccaphotos.ovh\/","name":"","description":"","publisher":{"@id":"https:\/\/ccaphotos.ovh\/#\/schema\/person\/6a8bab212e1264864a1223d4b6d9fbcd"},"potentialAction":[{"@type":"SearchAction","target":{"@type":"EntryPoint","urlTemplate":"https:\/\/ccaphotos.ovh\/?s={search_term_string}"},"query-input":"required name=search_term_string"}],"inLanguage":"fr-FR"},{"@type":"WebPage","@id":"https:\/\/ccaphotos.ovh\/index.php\/arret-sur-image\/#webpage","url":"https:\/\/ccaphotos.ovh\/index.php\/arret-sur-image\/","name":"ARR\u00caT SUR IMAGE -","isPartOf":{"@id":"https:\/\/ccaphotos.ovh\/#website"},"datePublished":"2020-10-20T06:13:45+00:00","dateModified":"2020-10-26T11:11:56+00:00","breadcrumb":{"@id":"https:\/\/ccaphotos.ovh\/index.php\/arret-sur-image\/#breadcrumb"},"inLanguage":"fr-FR","potentialAction":[{"@type":"ReadAction","target":["https:\/\/ccaphotos.ovh\/index.php\/arret-sur-image\/"]}]},{"@type":"BreadcrumbList","@id":"https:\/\/ccaphotos.ovh\/index.php\/arret-sur-image\/#breadcrumb","itemListElement":[{"@type":"ListItem","position":1,"name":"Accueil","item":"https:\/\/ccaphotos.ovh\/"},{"@type":"ListItem","position":2,"name":"ARR\u00caT SUR IMAGE"}]}]}},"_links":{"self":[{"href":"https:\/\/ccaphotos.ovh\/index.php\/wp-json\/wp\/v2\/pages\/2941"}],"collection":[{"href":"https:\/\/ccaphotos.ovh\/index.php\/wp-json\/wp\/v2\/pages"}],"about":[{"href":"https:\/\/ccaphotos.ovh\/index.php\/wp-json\/wp\/v2\/types\/page"}],"author":[{"embeddable":true,"href":"https:\/\/ccaphotos.ovh\/index.php\/wp-json\/wp\/v2\/users\/1"}],"replies":[{"embeddable":true,"href":"https:\/\/ccaphotos.ovh\/index.php\/wp-json\/wp\/v2\/comments?post=2941"}],"version-history":[{"count":20,"href":"https:\/\/ccaphotos.ovh\/index.php\/wp-json\/wp\/v2\/pages\/2941\/revisions"}],"predecessor-version":[{"id":4379,"href":"https:\/\/ccaphotos.ovh\/index.php\/wp-json\/wp\/v2\/pages\/2941\/revisions\/4379"}],"wp:attachment":[{"href":"https:\/\/ccaphotos.ovh\/index.php\/wp-json\/wp\/v2\/media?parent=2941"}],"curies":[{"name":"wp","href":"https:\/\/api.w.org\/{rel}","templated":true}]}}