{"id":3101,"date":"2021-03-11T17:53:29","date_gmt":"2021-03-11T16:53:29","guid":{"rendered":"http:\/\/ccaphotos.ovh\/?page_id=3101"},"modified":"2022-05-10T22:06:58","modified_gmt":"2022-05-10T20:06:58","slug":"spaccanapoli","status":"publish","type":"page","link":"https:\/\/ccaphotos.ovh\/index.php\/spaccanapoli\/","title":{"rendered":"SPACCANAPOLI"},"content":{"rendered":"<div style=\"text-align: left;\">\n<p style=\"text-align: justify;\">Je pr\u00e9f\u00e8re pr\u00e9venir : amateurs de noir et blanc et de compositions savamment ajust\u00e9es, mieux vaut passer \u00e0 autre chose. Les murs du centre historique de Naples autour de Spaccanapoli, c\u2019est le g\u00e9nie de l\u2019exc\u00e8s, du mouvement, du d\u00e9bordement, c\u2019est le triomphe de la couleur, de la courbe, du d\u00e9grad\u00e9. Le basalte prend le pas sur le tuf. C\u2019est comme si la vie, en suspens entre le V\u00e9suve et les Champs Phl\u00e9gr\u00e9ens, s\u2019y d\u00e9ployait avec la fr\u00e9n\u00e9sie et l\u2019intensit\u00e9 de l\u2019urgence.<\/p>\n<p style=\"text-align: justify;\">Les\u00a0 guides touristiques r\u00e9p\u00e8tent \u00e0 l\u2019envi qu\u2019ici \u00ab\u00a0le sublime c\u00f4toie la d\u00e9cr\u00e9pitude\u00a0\u00bb. Mais pour le promeneur au regard sensible, la transition n\u2019est qu\u2019apparente entre les rues bond\u00e9es et bruyantes, avec leurs peintures murales recouvertes de graffitis, de petites annonces et d\u2019avis de d\u00e9c\u00e8s, encombr\u00e9es de poubelles d\u00e9bordantes, de voitures et de scooters, et les int\u00e9rieurs frais et silencieux des \u00e9difices religieux et des mus\u00e9es. M\u00eame surcharge de motifs, m\u00eame profusion de mati\u00e8res \u2013 ici le marbre, l\u2019or et l\u2019argent &#8211; m\u00eame r\u00e9manence de <em>l\u2019image<\/em>.<\/p>\n<p style=\"text-align: justify;\">Comme ailleurs, il existe bien un patrimoine mus\u00e9ifi\u00e9, document\u00e9, restaur\u00e9, conserv\u00e9, propos\u00e9 sur d\u00e9pliant aux touristes qui d\u00e9barquent par paquebots entiers sur le m\u00f4le Immacolotella Vecchia. Mais le patrimoine<em> vivant<\/em>, ce peut \u00eatre le rapprochement improbable d\u2019une t\u00eate de cheval hennissant peint sur les murs d\u2019une <em>piazzetta<\/em> avec celle de la mosa\u00efque d\u2019Alexandre le Grand \u2013 ou bien l\u2019\u00e9trange parent\u00e9 du portrait g\u00e9ant de San Gennaro avec les statues en argent du Duomo \u2013 ou encore les yeux furibards de ce Dieu impie qui sniffe une train\u00e9e d\u2019avion avec ceux d\u2019un vieillard sur une fresque pomp\u00e9ienne \u2026 \u00c1 chaque coin de rue les kitchissimes autels votifs r\u00e9pondent aux lourds rideaux de stuc dor\u00e9 retenus par des <em>putti<\/em> potel\u00e9s et souriants \u2026 M\u00eame un artiste international comme Banksy adapte son humour corrosif \u00e0 la religiosit\u00e9 ambiante.<\/p>\n<p style=\"text-align: justify;\">Qui sait quelles correspondances souterraines et quels cheminements obscurs ont travers\u00e9 ces images fortes, parfois vieilles de plus de deux mill\u00e9naires et enfouies sous des m\u00e8tres de lave et de ponces, pour se retrouver au bout des a\u00e9rosols des <em>street artists <\/em>?<\/p>\n<\/div>\n<p><em>juin 2019<\/em><\/p>\n<div><\/div>\n<div class=\"n2-has-copy n2-code n2-ss-slider-shortcode-id\"><\/div>\n","protected":false},"excerpt":{"rendered":"<p>Je pr\u00e9f\u00e8re pr\u00e9venir : amateurs de noir et blanc et de compositions savamment ajust\u00e9es, mieux vaut passer \u00e0 autre chose. Les murs du centre historique de Naples autour de Spaccanapoli, c\u2019est le g\u00e9nie de l\u2019exc\u00e8s, du mouvement, du d\u00e9bordement, c\u2019est le triomphe de la couleur, de la courbe, du d\u00e9grad\u00e9. Le basalte prend le pas [&hellip;]<\/p>\n","protected":false},"author":1,"featured_media":0,"parent":0,"menu_order":0,"comment_status":"closed","ping_status":"closed","template":"","meta":[],"yoast_head":"<!-- This site is optimized with the Yoast SEO plugin v18.3 - https:\/\/yoast.com\/wordpress\/plugins\/seo\/ -->\n<title>SPACCANAPOLI -<\/title>\n<meta name=\"robots\" content=\"index, follow, max-snippet:-1, max-image-preview:large, max-video-preview:-1\" \/>\n<link rel=\"canonical\" href=\"https:\/\/ccaphotos.ovh\/index.php\/spaccanapoli\/\" \/>\n<meta property=\"og:locale\" content=\"fr_FR\" \/>\n<meta property=\"og:type\" content=\"article\" \/>\n<meta property=\"og:title\" content=\"SPACCANAPOLI -\" \/>\n<meta property=\"og:description\" content=\"Je pr\u00e9f\u00e8re pr\u00e9venir : amateurs de noir et blanc et de compositions savamment ajust\u00e9es, mieux vaut passer \u00e0 autre chose. Les murs du centre historique de Naples autour de Spaccanapoli, c\u2019est le g\u00e9nie de l\u2019exc\u00e8s, du mouvement, du d\u00e9bordement, c\u2019est le triomphe de la couleur, de la courbe, du d\u00e9grad\u00e9. Le basalte prend le pas [&hellip;]\" \/>\n<meta property=\"og:url\" content=\"https:\/\/ccaphotos.ovh\/index.php\/spaccanapoli\/\" \/>\n<meta property=\"article:modified_time\" content=\"2022-05-10T20:06:58+00:00\" \/>\n<meta name=\"twitter:card\" content=\"summary_large_image\" \/>\n<meta name=\"twitter:label1\" content=\"Dur\u00e9e de lecture estim\u00e9e\" \/>\n\t<meta name=\"twitter:data1\" content=\"2 minutes\" \/>\n<script type=\"application\/ld+json\" class=\"yoast-schema-graph\">{\"@context\":\"https:\/\/schema.org\",\"@graph\":[{\"@type\":[\"Person\",\"Organization\"],\"@id\":\"https:\/\/ccaphotos.ovh\/#\/schema\/person\/6a8bab212e1264864a1223d4b6d9fbcd\",\"name\":\"ClaireChatonAubey\",\"image\":{\"@type\":\"ImageObject\",\"@id\":\"https:\/\/ccaphotos.ovh\/#personlogo\",\"inLanguage\":\"fr-FR\",\"url\":\"https:\/\/secure.gravatar.com\/avatar\/d252b93fa90e99cd7255d4d68af882e2?s=96&d=mm&r=g\",\"contentUrl\":\"https:\/\/secure.gravatar.com\/avatar\/d252b93fa90e99cd7255d4d68af882e2?s=96&d=mm&r=g\",\"caption\":\"ClaireChatonAubey\"},\"logo\":{\"@id\":\"https:\/\/ccaphotos.ovh\/#personlogo\"}},{\"@type\":\"WebSite\",\"@id\":\"https:\/\/ccaphotos.ovh\/#website\",\"url\":\"https:\/\/ccaphotos.ovh\/\",\"name\":\"\",\"description\":\"\",\"publisher\":{\"@id\":\"https:\/\/ccaphotos.ovh\/#\/schema\/person\/6a8bab212e1264864a1223d4b6d9fbcd\"},\"potentialAction\":[{\"@type\":\"SearchAction\",\"target\":{\"@type\":\"EntryPoint\",\"urlTemplate\":\"https:\/\/ccaphotos.ovh\/?s={search_term_string}\"},\"query-input\":\"required name=search_term_string\"}],\"inLanguage\":\"fr-FR\"},{\"@type\":\"WebPage\",\"@id\":\"https:\/\/ccaphotos.ovh\/index.php\/spaccanapoli\/#webpage\",\"url\":\"https:\/\/ccaphotos.ovh\/index.php\/spaccanapoli\/\",\"name\":\"SPACCANAPOLI -\",\"isPartOf\":{\"@id\":\"https:\/\/ccaphotos.ovh\/#website\"},\"datePublished\":\"2021-03-11T16:53:29+00:00\",\"dateModified\":\"2022-05-10T20:06:58+00:00\",\"breadcrumb\":{\"@id\":\"https:\/\/ccaphotos.ovh\/index.php\/spaccanapoli\/#breadcrumb\"},\"inLanguage\":\"fr-FR\",\"potentialAction\":[{\"@type\":\"ReadAction\",\"target\":[\"https:\/\/ccaphotos.ovh\/index.php\/spaccanapoli\/\"]}]},{\"@type\":\"BreadcrumbList\",\"@id\":\"https:\/\/ccaphotos.ovh\/index.php\/spaccanapoli\/#breadcrumb\",\"itemListElement\":[{\"@type\":\"ListItem\",\"position\":1,\"name\":\"Accueil\",\"item\":\"https:\/\/ccaphotos.ovh\/\"},{\"@type\":\"ListItem\",\"position\":2,\"name\":\"SPACCANAPOLI\"}]}]}<\/script>\n<!-- \/ Yoast SEO plugin. -->","yoast_head_json":{"title":"SPACCANAPOLI -","robots":{"index":"index","follow":"follow","max-snippet":"max-snippet:-1","max-image-preview":"max-image-preview:large","max-video-preview":"max-video-preview:-1"},"canonical":"https:\/\/ccaphotos.ovh\/index.php\/spaccanapoli\/","og_locale":"fr_FR","og_type":"article","og_title":"SPACCANAPOLI -","og_description":"Je pr\u00e9f\u00e8re pr\u00e9venir : amateurs de noir et blanc et de compositions savamment ajust\u00e9es, mieux vaut passer \u00e0 autre chose. Les murs du centre historique de Naples autour de Spaccanapoli, c\u2019est le g\u00e9nie de l\u2019exc\u00e8s, du mouvement, du d\u00e9bordement, c\u2019est le triomphe de la couleur, de la courbe, du d\u00e9grad\u00e9. Le basalte prend le pas [&hellip;]","og_url":"https:\/\/ccaphotos.ovh\/index.php\/spaccanapoli\/","article_modified_time":"2022-05-10T20:06:58+00:00","twitter_card":"summary_large_image","twitter_misc":{"Dur\u00e9e de lecture estim\u00e9e":"2 minutes"},"schema":{"@context":"https:\/\/schema.org","@graph":[{"@type":["Person","Organization"],"@id":"https:\/\/ccaphotos.ovh\/#\/schema\/person\/6a8bab212e1264864a1223d4b6d9fbcd","name":"ClaireChatonAubey","image":{"@type":"ImageObject","@id":"https:\/\/ccaphotos.ovh\/#personlogo","inLanguage":"fr-FR","url":"https:\/\/secure.gravatar.com\/avatar\/d252b93fa90e99cd7255d4d68af882e2?s=96&d=mm&r=g","contentUrl":"https:\/\/secure.gravatar.com\/avatar\/d252b93fa90e99cd7255d4d68af882e2?s=96&d=mm&r=g","caption":"ClaireChatonAubey"},"logo":{"@id":"https:\/\/ccaphotos.ovh\/#personlogo"}},{"@type":"WebSite","@id":"https:\/\/ccaphotos.ovh\/#website","url":"https:\/\/ccaphotos.ovh\/","name":"","description":"","publisher":{"@id":"https:\/\/ccaphotos.ovh\/#\/schema\/person\/6a8bab212e1264864a1223d4b6d9fbcd"},"potentialAction":[{"@type":"SearchAction","target":{"@type":"EntryPoint","urlTemplate":"https:\/\/ccaphotos.ovh\/?s={search_term_string}"},"query-input":"required name=search_term_string"}],"inLanguage":"fr-FR"},{"@type":"WebPage","@id":"https:\/\/ccaphotos.ovh\/index.php\/spaccanapoli\/#webpage","url":"https:\/\/ccaphotos.ovh\/index.php\/spaccanapoli\/","name":"SPACCANAPOLI -","isPartOf":{"@id":"https:\/\/ccaphotos.ovh\/#website"},"datePublished":"2021-03-11T16:53:29+00:00","dateModified":"2022-05-10T20:06:58+00:00","breadcrumb":{"@id":"https:\/\/ccaphotos.ovh\/index.php\/spaccanapoli\/#breadcrumb"},"inLanguage":"fr-FR","potentialAction":[{"@type":"ReadAction","target":["https:\/\/ccaphotos.ovh\/index.php\/spaccanapoli\/"]}]},{"@type":"BreadcrumbList","@id":"https:\/\/ccaphotos.ovh\/index.php\/spaccanapoli\/#breadcrumb","itemListElement":[{"@type":"ListItem","position":1,"name":"Accueil","item":"https:\/\/ccaphotos.ovh\/"},{"@type":"ListItem","position":2,"name":"SPACCANAPOLI"}]}]}},"_links":{"self":[{"href":"https:\/\/ccaphotos.ovh\/index.php\/wp-json\/wp\/v2\/pages\/3101"}],"collection":[{"href":"https:\/\/ccaphotos.ovh\/index.php\/wp-json\/wp\/v2\/pages"}],"about":[{"href":"https:\/\/ccaphotos.ovh\/index.php\/wp-json\/wp\/v2\/types\/page"}],"author":[{"embeddable":true,"href":"https:\/\/ccaphotos.ovh\/index.php\/wp-json\/wp\/v2\/users\/1"}],"replies":[{"embeddable":true,"href":"https:\/\/ccaphotos.ovh\/index.php\/wp-json\/wp\/v2\/comments?post=3101"}],"version-history":[{"count":9,"href":"https:\/\/ccaphotos.ovh\/index.php\/wp-json\/wp\/v2\/pages\/3101\/revisions"}],"predecessor-version":[{"id":3849,"href":"https:\/\/ccaphotos.ovh\/index.php\/wp-json\/wp\/v2\/pages\/3101\/revisions\/3849"}],"wp:attachment":[{"href":"https:\/\/ccaphotos.ovh\/index.php\/wp-json\/wp\/v2\/media?parent=3101"}],"curies":[{"name":"wp","href":"https:\/\/api.w.org\/{rel}","templated":true}]}}