{"id":3127,"date":"2021-03-12T08:45:39","date_gmt":"2021-03-12T07:45:39","guid":{"rendered":"http:\/\/ccaphotos.ovh\/?page_id=3127"},"modified":"2022-12-19T17:40:00","modified_gmt":"2022-12-19T16:40:00","slug":"couvre-feu","status":"publish","type":"page","link":"https:\/\/ccaphotos.ovh\/index.php\/couvre-feu\/","title":{"rendered":"COUVRE-FEU"},"content":{"rendered":"<p style=\"padding-left: 80px;\">D\u00e9ambulation photographique au fil d&rsquo;une journ\u00e9e sous couvre-feu. Ce jour-l\u00e0, la ville d\u00e9serte se colora soudain d&rsquo;une temp\u00eate de sable venue du Sahara, la jeunesse<\/p>\n<p style=\"padding-left: 80px;\">se donna rendez-vous pour une explosion de hardcore &#8230;<\/p>\n<p>&nbsp;<\/p>\n<p style=\"text-align: center;\"><iframe loading=\"lazy\" title=\"couvre-feu_version_PC-TVHD_02.mp4\" src=\"https:\/\/player.vimeo.com\/video\/673665409?h=7e301d9d32&amp;title=0&amp;byline=0&amp;portrait=0&amp;speed=0&amp;badge=0&amp;autopause=0&amp;player_id=0&amp;app_id=58479\" width=\"1000\" height=\"563\" frameborder=\"0\" allowfullscreen=\"allowfullscreen\"><\/iframe><\/p>\n<p style=\"padding-left: 80px;\"><span style=\"font-size: 10pt;\"><em>Avec des photographies de Dijon (centre-ville, quartiers Auditorium-Poincar\u00e9, place de la R\u00e9publique, Arquebuse) et de Quetigny (Cap vert) prises le samedi 6 f\u00e9vrier 2021.<\/em><\/span><\/p>\n","protected":false},"excerpt":{"rendered":"<p>D\u00e9ambulation photographique au fil d&rsquo;une journ\u00e9e sous couvre-feu. Ce jour-l\u00e0, la ville d\u00e9serte se colora soudain d&rsquo;une temp\u00eate de sable venue du Sahara, la jeunesse se donna rendez-vous pour une explosion de hardcore &#8230; &nbsp; Avec des photographies de Dijon (centre-ville, quartiers Auditorium-Poincar\u00e9, place de la R\u00e9publique, Arquebuse) et de Quetigny (Cap vert) prises le [&hellip;]<\/p>\n","protected":false},"author":1,"featured_media":0,"parent":0,"menu_order":0,"comment_status":"closed","ping_status":"closed","template":"","meta":[],"yoast_head":"<!-- This site is optimized with the Yoast SEO plugin v18.3 - https:\/\/yoast.com\/wordpress\/plugins\/seo\/ -->\n<title>COUVRE-FEU -<\/title>\n<meta name=\"robots\" content=\"index, follow, max-snippet:-1, max-image-preview:large, max-video-preview:-1\" \/>\n<link rel=\"canonical\" href=\"https:\/\/ccaphotos.ovh\/index.php\/couvre-feu\/\" \/>\n<meta property=\"og:locale\" content=\"fr_FR\" \/>\n<meta property=\"og:type\" content=\"article\" \/>\n<meta property=\"og:title\" content=\"COUVRE-FEU -\" \/>\n<meta property=\"og:description\" content=\"D\u00e9ambulation photographique au fil d&rsquo;une journ\u00e9e sous couvre-feu. Ce jour-l\u00e0, la ville d\u00e9serte se colora soudain d&rsquo;une temp\u00eate de sable venue du Sahara, la jeunesse se donna rendez-vous pour une explosion de hardcore &#8230; &nbsp; Avec des photographies de Dijon (centre-ville, quartiers Auditorium-Poincar\u00e9, place de la R\u00e9publique, Arquebuse) et de Quetigny (Cap vert) prises le [&hellip;]\" \/>\n<meta property=\"og:url\" content=\"https:\/\/ccaphotos.ovh\/index.php\/couvre-feu\/\" \/>\n<meta property=\"article:modified_time\" content=\"2022-12-19T16:40:00+00:00\" \/>\n<meta name=\"twitter:card\" content=\"summary_large_image\" \/>\n<script type=\"application\/ld+json\" class=\"yoast-schema-graph\">{\"@context\":\"https:\/\/schema.org\",\"@graph\":[{\"@type\":[\"Person\",\"Organization\"],\"@id\":\"https:\/\/ccaphotos.ovh\/#\/schema\/person\/6a8bab212e1264864a1223d4b6d9fbcd\",\"name\":\"ClaireChatonAubey\",\"image\":{\"@type\":\"ImageObject\",\"@id\":\"https:\/\/ccaphotos.ovh\/#personlogo\",\"inLanguage\":\"fr-FR\",\"url\":\"https:\/\/secure.gravatar.com\/avatar\/d252b93fa90e99cd7255d4d68af882e2?s=96&d=mm&r=g\",\"contentUrl\":\"https:\/\/secure.gravatar.com\/avatar\/d252b93fa90e99cd7255d4d68af882e2?s=96&d=mm&r=g\",\"caption\":\"ClaireChatonAubey\"},\"logo\":{\"@id\":\"https:\/\/ccaphotos.ovh\/#personlogo\"}},{\"@type\":\"WebSite\",\"@id\":\"https:\/\/ccaphotos.ovh\/#website\",\"url\":\"https:\/\/ccaphotos.ovh\/\",\"name\":\"\",\"description\":\"\",\"publisher\":{\"@id\":\"https:\/\/ccaphotos.ovh\/#\/schema\/person\/6a8bab212e1264864a1223d4b6d9fbcd\"},\"potentialAction\":[{\"@type\":\"SearchAction\",\"target\":{\"@type\":\"EntryPoint\",\"urlTemplate\":\"https:\/\/ccaphotos.ovh\/?s={search_term_string}\"},\"query-input\":\"required name=search_term_string\"}],\"inLanguage\":\"fr-FR\"},{\"@type\":\"WebPage\",\"@id\":\"https:\/\/ccaphotos.ovh\/index.php\/couvre-feu\/#webpage\",\"url\":\"https:\/\/ccaphotos.ovh\/index.php\/couvre-feu\/\",\"name\":\"COUVRE-FEU -\",\"isPartOf\":{\"@id\":\"https:\/\/ccaphotos.ovh\/#website\"},\"datePublished\":\"2021-03-12T07:45:39+00:00\",\"dateModified\":\"2022-12-19T16:40:00+00:00\",\"breadcrumb\":{\"@id\":\"https:\/\/ccaphotos.ovh\/index.php\/couvre-feu\/#breadcrumb\"},\"inLanguage\":\"fr-FR\",\"potentialAction\":[{\"@type\":\"ReadAction\",\"target\":[\"https:\/\/ccaphotos.ovh\/index.php\/couvre-feu\/\"]}]},{\"@type\":\"BreadcrumbList\",\"@id\":\"https:\/\/ccaphotos.ovh\/index.php\/couvre-feu\/#breadcrumb\",\"itemListElement\":[{\"@type\":\"ListItem\",\"position\":1,\"name\":\"Accueil\",\"item\":\"https:\/\/ccaphotos.ovh\/\"},{\"@type\":\"ListItem\",\"position\":2,\"name\":\"COUVRE-FEU\"}]}]}<\/script>\n<!-- \/ Yoast SEO plugin. -->","yoast_head_json":{"title":"COUVRE-FEU -","robots":{"index":"index","follow":"follow","max-snippet":"max-snippet:-1","max-image-preview":"max-image-preview:large","max-video-preview":"max-video-preview:-1"},"canonical":"https:\/\/ccaphotos.ovh\/index.php\/couvre-feu\/","og_locale":"fr_FR","og_type":"article","og_title":"COUVRE-FEU -","og_description":"D\u00e9ambulation photographique au fil d&rsquo;une journ\u00e9e sous couvre-feu. Ce jour-l\u00e0, la ville d\u00e9serte se colora soudain d&rsquo;une temp\u00eate de sable venue du Sahara, la jeunesse se donna rendez-vous pour une explosion de hardcore &#8230; &nbsp; Avec des photographies de Dijon (centre-ville, quartiers Auditorium-Poincar\u00e9, place de la R\u00e9publique, Arquebuse) et de Quetigny (Cap vert) prises le [&hellip;]","og_url":"https:\/\/ccaphotos.ovh\/index.php\/couvre-feu\/","article_modified_time":"2022-12-19T16:40:00+00:00","twitter_card":"summary_large_image","schema":{"@context":"https:\/\/schema.org","@graph":[{"@type":["Person","Organization"],"@id":"https:\/\/ccaphotos.ovh\/#\/schema\/person\/6a8bab212e1264864a1223d4b6d9fbcd","name":"ClaireChatonAubey","image":{"@type":"ImageObject","@id":"https:\/\/ccaphotos.ovh\/#personlogo","inLanguage":"fr-FR","url":"https:\/\/secure.gravatar.com\/avatar\/d252b93fa90e99cd7255d4d68af882e2?s=96&d=mm&r=g","contentUrl":"https:\/\/secure.gravatar.com\/avatar\/d252b93fa90e99cd7255d4d68af882e2?s=96&d=mm&r=g","caption":"ClaireChatonAubey"},"logo":{"@id":"https:\/\/ccaphotos.ovh\/#personlogo"}},{"@type":"WebSite","@id":"https:\/\/ccaphotos.ovh\/#website","url":"https:\/\/ccaphotos.ovh\/","name":"","description":"","publisher":{"@id":"https:\/\/ccaphotos.ovh\/#\/schema\/person\/6a8bab212e1264864a1223d4b6d9fbcd"},"potentialAction":[{"@type":"SearchAction","target":{"@type":"EntryPoint","urlTemplate":"https:\/\/ccaphotos.ovh\/?s={search_term_string}"},"query-input":"required name=search_term_string"}],"inLanguage":"fr-FR"},{"@type":"WebPage","@id":"https:\/\/ccaphotos.ovh\/index.php\/couvre-feu\/#webpage","url":"https:\/\/ccaphotos.ovh\/index.php\/couvre-feu\/","name":"COUVRE-FEU -","isPartOf":{"@id":"https:\/\/ccaphotos.ovh\/#website"},"datePublished":"2021-03-12T07:45:39+00:00","dateModified":"2022-12-19T16:40:00+00:00","breadcrumb":{"@id":"https:\/\/ccaphotos.ovh\/index.php\/couvre-feu\/#breadcrumb"},"inLanguage":"fr-FR","potentialAction":[{"@type":"ReadAction","target":["https:\/\/ccaphotos.ovh\/index.php\/couvre-feu\/"]}]},{"@type":"BreadcrumbList","@id":"https:\/\/ccaphotos.ovh\/index.php\/couvre-feu\/#breadcrumb","itemListElement":[{"@type":"ListItem","position":1,"name":"Accueil","item":"https:\/\/ccaphotos.ovh\/"},{"@type":"ListItem","position":2,"name":"COUVRE-FEU"}]}]}},"_links":{"self":[{"href":"https:\/\/ccaphotos.ovh\/index.php\/wp-json\/wp\/v2\/pages\/3127"}],"collection":[{"href":"https:\/\/ccaphotos.ovh\/index.php\/wp-json\/wp\/v2\/pages"}],"about":[{"href":"https:\/\/ccaphotos.ovh\/index.php\/wp-json\/wp\/v2\/types\/page"}],"author":[{"embeddable":true,"href":"https:\/\/ccaphotos.ovh\/index.php\/wp-json\/wp\/v2\/users\/1"}],"replies":[{"embeddable":true,"href":"https:\/\/ccaphotos.ovh\/index.php\/wp-json\/wp\/v2\/comments?post=3127"}],"version-history":[{"count":30,"href":"https:\/\/ccaphotos.ovh\/index.php\/wp-json\/wp\/v2\/pages\/3127\/revisions"}],"predecessor-version":[{"id":3918,"href":"https:\/\/ccaphotos.ovh\/index.php\/wp-json\/wp\/v2\/pages\/3127\/revisions\/3918"}],"wp:attachment":[{"href":"https:\/\/ccaphotos.ovh\/index.php\/wp-json\/wp\/v2\/media?parent=3127"}],"curies":[{"name":"wp","href":"https:\/\/api.w.org\/{rel}","templated":true}]}}