{"id":3426,"date":"2021-12-28T17:55:58","date_gmt":"2021-12-28T16:55:58","guid":{"rendered":"http:\/\/ccaphotos.ovh\/?page_id=3426"},"modified":"2021-12-28T18:07:50","modified_gmt":"2021-12-28T17:07:50","slug":"haute-couture","status":"publish","type":"page","link":"https:\/\/ccaphotos.ovh\/index.php\/haute-couture\/","title":{"rendered":"HAUTE COUTURE"},"content":{"rendered":"<div class=\"n2-has-copy n2-code n2-ss-slider-shortcode-id\"><\/div>\n<div><\/div>\n<div>\n<p>Christian Dior disait \u00e0 propos de sa maison d\u2019enfance \u00e0 Granville : \u00ab\u00a0<em>elle \u00e9tait cr\u00e9pie d\u2019un rose tr\u00e8s doux, m\u00e9lang\u00e9 avec du gravier gris, et ces deux couleurs sont demeur\u00e9es en couture mes teintes de pr\u00e9dilection\u00a0\u00bb<\/em>. A l\u2019\u00e9t\u00e9 2021, l\u2019exposition DIOR EN ROSES explore les correspondances entre les sensations de son enfance dans la roseraie du jardin familial, les paysages de la baie du Mont Saint Michel et les cr\u00e9ations du grand couturier.<\/p>\n<p>La rose, c\u2019est aussi le rose, tout \u00e0 la fois une composition graphique et une infinie variation de couleurs. Des <em>Petites Filles Mod\u00e8les<\/em> de la Comtesse de S\u00e9gur \u00e0 la \u00ab femme-fleur \u00bb de 1947 avec sa silhouette en corolle, jusqu\u2019\u00e0 la femme fatale aux bustiers provocants, elle mobilise toute une symbolique qui \u00e9volue au rythme des repr\u00e9sentations d\u2019un f\u00e9minin id\u00e9alis\u00e9.<\/p>\n<p>&nbsp;<\/p>\n<p><em>(juin 2021 &#8211; montages r\u00e9alis\u00e9s d&rsquo;apr\u00e8s photos des paysages normands et des mod\u00e8les haute couture expos\u00e9s dans la villa de Granville)<\/em><\/p>\n<\/div>\n","protected":false},"excerpt":{"rendered":"<p>Christian Dior disait \u00e0 propos de sa maison d\u2019enfance \u00e0 Granville : \u00ab\u00a0elle \u00e9tait cr\u00e9pie d\u2019un rose tr\u00e8s doux, m\u00e9lang\u00e9 avec du gravier gris, et ces deux couleurs sont demeur\u00e9es en couture mes teintes de pr\u00e9dilection\u00a0\u00bb. A l\u2019\u00e9t\u00e9 2021, l\u2019exposition DIOR EN ROSES explore les correspondances entre les sensations de son enfance dans la roseraie [&hellip;]<\/p>\n","protected":false},"author":1,"featured_media":0,"parent":0,"menu_order":0,"comment_status":"closed","ping_status":"closed","template":"","meta":[],"yoast_head":"<!-- This site is optimized with the Yoast SEO plugin v18.3 - https:\/\/yoast.com\/wordpress\/plugins\/seo\/ -->\n<title>HAUTE COUTURE -<\/title>\n<meta name=\"robots\" content=\"index, follow, max-snippet:-1, max-image-preview:large, max-video-preview:-1\" \/>\n<link rel=\"canonical\" href=\"https:\/\/ccaphotos.ovh\/index.php\/haute-couture\/\" \/>\n<meta property=\"og:locale\" content=\"fr_FR\" \/>\n<meta property=\"og:type\" content=\"article\" \/>\n<meta property=\"og:title\" content=\"HAUTE COUTURE -\" \/>\n<meta property=\"og:description\" content=\"Christian Dior disait \u00e0 propos de sa maison d\u2019enfance \u00e0 Granville : \u00ab\u00a0elle \u00e9tait cr\u00e9pie d\u2019un rose tr\u00e8s doux, m\u00e9lang\u00e9 avec du gravier gris, et ces deux couleurs sont demeur\u00e9es en couture mes teintes de pr\u00e9dilection\u00a0\u00bb. A l\u2019\u00e9t\u00e9 2021, l\u2019exposition DIOR EN ROSES explore les correspondances entre les sensations de son enfance dans la roseraie [&hellip;]\" \/>\n<meta property=\"og:url\" content=\"https:\/\/ccaphotos.ovh\/index.php\/haute-couture\/\" \/>\n<meta property=\"article:modified_time\" content=\"2021-12-28T17:07:50+00:00\" \/>\n<meta name=\"twitter:card\" content=\"summary_large_image\" \/>\n<meta name=\"twitter:label1\" content=\"Dur\u00e9e de lecture estim\u00e9e\" \/>\n\t<meta name=\"twitter:data1\" content=\"1 minute\" \/>\n<script type=\"application\/ld+json\" class=\"yoast-schema-graph\">{\"@context\":\"https:\/\/schema.org\",\"@graph\":[{\"@type\":[\"Person\",\"Organization\"],\"@id\":\"https:\/\/ccaphotos.ovh\/#\/schema\/person\/6a8bab212e1264864a1223d4b6d9fbcd\",\"name\":\"ClaireChatonAubey\",\"image\":{\"@type\":\"ImageObject\",\"@id\":\"https:\/\/ccaphotos.ovh\/#personlogo\",\"inLanguage\":\"fr-FR\",\"url\":\"https:\/\/secure.gravatar.com\/avatar\/d252b93fa90e99cd7255d4d68af882e2?s=96&d=mm&r=g\",\"contentUrl\":\"https:\/\/secure.gravatar.com\/avatar\/d252b93fa90e99cd7255d4d68af882e2?s=96&d=mm&r=g\",\"caption\":\"ClaireChatonAubey\"},\"logo\":{\"@id\":\"https:\/\/ccaphotos.ovh\/#personlogo\"}},{\"@type\":\"WebSite\",\"@id\":\"https:\/\/ccaphotos.ovh\/#website\",\"url\":\"https:\/\/ccaphotos.ovh\/\",\"name\":\"\",\"description\":\"\",\"publisher\":{\"@id\":\"https:\/\/ccaphotos.ovh\/#\/schema\/person\/6a8bab212e1264864a1223d4b6d9fbcd\"},\"potentialAction\":[{\"@type\":\"SearchAction\",\"target\":{\"@type\":\"EntryPoint\",\"urlTemplate\":\"https:\/\/ccaphotos.ovh\/?s={search_term_string}\"},\"query-input\":\"required name=search_term_string\"}],\"inLanguage\":\"fr-FR\"},{\"@type\":\"WebPage\",\"@id\":\"https:\/\/ccaphotos.ovh\/index.php\/haute-couture\/#webpage\",\"url\":\"https:\/\/ccaphotos.ovh\/index.php\/haute-couture\/\",\"name\":\"HAUTE COUTURE -\",\"isPartOf\":{\"@id\":\"https:\/\/ccaphotos.ovh\/#website\"},\"datePublished\":\"2021-12-28T16:55:58+00:00\",\"dateModified\":\"2021-12-28T17:07:50+00:00\",\"breadcrumb\":{\"@id\":\"https:\/\/ccaphotos.ovh\/index.php\/haute-couture\/#breadcrumb\"},\"inLanguage\":\"fr-FR\",\"potentialAction\":[{\"@type\":\"ReadAction\",\"target\":[\"https:\/\/ccaphotos.ovh\/index.php\/haute-couture\/\"]}]},{\"@type\":\"BreadcrumbList\",\"@id\":\"https:\/\/ccaphotos.ovh\/index.php\/haute-couture\/#breadcrumb\",\"itemListElement\":[{\"@type\":\"ListItem\",\"position\":1,\"name\":\"Accueil\",\"item\":\"https:\/\/ccaphotos.ovh\/\"},{\"@type\":\"ListItem\",\"position\":2,\"name\":\"HAUTE COUTURE\"}]}]}<\/script>\n<!-- \/ Yoast SEO plugin. -->","yoast_head_json":{"title":"HAUTE COUTURE -","robots":{"index":"index","follow":"follow","max-snippet":"max-snippet:-1","max-image-preview":"max-image-preview:large","max-video-preview":"max-video-preview:-1"},"canonical":"https:\/\/ccaphotos.ovh\/index.php\/haute-couture\/","og_locale":"fr_FR","og_type":"article","og_title":"HAUTE COUTURE -","og_description":"Christian Dior disait \u00e0 propos de sa maison d\u2019enfance \u00e0 Granville : \u00ab\u00a0elle \u00e9tait cr\u00e9pie d\u2019un rose tr\u00e8s doux, m\u00e9lang\u00e9 avec du gravier gris, et ces deux couleurs sont demeur\u00e9es en couture mes teintes de pr\u00e9dilection\u00a0\u00bb. A l\u2019\u00e9t\u00e9 2021, l\u2019exposition DIOR EN ROSES explore les correspondances entre les sensations de son enfance dans la roseraie [&hellip;]","og_url":"https:\/\/ccaphotos.ovh\/index.php\/haute-couture\/","article_modified_time":"2021-12-28T17:07:50+00:00","twitter_card":"summary_large_image","twitter_misc":{"Dur\u00e9e de lecture estim\u00e9e":"1 minute"},"schema":{"@context":"https:\/\/schema.org","@graph":[{"@type":["Person","Organization"],"@id":"https:\/\/ccaphotos.ovh\/#\/schema\/person\/6a8bab212e1264864a1223d4b6d9fbcd","name":"ClaireChatonAubey","image":{"@type":"ImageObject","@id":"https:\/\/ccaphotos.ovh\/#personlogo","inLanguage":"fr-FR","url":"https:\/\/secure.gravatar.com\/avatar\/d252b93fa90e99cd7255d4d68af882e2?s=96&d=mm&r=g","contentUrl":"https:\/\/secure.gravatar.com\/avatar\/d252b93fa90e99cd7255d4d68af882e2?s=96&d=mm&r=g","caption":"ClaireChatonAubey"},"logo":{"@id":"https:\/\/ccaphotos.ovh\/#personlogo"}},{"@type":"WebSite","@id":"https:\/\/ccaphotos.ovh\/#website","url":"https:\/\/ccaphotos.ovh\/","name":"","description":"","publisher":{"@id":"https:\/\/ccaphotos.ovh\/#\/schema\/person\/6a8bab212e1264864a1223d4b6d9fbcd"},"potentialAction":[{"@type":"SearchAction","target":{"@type":"EntryPoint","urlTemplate":"https:\/\/ccaphotos.ovh\/?s={search_term_string}"},"query-input":"required name=search_term_string"}],"inLanguage":"fr-FR"},{"@type":"WebPage","@id":"https:\/\/ccaphotos.ovh\/index.php\/haute-couture\/#webpage","url":"https:\/\/ccaphotos.ovh\/index.php\/haute-couture\/","name":"HAUTE COUTURE -","isPartOf":{"@id":"https:\/\/ccaphotos.ovh\/#website"},"datePublished":"2021-12-28T16:55:58+00:00","dateModified":"2021-12-28T17:07:50+00:00","breadcrumb":{"@id":"https:\/\/ccaphotos.ovh\/index.php\/haute-couture\/#breadcrumb"},"inLanguage":"fr-FR","potentialAction":[{"@type":"ReadAction","target":["https:\/\/ccaphotos.ovh\/index.php\/haute-couture\/"]}]},{"@type":"BreadcrumbList","@id":"https:\/\/ccaphotos.ovh\/index.php\/haute-couture\/#breadcrumb","itemListElement":[{"@type":"ListItem","position":1,"name":"Accueil","item":"https:\/\/ccaphotos.ovh\/"},{"@type":"ListItem","position":2,"name":"HAUTE COUTURE"}]}]}},"_links":{"self":[{"href":"https:\/\/ccaphotos.ovh\/index.php\/wp-json\/wp\/v2\/pages\/3426"}],"collection":[{"href":"https:\/\/ccaphotos.ovh\/index.php\/wp-json\/wp\/v2\/pages"}],"about":[{"href":"https:\/\/ccaphotos.ovh\/index.php\/wp-json\/wp\/v2\/types\/page"}],"author":[{"embeddable":true,"href":"https:\/\/ccaphotos.ovh\/index.php\/wp-json\/wp\/v2\/users\/1"}],"replies":[{"embeddable":true,"href":"https:\/\/ccaphotos.ovh\/index.php\/wp-json\/wp\/v2\/comments?post=3426"}],"version-history":[{"count":5,"href":"https:\/\/ccaphotos.ovh\/index.php\/wp-json\/wp\/v2\/pages\/3426\/revisions"}],"predecessor-version":[{"id":3488,"href":"https:\/\/ccaphotos.ovh\/index.php\/wp-json\/wp\/v2\/pages\/3426\/revisions\/3488"}],"wp:attachment":[{"href":"https:\/\/ccaphotos.ovh\/index.php\/wp-json\/wp\/v2\/media?parent=3426"}],"curies":[{"name":"wp","href":"https:\/\/api.w.org\/{rel}","templated":true}]}}