{"id":3600,"date":"2022-02-06T09:14:46","date_gmt":"2022-02-06T08:14:46","guid":{"rendered":"http:\/\/ccaphotos.ovh\/?page_id=3600"},"modified":"2022-12-19T17:44:29","modified_gmt":"2022-12-19T16:44:29","slug":"adieu-2020","status":"publish","type":"page","link":"https:\/\/ccaphotos.ovh\/index.php\/adieu-2020\/","title":{"rendered":"ADIEU 2020"},"content":{"rendered":"<p style=\"text-align: left; padding-left: 80px;\">J&rsquo;avais d\u00e9cid\u00e9 de faire une photo par jour pendant les 55 jours du premier confinement. La vignette de pr\u00e9sentation de cette vid\u00e9o, qui m&rsquo;a servi de carte de v\u0153ux<\/p>\n<p style=\"text-align: left; padding-left: 80px;\">pour 2021, est celle du vingti\u00e8me jour. Nous \u00e9tions le 5 avril, derri\u00e8re la cl\u00f4ture il faisait d\u00e9j\u00e0 tr\u00e8s chaud pour la saison.<\/p>\n<p>&nbsp;<\/p>\n<p style=\"text-align: center;\"><iframe loading=\"lazy\" title=\"Claire_Adieu_2020_ultraHD\" src=\"https:\/\/player.vimeo.com\/video\/673878269?h=71c60f2b59&amp;title=0&amp;byline=0&amp;portrait=0&amp;speed=0&amp;badge=0&amp;autopause=0&amp;player_id=0&amp;app_id=58479\" width=\"1000\" height=\"563\" frameborder=\"0\" allowfullscreen=\"allowfullscreen\"><\/iframe><\/p>\n","protected":false},"excerpt":{"rendered":"<p>J&rsquo;avais d\u00e9cid\u00e9 de faire une photo par jour pendant les 55 jours du premier confinement. La vignette de pr\u00e9sentation de cette vid\u00e9o, qui m&rsquo;a servi de carte de v\u0153ux pour 2021, est celle du vingti\u00e8me jour. Nous \u00e9tions le 5 avril, derri\u00e8re la cl\u00f4ture il faisait d\u00e9j\u00e0 tr\u00e8s chaud pour la saison. &nbsp;<\/p>\n","protected":false},"author":1,"featured_media":0,"parent":0,"menu_order":0,"comment_status":"closed","ping_status":"closed","template":"","meta":[],"yoast_head":"<!-- This site is optimized with the Yoast SEO plugin v18.3 - https:\/\/yoast.com\/wordpress\/plugins\/seo\/ -->\n<title>ADIEU 2020 -<\/title>\n<meta name=\"robots\" content=\"index, follow, max-snippet:-1, max-image-preview:large, max-video-preview:-1\" \/>\n<link rel=\"canonical\" href=\"https:\/\/ccaphotos.ovh\/index.php\/adieu-2020\/\" \/>\n<meta property=\"og:locale\" content=\"fr_FR\" \/>\n<meta property=\"og:type\" content=\"article\" \/>\n<meta property=\"og:title\" content=\"ADIEU 2020 -\" \/>\n<meta property=\"og:description\" content=\"J&rsquo;avais d\u00e9cid\u00e9 de faire une photo par jour pendant les 55 jours du premier confinement. La vignette de pr\u00e9sentation de cette vid\u00e9o, qui m&rsquo;a servi de carte de v\u0153ux pour 2021, est celle du vingti\u00e8me jour. Nous \u00e9tions le 5 avril, derri\u00e8re la cl\u00f4ture il faisait d\u00e9j\u00e0 tr\u00e8s chaud pour la saison. &nbsp;\" \/>\n<meta property=\"og:url\" content=\"https:\/\/ccaphotos.ovh\/index.php\/adieu-2020\/\" \/>\n<meta property=\"article:modified_time\" content=\"2022-12-19T16:44:29+00:00\" \/>\n<meta name=\"twitter:card\" content=\"summary_large_image\" \/>\n<script type=\"application\/ld+json\" class=\"yoast-schema-graph\">{\"@context\":\"https:\/\/schema.org\",\"@graph\":[{\"@type\":[\"Person\",\"Organization\"],\"@id\":\"https:\/\/ccaphotos.ovh\/#\/schema\/person\/6a8bab212e1264864a1223d4b6d9fbcd\",\"name\":\"ClaireChatonAubey\",\"image\":{\"@type\":\"ImageObject\",\"@id\":\"https:\/\/ccaphotos.ovh\/#personlogo\",\"inLanguage\":\"fr-FR\",\"url\":\"https:\/\/secure.gravatar.com\/avatar\/d252b93fa90e99cd7255d4d68af882e2?s=96&d=mm&r=g\",\"contentUrl\":\"https:\/\/secure.gravatar.com\/avatar\/d252b93fa90e99cd7255d4d68af882e2?s=96&d=mm&r=g\",\"caption\":\"ClaireChatonAubey\"},\"logo\":{\"@id\":\"https:\/\/ccaphotos.ovh\/#personlogo\"}},{\"@type\":\"WebSite\",\"@id\":\"https:\/\/ccaphotos.ovh\/#website\",\"url\":\"https:\/\/ccaphotos.ovh\/\",\"name\":\"\",\"description\":\"\",\"publisher\":{\"@id\":\"https:\/\/ccaphotos.ovh\/#\/schema\/person\/6a8bab212e1264864a1223d4b6d9fbcd\"},\"potentialAction\":[{\"@type\":\"SearchAction\",\"target\":{\"@type\":\"EntryPoint\",\"urlTemplate\":\"https:\/\/ccaphotos.ovh\/?s={search_term_string}\"},\"query-input\":\"required name=search_term_string\"}],\"inLanguage\":\"fr-FR\"},{\"@type\":\"WebPage\",\"@id\":\"https:\/\/ccaphotos.ovh\/index.php\/adieu-2020\/#webpage\",\"url\":\"https:\/\/ccaphotos.ovh\/index.php\/adieu-2020\/\",\"name\":\"ADIEU 2020 -\",\"isPartOf\":{\"@id\":\"https:\/\/ccaphotos.ovh\/#website\"},\"datePublished\":\"2022-02-06T08:14:46+00:00\",\"dateModified\":\"2022-12-19T16:44:29+00:00\",\"breadcrumb\":{\"@id\":\"https:\/\/ccaphotos.ovh\/index.php\/adieu-2020\/#breadcrumb\"},\"inLanguage\":\"fr-FR\",\"potentialAction\":[{\"@type\":\"ReadAction\",\"target\":[\"https:\/\/ccaphotos.ovh\/index.php\/adieu-2020\/\"]}]},{\"@type\":\"BreadcrumbList\",\"@id\":\"https:\/\/ccaphotos.ovh\/index.php\/adieu-2020\/#breadcrumb\",\"itemListElement\":[{\"@type\":\"ListItem\",\"position\":1,\"name\":\"Accueil\",\"item\":\"https:\/\/ccaphotos.ovh\/\"},{\"@type\":\"ListItem\",\"position\":2,\"name\":\"ADIEU 2020\"}]}]}<\/script>\n<!-- \/ Yoast SEO plugin. -->","yoast_head_json":{"title":"ADIEU 2020 -","robots":{"index":"index","follow":"follow","max-snippet":"max-snippet:-1","max-image-preview":"max-image-preview:large","max-video-preview":"max-video-preview:-1"},"canonical":"https:\/\/ccaphotos.ovh\/index.php\/adieu-2020\/","og_locale":"fr_FR","og_type":"article","og_title":"ADIEU 2020 -","og_description":"J&rsquo;avais d\u00e9cid\u00e9 de faire une photo par jour pendant les 55 jours du premier confinement. La vignette de pr\u00e9sentation de cette vid\u00e9o, qui m&rsquo;a servi de carte de v\u0153ux pour 2021, est celle du vingti\u00e8me jour. Nous \u00e9tions le 5 avril, derri\u00e8re la cl\u00f4ture il faisait d\u00e9j\u00e0 tr\u00e8s chaud pour la saison. &nbsp;","og_url":"https:\/\/ccaphotos.ovh\/index.php\/adieu-2020\/","article_modified_time":"2022-12-19T16:44:29+00:00","twitter_card":"summary_large_image","schema":{"@context":"https:\/\/schema.org","@graph":[{"@type":["Person","Organization"],"@id":"https:\/\/ccaphotos.ovh\/#\/schema\/person\/6a8bab212e1264864a1223d4b6d9fbcd","name":"ClaireChatonAubey","image":{"@type":"ImageObject","@id":"https:\/\/ccaphotos.ovh\/#personlogo","inLanguage":"fr-FR","url":"https:\/\/secure.gravatar.com\/avatar\/d252b93fa90e99cd7255d4d68af882e2?s=96&d=mm&r=g","contentUrl":"https:\/\/secure.gravatar.com\/avatar\/d252b93fa90e99cd7255d4d68af882e2?s=96&d=mm&r=g","caption":"ClaireChatonAubey"},"logo":{"@id":"https:\/\/ccaphotos.ovh\/#personlogo"}},{"@type":"WebSite","@id":"https:\/\/ccaphotos.ovh\/#website","url":"https:\/\/ccaphotos.ovh\/","name":"","description":"","publisher":{"@id":"https:\/\/ccaphotos.ovh\/#\/schema\/person\/6a8bab212e1264864a1223d4b6d9fbcd"},"potentialAction":[{"@type":"SearchAction","target":{"@type":"EntryPoint","urlTemplate":"https:\/\/ccaphotos.ovh\/?s={search_term_string}"},"query-input":"required name=search_term_string"}],"inLanguage":"fr-FR"},{"@type":"WebPage","@id":"https:\/\/ccaphotos.ovh\/index.php\/adieu-2020\/#webpage","url":"https:\/\/ccaphotos.ovh\/index.php\/adieu-2020\/","name":"ADIEU 2020 -","isPartOf":{"@id":"https:\/\/ccaphotos.ovh\/#website"},"datePublished":"2022-02-06T08:14:46+00:00","dateModified":"2022-12-19T16:44:29+00:00","breadcrumb":{"@id":"https:\/\/ccaphotos.ovh\/index.php\/adieu-2020\/#breadcrumb"},"inLanguage":"fr-FR","potentialAction":[{"@type":"ReadAction","target":["https:\/\/ccaphotos.ovh\/index.php\/adieu-2020\/"]}]},{"@type":"BreadcrumbList","@id":"https:\/\/ccaphotos.ovh\/index.php\/adieu-2020\/#breadcrumb","itemListElement":[{"@type":"ListItem","position":1,"name":"Accueil","item":"https:\/\/ccaphotos.ovh\/"},{"@type":"ListItem","position":2,"name":"ADIEU 2020"}]}]}},"_links":{"self":[{"href":"https:\/\/ccaphotos.ovh\/index.php\/wp-json\/wp\/v2\/pages\/3600"}],"collection":[{"href":"https:\/\/ccaphotos.ovh\/index.php\/wp-json\/wp\/v2\/pages"}],"about":[{"href":"https:\/\/ccaphotos.ovh\/index.php\/wp-json\/wp\/v2\/types\/page"}],"author":[{"embeddable":true,"href":"https:\/\/ccaphotos.ovh\/index.php\/wp-json\/wp\/v2\/users\/1"}],"replies":[{"embeddable":true,"href":"https:\/\/ccaphotos.ovh\/index.php\/wp-json\/wp\/v2\/comments?post=3600"}],"version-history":[{"count":16,"href":"https:\/\/ccaphotos.ovh\/index.php\/wp-json\/wp\/v2\/pages\/3600\/revisions"}],"predecessor-version":[{"id":3921,"href":"https:\/\/ccaphotos.ovh\/index.php\/wp-json\/wp\/v2\/pages\/3600\/revisions\/3921"}],"wp:attachment":[{"href":"https:\/\/ccaphotos.ovh\/index.php\/wp-json\/wp\/v2\/media?parent=3600"}],"curies":[{"name":"wp","href":"https:\/\/api.w.org\/{rel}","templated":true}]}}