{"id":3644,"date":"2022-02-06T15:33:17","date_gmt":"2022-02-06T14:33:17","guid":{"rendered":"http:\/\/ccaphotos.ovh\/?page_id=3644"},"modified":"2025-09-02T08:53:39","modified_gmt":"2025-09-02T06:53:39","slug":"une-facade-pour-memoire","status":"publish","type":"page","link":"https:\/\/ccaphotos.ovh\/index.php\/une-facade-pour-memoire\/","title":{"rendered":"UNE FA\u00c7ADE POUR M\u00c9MOIRE"},"content":{"rendered":"<p style=\"padding-left: 80px;\">Balade musicale et po\u00e9tique autour de la d\u00e9molition de l&rsquo;ancienne usine de motos TERROT, lieu de m\u00e9moire ouvri\u00e8re et fleuron de l&rsquo;architecture industrielle du d\u00e9but<\/p>\n<p style=\"padding-left: 80px;\">du XX\u00e8me si\u00e8cle. Le vaste projet immobilier qui la remplacera pr\u00e9voit de conserver uniquement la fa\u00e7ade Art d\u00e9co.<\/p>\n<p>&nbsp;<\/p>\n<p style=\"text-align: center;\"><iframe loading=\"lazy\" title=\"terrot_v6_TVHD.mp4\" src=\"https:\/\/player.vimeo.com\/video\/673880318?h=c566b7c501&amp;title=0&amp;byline=0&amp;portrait=0&amp;speed=0&amp;badge=0&amp;autopause=0&amp;player_id=0&amp;app_id=58479\" width=\"1000\" height=\"563\" frameborder=\"0\" allowfullscreen=\"allowfullscreen\"><\/iframe><\/p>\n<p style=\"padding-left: 80px;\"><span style=\"font-size: 10pt;\">Dijon, boulevard Voltaire, avril 2021\u00a0 \u00a0 \u00a0 \u00a0 \u00a0 \u00a0 \u00a0 \u00a0 \u00a0 \u00a0 \u00a0 \u00a0 \u00a0 \u00a0 \u00a0 \u00a0 \u00a0 \u00a0 \u00a0 \u00a0 \u00a0 \u00a0 \u00a0 \u00a0 \u00a0 \u00a0 \u00a0 \u00a0 \u00a0 \u00a0 \u00a0 \u00a0 \u00a0 \u00a0 \u00a0 \u00a0 \u00a0 \u00a0 \u00a0 \u00a0 \u00a0 \u00a0 \u00a0 \u00a0 \u00a0 \u00a0 \u00a0 \u00a0 \u00a0 \u00a0 \u00a0 \u00a0 \u00a0 \u00a0 \u00a0 \u00a0 \u00a0 \u00a0 \u00a0 \u00a0 \u00a0 \u00a0 \u00a0 \u00a0 \u00a0 \u00a0 \u00a0 \u00a0 \u00a0 \u00a0 \u00a0 \u00a0 \u00a0 \u00a0 \u00a0 \u00a0 \u00a0 \u00a0 \u00a0 \u00a0 \u00a0 \u00a0 \u00a0 \u00a0 \u00a0 \u00a0 \u00a0 \u00a0 \u00a0 \u00a0 \u00a0 \u00a0 \u00a0 \u00a0 \u00a0 \u00a0 \u00a0 \u00a0 \u00a0 \u00a0 \u00a0 \u00a0 \u00a0 \u00a0 \u00a0 \u00a0 \u00a0 \u00a0 \u00a0 \u00a0 \u00a0 \u00a0<em>Portfolio vues 9883 \u00e0 9869<\/em><\/span><\/p>\n<p style=\"padding-left: 80px;\">\n","protected":false},"excerpt":{"rendered":"<p>Balade musicale et po\u00e9tique autour de la d\u00e9molition de l&rsquo;ancienne usine de motos TERROT, lieu de m\u00e9moire ouvri\u00e8re et fleuron de l&rsquo;architecture industrielle du d\u00e9but du XX\u00e8me si\u00e8cle. Le vaste projet immobilier qui la remplacera pr\u00e9voit de conserver uniquement la fa\u00e7ade Art d\u00e9co. &nbsp; Dijon, boulevard Voltaire, avril 2021\u00a0 \u00a0 \u00a0 \u00a0 \u00a0 \u00a0 \u00a0 [&hellip;]<\/p>\n","protected":false},"author":1,"featured_media":0,"parent":0,"menu_order":0,"comment_status":"closed","ping_status":"closed","template":"","meta":[],"yoast_head":"<!-- This site is optimized with the Yoast SEO plugin v18.3 - https:\/\/yoast.com\/wordpress\/plugins\/seo\/ -->\n<title>UNE FA\u00c7ADE POUR M\u00c9MOIRE -<\/title>\n<meta name=\"robots\" content=\"index, follow, max-snippet:-1, max-image-preview:large, max-video-preview:-1\" \/>\n<link rel=\"canonical\" href=\"https:\/\/ccaphotos.ovh\/index.php\/une-facade-pour-memoire\/\" \/>\n<meta property=\"og:locale\" content=\"fr_FR\" \/>\n<meta property=\"og:type\" content=\"article\" \/>\n<meta property=\"og:title\" content=\"UNE FA\u00c7ADE POUR M\u00c9MOIRE -\" \/>\n<meta property=\"og:description\" content=\"Balade musicale et po\u00e9tique autour de la d\u00e9molition de l&rsquo;ancienne usine de motos TERROT, lieu de m\u00e9moire ouvri\u00e8re et fleuron de l&rsquo;architecture industrielle du d\u00e9but du XX\u00e8me si\u00e8cle. Le vaste projet immobilier qui la remplacera pr\u00e9voit de conserver uniquement la fa\u00e7ade Art d\u00e9co. &nbsp; Dijon, boulevard Voltaire, avril 2021\u00a0 \u00a0 \u00a0 \u00a0 \u00a0 \u00a0 \u00a0 [&hellip;]\" \/>\n<meta property=\"og:url\" content=\"https:\/\/ccaphotos.ovh\/index.php\/une-facade-pour-memoire\/\" \/>\n<meta property=\"article:modified_time\" content=\"2025-09-02T06:53:39+00:00\" \/>\n<meta name=\"twitter:card\" content=\"summary_large_image\" \/>\n<script type=\"application\/ld+json\" class=\"yoast-schema-graph\">{\"@context\":\"https:\/\/schema.org\",\"@graph\":[{\"@type\":[\"Person\",\"Organization\"],\"@id\":\"https:\/\/ccaphotos.ovh\/#\/schema\/person\/6a8bab212e1264864a1223d4b6d9fbcd\",\"name\":\"ClaireChatonAubey\",\"image\":{\"@type\":\"ImageObject\",\"@id\":\"https:\/\/ccaphotos.ovh\/#personlogo\",\"inLanguage\":\"fr-FR\",\"url\":\"https:\/\/secure.gravatar.com\/avatar\/d252b93fa90e99cd7255d4d68af882e2?s=96&d=mm&r=g\",\"contentUrl\":\"https:\/\/secure.gravatar.com\/avatar\/d252b93fa90e99cd7255d4d68af882e2?s=96&d=mm&r=g\",\"caption\":\"ClaireChatonAubey\"},\"logo\":{\"@id\":\"https:\/\/ccaphotos.ovh\/#personlogo\"}},{\"@type\":\"WebSite\",\"@id\":\"https:\/\/ccaphotos.ovh\/#website\",\"url\":\"https:\/\/ccaphotos.ovh\/\",\"name\":\"\",\"description\":\"\",\"publisher\":{\"@id\":\"https:\/\/ccaphotos.ovh\/#\/schema\/person\/6a8bab212e1264864a1223d4b6d9fbcd\"},\"potentialAction\":[{\"@type\":\"SearchAction\",\"target\":{\"@type\":\"EntryPoint\",\"urlTemplate\":\"https:\/\/ccaphotos.ovh\/?s={search_term_string}\"},\"query-input\":\"required name=search_term_string\"}],\"inLanguage\":\"fr-FR\"},{\"@type\":\"WebPage\",\"@id\":\"https:\/\/ccaphotos.ovh\/index.php\/une-facade-pour-memoire\/#webpage\",\"url\":\"https:\/\/ccaphotos.ovh\/index.php\/une-facade-pour-memoire\/\",\"name\":\"UNE FA\u00c7ADE POUR M\u00c9MOIRE -\",\"isPartOf\":{\"@id\":\"https:\/\/ccaphotos.ovh\/#website\"},\"datePublished\":\"2022-02-06T14:33:17+00:00\",\"dateModified\":\"2025-09-02T06:53:39+00:00\",\"breadcrumb\":{\"@id\":\"https:\/\/ccaphotos.ovh\/index.php\/une-facade-pour-memoire\/#breadcrumb\"},\"inLanguage\":\"fr-FR\",\"potentialAction\":[{\"@type\":\"ReadAction\",\"target\":[\"https:\/\/ccaphotos.ovh\/index.php\/une-facade-pour-memoire\/\"]}]},{\"@type\":\"BreadcrumbList\",\"@id\":\"https:\/\/ccaphotos.ovh\/index.php\/une-facade-pour-memoire\/#breadcrumb\",\"itemListElement\":[{\"@type\":\"ListItem\",\"position\":1,\"name\":\"Accueil\",\"item\":\"https:\/\/ccaphotos.ovh\/\"},{\"@type\":\"ListItem\",\"position\":2,\"name\":\"UNE FA\u00c7ADE POUR M\u00c9MOIRE\"}]}]}<\/script>\n<!-- \/ Yoast SEO plugin. -->","yoast_head_json":{"title":"UNE FA\u00c7ADE POUR M\u00c9MOIRE -","robots":{"index":"index","follow":"follow","max-snippet":"max-snippet:-1","max-image-preview":"max-image-preview:large","max-video-preview":"max-video-preview:-1"},"canonical":"https:\/\/ccaphotos.ovh\/index.php\/une-facade-pour-memoire\/","og_locale":"fr_FR","og_type":"article","og_title":"UNE FA\u00c7ADE POUR M\u00c9MOIRE -","og_description":"Balade musicale et po\u00e9tique autour de la d\u00e9molition de l&rsquo;ancienne usine de motos TERROT, lieu de m\u00e9moire ouvri\u00e8re et fleuron de l&rsquo;architecture industrielle du d\u00e9but du XX\u00e8me si\u00e8cle. Le vaste projet immobilier qui la remplacera pr\u00e9voit de conserver uniquement la fa\u00e7ade Art d\u00e9co. &nbsp; Dijon, boulevard Voltaire, avril 2021\u00a0 \u00a0 \u00a0 \u00a0 \u00a0 \u00a0 \u00a0 [&hellip;]","og_url":"https:\/\/ccaphotos.ovh\/index.php\/une-facade-pour-memoire\/","article_modified_time":"2025-09-02T06:53:39+00:00","twitter_card":"summary_large_image","schema":{"@context":"https:\/\/schema.org","@graph":[{"@type":["Person","Organization"],"@id":"https:\/\/ccaphotos.ovh\/#\/schema\/person\/6a8bab212e1264864a1223d4b6d9fbcd","name":"ClaireChatonAubey","image":{"@type":"ImageObject","@id":"https:\/\/ccaphotos.ovh\/#personlogo","inLanguage":"fr-FR","url":"https:\/\/secure.gravatar.com\/avatar\/d252b93fa90e99cd7255d4d68af882e2?s=96&d=mm&r=g","contentUrl":"https:\/\/secure.gravatar.com\/avatar\/d252b93fa90e99cd7255d4d68af882e2?s=96&d=mm&r=g","caption":"ClaireChatonAubey"},"logo":{"@id":"https:\/\/ccaphotos.ovh\/#personlogo"}},{"@type":"WebSite","@id":"https:\/\/ccaphotos.ovh\/#website","url":"https:\/\/ccaphotos.ovh\/","name":"","description":"","publisher":{"@id":"https:\/\/ccaphotos.ovh\/#\/schema\/person\/6a8bab212e1264864a1223d4b6d9fbcd"},"potentialAction":[{"@type":"SearchAction","target":{"@type":"EntryPoint","urlTemplate":"https:\/\/ccaphotos.ovh\/?s={search_term_string}"},"query-input":"required name=search_term_string"}],"inLanguage":"fr-FR"},{"@type":"WebPage","@id":"https:\/\/ccaphotos.ovh\/index.php\/une-facade-pour-memoire\/#webpage","url":"https:\/\/ccaphotos.ovh\/index.php\/une-facade-pour-memoire\/","name":"UNE FA\u00c7ADE POUR M\u00c9MOIRE -","isPartOf":{"@id":"https:\/\/ccaphotos.ovh\/#website"},"datePublished":"2022-02-06T14:33:17+00:00","dateModified":"2025-09-02T06:53:39+00:00","breadcrumb":{"@id":"https:\/\/ccaphotos.ovh\/index.php\/une-facade-pour-memoire\/#breadcrumb"},"inLanguage":"fr-FR","potentialAction":[{"@type":"ReadAction","target":["https:\/\/ccaphotos.ovh\/index.php\/une-facade-pour-memoire\/"]}]},{"@type":"BreadcrumbList","@id":"https:\/\/ccaphotos.ovh\/index.php\/une-facade-pour-memoire\/#breadcrumb","itemListElement":[{"@type":"ListItem","position":1,"name":"Accueil","item":"https:\/\/ccaphotos.ovh\/"},{"@type":"ListItem","position":2,"name":"UNE FA\u00c7ADE POUR M\u00c9MOIRE"}]}]}},"_links":{"self":[{"href":"https:\/\/ccaphotos.ovh\/index.php\/wp-json\/wp\/v2\/pages\/3644"}],"collection":[{"href":"https:\/\/ccaphotos.ovh\/index.php\/wp-json\/wp\/v2\/pages"}],"about":[{"href":"https:\/\/ccaphotos.ovh\/index.php\/wp-json\/wp\/v2\/types\/page"}],"author":[{"embeddable":true,"href":"https:\/\/ccaphotos.ovh\/index.php\/wp-json\/wp\/v2\/users\/1"}],"replies":[{"embeddable":true,"href":"https:\/\/ccaphotos.ovh\/index.php\/wp-json\/wp\/v2\/comments?post=3644"}],"version-history":[{"count":11,"href":"https:\/\/ccaphotos.ovh\/index.php\/wp-json\/wp\/v2\/pages\/3644\/revisions"}],"predecessor-version":[{"id":4330,"href":"https:\/\/ccaphotos.ovh\/index.php\/wp-json\/wp\/v2\/pages\/3644\/revisions\/4330"}],"wp:attachment":[{"href":"https:\/\/ccaphotos.ovh\/index.php\/wp-json\/wp\/v2\/media?parent=3644"}],"curies":[{"name":"wp","href":"https:\/\/api.w.org\/{rel}","templated":true}]}}