{"id":3712,"date":"2022-05-09T14:36:00","date_gmt":"2022-05-09T12:36:00","guid":{"rendered":"http:\/\/ccaphotos.ovh\/?page_id=3712"},"modified":"2022-05-09T14:36:00","modified_gmt":"2022-05-09T12:36:00","slug":"parcours-de-femmes","status":"publish","type":"page","link":"https:\/\/ccaphotos.ovh\/index.php\/parcours-de-femmes\/","title":{"rendered":"PARCOURS DE FEMMES"},"content":{"rendered":"<p style=\"text-align: justify;\">Immersion sensible dans un monde d\u2019entraide et de solidarit\u00e9s f\u00e9minines, ce reportage photographique suit un groupe de femmes de la m\u00e9tropole dijonnaise tout au long d\u2019une s\u00e9rie d\u2019ateliers &#8211; danse orientale, arts plastiques, \u00e9criture &#8211; o\u00f9 elles retrouvent la confiance en leur capacit\u00e9 d\u2019agir sur leur quotidien et d\u00e9couvrent ensemble les sensations oubli\u00e9es du <em>temps rien qu\u2019\u00e0 soi<\/em>.<\/p>\n<p><em>novembre 2021 \u00e0 avril 2022<\/em><\/p>\n<div class=\"n2_ss_slider_publish__option_code\" dir=\"ltr\" data-mode=\"id\"><\/div>\n<p><em>\u00a0<\/em><\/p>\n<p>&nbsp;<\/p>\n","protected":false},"excerpt":{"rendered":"<p>Immersion sensible dans un monde d\u2019entraide et de solidarit\u00e9s f\u00e9minines, ce reportage photographique suit un groupe de femmes de la m\u00e9tropole dijonnaise tout au long d\u2019une s\u00e9rie d\u2019ateliers &#8211; danse orientale, arts plastiques, \u00e9criture &#8211; o\u00f9 elles retrouvent la confiance en leur capacit\u00e9 d\u2019agir sur leur quotidien et d\u00e9couvrent ensemble les sensations oubli\u00e9es du temps [&hellip;]<\/p>\n","protected":false},"author":1,"featured_media":0,"parent":0,"menu_order":0,"comment_status":"closed","ping_status":"closed","template":"","meta":[],"yoast_head":"<!-- This site is optimized with the Yoast SEO plugin v18.3 - https:\/\/yoast.com\/wordpress\/plugins\/seo\/ -->\n<title>PARCOURS DE FEMMES -<\/title>\n<meta name=\"robots\" content=\"index, follow, max-snippet:-1, max-image-preview:large, max-video-preview:-1\" \/>\n<link rel=\"canonical\" href=\"https:\/\/ccaphotos.ovh\/index.php\/parcours-de-femmes\/\" \/>\n<meta property=\"og:locale\" content=\"fr_FR\" \/>\n<meta property=\"og:type\" content=\"article\" \/>\n<meta property=\"og:title\" content=\"PARCOURS DE FEMMES -\" \/>\n<meta property=\"og:description\" content=\"Immersion sensible dans un monde d\u2019entraide et de solidarit\u00e9s f\u00e9minines, ce reportage photographique suit un groupe de femmes de la m\u00e9tropole dijonnaise tout au long d\u2019une s\u00e9rie d\u2019ateliers &#8211; danse orientale, arts plastiques, \u00e9criture &#8211; o\u00f9 elles retrouvent la confiance en leur capacit\u00e9 d\u2019agir sur leur quotidien et d\u00e9couvrent ensemble les sensations oubli\u00e9es du temps [&hellip;]\" \/>\n<meta property=\"og:url\" content=\"https:\/\/ccaphotos.ovh\/index.php\/parcours-de-femmes\/\" \/>\n<meta name=\"twitter:card\" content=\"summary_large_image\" \/>\n<script type=\"application\/ld+json\" class=\"yoast-schema-graph\">{\"@context\":\"https:\/\/schema.org\",\"@graph\":[{\"@type\":[\"Person\",\"Organization\"],\"@id\":\"https:\/\/ccaphotos.ovh\/#\/schema\/person\/6a8bab212e1264864a1223d4b6d9fbcd\",\"name\":\"ClaireChatonAubey\",\"image\":{\"@type\":\"ImageObject\",\"@id\":\"https:\/\/ccaphotos.ovh\/#personlogo\",\"inLanguage\":\"fr-FR\",\"url\":\"https:\/\/secure.gravatar.com\/avatar\/d252b93fa90e99cd7255d4d68af882e2?s=96&d=mm&r=g\",\"contentUrl\":\"https:\/\/secure.gravatar.com\/avatar\/d252b93fa90e99cd7255d4d68af882e2?s=96&d=mm&r=g\",\"caption\":\"ClaireChatonAubey\"},\"logo\":{\"@id\":\"https:\/\/ccaphotos.ovh\/#personlogo\"}},{\"@type\":\"WebSite\",\"@id\":\"https:\/\/ccaphotos.ovh\/#website\",\"url\":\"https:\/\/ccaphotos.ovh\/\",\"name\":\"\",\"description\":\"\",\"publisher\":{\"@id\":\"https:\/\/ccaphotos.ovh\/#\/schema\/person\/6a8bab212e1264864a1223d4b6d9fbcd\"},\"potentialAction\":[{\"@type\":\"SearchAction\",\"target\":{\"@type\":\"EntryPoint\",\"urlTemplate\":\"https:\/\/ccaphotos.ovh\/?s={search_term_string}\"},\"query-input\":\"required name=search_term_string\"}],\"inLanguage\":\"fr-FR\"},{\"@type\":\"WebPage\",\"@id\":\"https:\/\/ccaphotos.ovh\/index.php\/parcours-de-femmes\/#webpage\",\"url\":\"https:\/\/ccaphotos.ovh\/index.php\/parcours-de-femmes\/\",\"name\":\"PARCOURS DE FEMMES -\",\"isPartOf\":{\"@id\":\"https:\/\/ccaphotos.ovh\/#website\"},\"datePublished\":\"2022-05-09T12:36:00+00:00\",\"dateModified\":\"2022-05-09T12:36:00+00:00\",\"breadcrumb\":{\"@id\":\"https:\/\/ccaphotos.ovh\/index.php\/parcours-de-femmes\/#breadcrumb\"},\"inLanguage\":\"fr-FR\",\"potentialAction\":[{\"@type\":\"ReadAction\",\"target\":[\"https:\/\/ccaphotos.ovh\/index.php\/parcours-de-femmes\/\"]}]},{\"@type\":\"BreadcrumbList\",\"@id\":\"https:\/\/ccaphotos.ovh\/index.php\/parcours-de-femmes\/#breadcrumb\",\"itemListElement\":[{\"@type\":\"ListItem\",\"position\":1,\"name\":\"Accueil\",\"item\":\"https:\/\/ccaphotos.ovh\/\"},{\"@type\":\"ListItem\",\"position\":2,\"name\":\"PARCOURS DE FEMMES\"}]}]}<\/script>\n<!-- \/ Yoast SEO plugin. -->","yoast_head_json":{"title":"PARCOURS DE FEMMES -","robots":{"index":"index","follow":"follow","max-snippet":"max-snippet:-1","max-image-preview":"max-image-preview:large","max-video-preview":"max-video-preview:-1"},"canonical":"https:\/\/ccaphotos.ovh\/index.php\/parcours-de-femmes\/","og_locale":"fr_FR","og_type":"article","og_title":"PARCOURS DE FEMMES -","og_description":"Immersion sensible dans un monde d\u2019entraide et de solidarit\u00e9s f\u00e9minines, ce reportage photographique suit un groupe de femmes de la m\u00e9tropole dijonnaise tout au long d\u2019une s\u00e9rie d\u2019ateliers &#8211; danse orientale, arts plastiques, \u00e9criture &#8211; o\u00f9 elles retrouvent la confiance en leur capacit\u00e9 d\u2019agir sur leur quotidien et d\u00e9couvrent ensemble les sensations oubli\u00e9es du temps [&hellip;]","og_url":"https:\/\/ccaphotos.ovh\/index.php\/parcours-de-femmes\/","twitter_card":"summary_large_image","schema":{"@context":"https:\/\/schema.org","@graph":[{"@type":["Person","Organization"],"@id":"https:\/\/ccaphotos.ovh\/#\/schema\/person\/6a8bab212e1264864a1223d4b6d9fbcd","name":"ClaireChatonAubey","image":{"@type":"ImageObject","@id":"https:\/\/ccaphotos.ovh\/#personlogo","inLanguage":"fr-FR","url":"https:\/\/secure.gravatar.com\/avatar\/d252b93fa90e99cd7255d4d68af882e2?s=96&d=mm&r=g","contentUrl":"https:\/\/secure.gravatar.com\/avatar\/d252b93fa90e99cd7255d4d68af882e2?s=96&d=mm&r=g","caption":"ClaireChatonAubey"},"logo":{"@id":"https:\/\/ccaphotos.ovh\/#personlogo"}},{"@type":"WebSite","@id":"https:\/\/ccaphotos.ovh\/#website","url":"https:\/\/ccaphotos.ovh\/","name":"","description":"","publisher":{"@id":"https:\/\/ccaphotos.ovh\/#\/schema\/person\/6a8bab212e1264864a1223d4b6d9fbcd"},"potentialAction":[{"@type":"SearchAction","target":{"@type":"EntryPoint","urlTemplate":"https:\/\/ccaphotos.ovh\/?s={search_term_string}"},"query-input":"required name=search_term_string"}],"inLanguage":"fr-FR"},{"@type":"WebPage","@id":"https:\/\/ccaphotos.ovh\/index.php\/parcours-de-femmes\/#webpage","url":"https:\/\/ccaphotos.ovh\/index.php\/parcours-de-femmes\/","name":"PARCOURS DE FEMMES -","isPartOf":{"@id":"https:\/\/ccaphotos.ovh\/#website"},"datePublished":"2022-05-09T12:36:00+00:00","dateModified":"2022-05-09T12:36:00+00:00","breadcrumb":{"@id":"https:\/\/ccaphotos.ovh\/index.php\/parcours-de-femmes\/#breadcrumb"},"inLanguage":"fr-FR","potentialAction":[{"@type":"ReadAction","target":["https:\/\/ccaphotos.ovh\/index.php\/parcours-de-femmes\/"]}]},{"@type":"BreadcrumbList","@id":"https:\/\/ccaphotos.ovh\/index.php\/parcours-de-femmes\/#breadcrumb","itemListElement":[{"@type":"ListItem","position":1,"name":"Accueil","item":"https:\/\/ccaphotos.ovh\/"},{"@type":"ListItem","position":2,"name":"PARCOURS DE FEMMES"}]}]}},"_links":{"self":[{"href":"https:\/\/ccaphotos.ovh\/index.php\/wp-json\/wp\/v2\/pages\/3712"}],"collection":[{"href":"https:\/\/ccaphotos.ovh\/index.php\/wp-json\/wp\/v2\/pages"}],"about":[{"href":"https:\/\/ccaphotos.ovh\/index.php\/wp-json\/wp\/v2\/types\/page"}],"author":[{"embeddable":true,"href":"https:\/\/ccaphotos.ovh\/index.php\/wp-json\/wp\/v2\/users\/1"}],"replies":[{"embeddable":true,"href":"https:\/\/ccaphotos.ovh\/index.php\/wp-json\/wp\/v2\/comments?post=3712"}],"version-history":[{"count":14,"href":"https:\/\/ccaphotos.ovh\/index.php\/wp-json\/wp\/v2\/pages\/3712\/revisions"}],"predecessor-version":[{"id":3824,"href":"https:\/\/ccaphotos.ovh\/index.php\/wp-json\/wp\/v2\/pages\/3712\/revisions\/3824"}],"wp:attachment":[{"href":"https:\/\/ccaphotos.ovh\/index.php\/wp-json\/wp\/v2\/media?parent=3712"}],"curies":[{"name":"wp","href":"https:\/\/api.w.org\/{rel}","templated":true}]}}