{"id":3898,"date":"2022-12-18T19:04:41","date_gmt":"2022-12-18T18:04:41","guid":{"rendered":"https:\/\/ccaphotos.ovh\/?page_id=3898"},"modified":"2023-05-01T15:29:44","modified_gmt":"2023-05-01T13:29:44","slug":"apprivoiser-lincertain","status":"publish","type":"page","link":"https:\/\/ccaphotos.ovh\/index.php\/apprivoiser-lincertain\/","title":{"rendered":"apprivoiser l&rsquo;incertain"},"content":{"rendered":"<p style=\"text-align: center;\"><span style=\"font-size: 18pt;\">apprivoiser l&rsquo;incertain<\/span><\/p>\n<p style=\"text-align: center;\">O\u00f9 il est question de for\u00eats, d&rsquo;arbres qui parlent, de l&rsquo;id\u00e9e de nature et de notre rapport au vivant, et aussi de pistes \u00e0 faire fructifier pour un futur plus d\u00e9sirable.<\/p>\n<p style=\"text-align: center;\"><iframe loading=\"lazy\" title=\"apprivoiser l&amp;#039;incertain\" src=\"https:\/\/player.vimeo.com\/video\/782283488?h=fae772f99f&amp;badge=0&amp;autopause=0&amp;player_id=0&amp;app_id=58479\" width=\"1000\" height=\"563\" frameborder=\"0\" allowfullscreen=\"allowfullscreen\"><span style=\"display: inline-block; width: 0px; overflow: hidden; line-height: 0;\" data-mce-type=\"bookmark\" class=\"mce_SELRES_start\">\ufeff<\/span><\/iframe><\/p>\n<p>&nbsp;<\/p>\n<p style=\"text-align: left; padding-left: 200px;\">La cl\u00e9 de ce monde ab\u00eem\u00e9 dans lequel nous nous d\u00e9battons<\/p>\n<p style=\"text-align: left; padding-left: 200px;\">est notre s\u00e9paration d\u2019avec la nature.<\/p>\n<p style=\"text-align: left; padding-left: 200px;\">\u00c9coutons le po\u00e8te Ovide : \u00ab <em>Avant la mer, avant la terre et le ciel qui couvre tout, <\/em><\/p>\n<p style=\"text-align: left; padding-left: 200px;\"><em>la nature, dans l\u2019univers entier, offrait un seul et m\u00eame aspect\u00a0; <\/em><\/p>\n<p style=\"text-align: left; padding-left: 200px;\"><em>on l\u2019a appel\u00e9 le chaos \u2026\u00a0\u00bb.<\/em><\/p>\n<p style=\"text-align: left; padding-left: 200px;\">Il nous parle d\u2019un temps o\u00f9 chaque arbre, chaque source, chaque pierre<\/p>\n<p style=\"text-align: left; padding-left: 200px;\">abritait sous son apparence singuli\u00e8re un double invisible,<\/p>\n<p style=\"text-align: left; padding-left: 200px;\">un fragment de l\u2019esprit universel des origines.<\/p>\n<p style=\"text-align: left; padding-left: 200px;\">C\u2019est d\u2019avoir oubli\u00e9<\/p>\n<p style=\"text-align: left; padding-left: 200px;\">combien nous sommes imbriqu\u00e9s dans le tissage serr\u00e9 du vivant<\/p>\n<p style=\"text-align: left; padding-left: 200px;\">que nous avons cr\u00e9\u00e9 l\u2019id\u00e9e de nature, miroir invers\u00e9 de notre puissance,<\/p>\n<p style=\"text-align: left; padding-left: 200px;\">simple d\u00e9cor \u00e0 peindre ou \u00e0 photographier, monde inanim\u00e9 \u00e0 exploiter<\/p>\n<p style=\"text-align: left; padding-left: 200px;\">comme un gisement illimit\u00e9 de ressources.<\/p>\n<p style=\"text-align: left; padding-left: 200px;\">Et pourtant, \u00e0 travers les myst\u00e9rieuses synapses de leurs racines entrem\u00eal\u00e9es,<\/p>\n<p style=\"text-align: left; padding-left: 200px;\">dans le secret des profondeurs de la terre,<\/p>\n<p style=\"text-align: left; padding-left: 200px;\">les arbres se parlent.<\/p>\n<p style=\"text-align: left; padding-left: 200px;\">Enfants dans nos cabanes, nous attachions nos r\u00eaves avec des bouts de ficelles.<\/p>\n<p style=\"text-align: left; padding-left: 200px;\">Aujourd\u2019hui nous les enfermons dans des r\u00e9serves naturelles.<\/p>\n<p style=\"text-align: left; padding-left: 200px;\">Dans l\u2019urgence, il nous faut retrouver le fil perdu qui nous relie au vivant.<\/p>\n<p style=\"text-align: left; padding-left: 200px;\">Laisser advenir.<\/p>\n<p style=\"text-align: left; padding-left: 200px;\">Avec Ovide, prendre acte des<em> \u00ab\u00a0m\u00e9tamorphoses des formes en des corps nouveaux\u00a0\u00bb<\/em>.<em>\u00a0<\/em><\/p>\n<p style=\"text-align: left; padding-left: 200px;\">Accepter que des \u00e9l\u00e9ments inconnus fassent irruption dans notre jardin incertain.<\/p>\n<p style=\"text-align: left; padding-left: 200px;\">N\u00e9gocier avec la graine qui se r\u00e9pand l\u00e0 o\u00f9 elle n\u2019\u00e9tait pas pr\u00e9vue.<\/p>\n<p style=\"text-align: left; padding-left: 200px;\">\u00ab\u00a0<em>S\u2019il y a quelque v\u00e9rit\u00e9 dans les pressentiments des po\u00e8tes, je vivrai\u00a0\u00bb.<\/em><\/p>\n<p>&nbsp;<\/p>\n<p style=\"text-align: left; padding-left: 200px;\"><em>D\u00e9cembre 2022<\/em><\/p>\n<p>&nbsp;<\/p>\n<p style=\"padding-left: 200px;\"><span style=\"font-size: 10pt;\">(Les citations d\u2019Ovide sont extraites du po\u00e8me <em>Les m\u00e9tamorphoses.)<\/em><\/span><\/p>\n","protected":false},"excerpt":{"rendered":"<p>apprivoiser l&rsquo;incertain O\u00f9 il est question de for\u00eats, d&rsquo;arbres qui parlent, de l&rsquo;id\u00e9e de nature et de notre rapport au vivant, et aussi de pistes \u00e0 faire fructifier pour un futur plus d\u00e9sirable. \ufeff &nbsp; La cl\u00e9 de ce monde ab\u00eem\u00e9 dans lequel nous nous d\u00e9battons est notre s\u00e9paration d\u2019avec la nature. \u00c9coutons le po\u00e8te [&hellip;]<\/p>\n","protected":false},"author":1,"featured_media":0,"parent":0,"menu_order":0,"comment_status":"closed","ping_status":"closed","template":"","meta":[],"yoast_head":"<!-- This site is optimized with the Yoast SEO plugin v18.3 - https:\/\/yoast.com\/wordpress\/plugins\/seo\/ -->\n<title>apprivoiser l&#039;incertain -<\/title>\n<meta name=\"robots\" content=\"index, follow, max-snippet:-1, max-image-preview:large, max-video-preview:-1\" \/>\n<link rel=\"canonical\" href=\"https:\/\/ccaphotos.ovh\/index.php\/apprivoiser-lincertain\/\" \/>\n<meta property=\"og:locale\" content=\"fr_FR\" \/>\n<meta property=\"og:type\" content=\"article\" \/>\n<meta property=\"og:title\" content=\"apprivoiser l&#039;incertain -\" \/>\n<meta property=\"og:description\" content=\"apprivoiser l&rsquo;incertain O\u00f9 il est question de for\u00eats, d&rsquo;arbres qui parlent, de l&rsquo;id\u00e9e de nature et de notre rapport au vivant, et aussi de pistes \u00e0 faire fructifier pour un futur plus d\u00e9sirable. \ufeff &nbsp; La cl\u00e9 de ce monde ab\u00eem\u00e9 dans lequel nous nous d\u00e9battons est notre s\u00e9paration d\u2019avec la nature. \u00c9coutons le po\u00e8te [&hellip;]\" \/>\n<meta property=\"og:url\" content=\"https:\/\/ccaphotos.ovh\/index.php\/apprivoiser-lincertain\/\" \/>\n<meta property=\"article:modified_time\" content=\"2023-05-01T13:29:44+00:00\" \/>\n<meta name=\"twitter:card\" content=\"summary_large_image\" \/>\n<meta name=\"twitter:label1\" content=\"Dur\u00e9e de lecture estim\u00e9e\" \/>\n\t<meta name=\"twitter:data1\" content=\"1 minute\" \/>\n<script type=\"application\/ld+json\" class=\"yoast-schema-graph\">{\"@context\":\"https:\/\/schema.org\",\"@graph\":[{\"@type\":[\"Person\",\"Organization\"],\"@id\":\"https:\/\/ccaphotos.ovh\/#\/schema\/person\/6a8bab212e1264864a1223d4b6d9fbcd\",\"name\":\"ClaireChatonAubey\",\"image\":{\"@type\":\"ImageObject\",\"@id\":\"https:\/\/ccaphotos.ovh\/#personlogo\",\"inLanguage\":\"fr-FR\",\"url\":\"https:\/\/secure.gravatar.com\/avatar\/d252b93fa90e99cd7255d4d68af882e2?s=96&d=mm&r=g\",\"contentUrl\":\"https:\/\/secure.gravatar.com\/avatar\/d252b93fa90e99cd7255d4d68af882e2?s=96&d=mm&r=g\",\"caption\":\"ClaireChatonAubey\"},\"logo\":{\"@id\":\"https:\/\/ccaphotos.ovh\/#personlogo\"}},{\"@type\":\"WebSite\",\"@id\":\"https:\/\/ccaphotos.ovh\/#website\",\"url\":\"https:\/\/ccaphotos.ovh\/\",\"name\":\"\",\"description\":\"\",\"publisher\":{\"@id\":\"https:\/\/ccaphotos.ovh\/#\/schema\/person\/6a8bab212e1264864a1223d4b6d9fbcd\"},\"potentialAction\":[{\"@type\":\"SearchAction\",\"target\":{\"@type\":\"EntryPoint\",\"urlTemplate\":\"https:\/\/ccaphotos.ovh\/?s={search_term_string}\"},\"query-input\":\"required name=search_term_string\"}],\"inLanguage\":\"fr-FR\"},{\"@type\":\"WebPage\",\"@id\":\"https:\/\/ccaphotos.ovh\/index.php\/apprivoiser-lincertain\/#webpage\",\"url\":\"https:\/\/ccaphotos.ovh\/index.php\/apprivoiser-lincertain\/\",\"name\":\"apprivoiser l'incertain -\",\"isPartOf\":{\"@id\":\"https:\/\/ccaphotos.ovh\/#website\"},\"datePublished\":\"2022-12-18T18:04:41+00:00\",\"dateModified\":\"2023-05-01T13:29:44+00:00\",\"breadcrumb\":{\"@id\":\"https:\/\/ccaphotos.ovh\/index.php\/apprivoiser-lincertain\/#breadcrumb\"},\"inLanguage\":\"fr-FR\",\"potentialAction\":[{\"@type\":\"ReadAction\",\"target\":[\"https:\/\/ccaphotos.ovh\/index.php\/apprivoiser-lincertain\/\"]}]},{\"@type\":\"BreadcrumbList\",\"@id\":\"https:\/\/ccaphotos.ovh\/index.php\/apprivoiser-lincertain\/#breadcrumb\",\"itemListElement\":[{\"@type\":\"ListItem\",\"position\":1,\"name\":\"Accueil\",\"item\":\"https:\/\/ccaphotos.ovh\/\"},{\"@type\":\"ListItem\",\"position\":2,\"name\":\"apprivoiser l&rsquo;incertain\"}]}]}<\/script>\n<!-- \/ Yoast SEO plugin. -->","yoast_head_json":{"title":"apprivoiser l'incertain -","robots":{"index":"index","follow":"follow","max-snippet":"max-snippet:-1","max-image-preview":"max-image-preview:large","max-video-preview":"max-video-preview:-1"},"canonical":"https:\/\/ccaphotos.ovh\/index.php\/apprivoiser-lincertain\/","og_locale":"fr_FR","og_type":"article","og_title":"apprivoiser l'incertain -","og_description":"apprivoiser l&rsquo;incertain O\u00f9 il est question de for\u00eats, d&rsquo;arbres qui parlent, de l&rsquo;id\u00e9e de nature et de notre rapport au vivant, et aussi de pistes \u00e0 faire fructifier pour un futur plus d\u00e9sirable. \ufeff &nbsp; La cl\u00e9 de ce monde ab\u00eem\u00e9 dans lequel nous nous d\u00e9battons est notre s\u00e9paration d\u2019avec la nature. \u00c9coutons le po\u00e8te [&hellip;]","og_url":"https:\/\/ccaphotos.ovh\/index.php\/apprivoiser-lincertain\/","article_modified_time":"2023-05-01T13:29:44+00:00","twitter_card":"summary_large_image","twitter_misc":{"Dur\u00e9e de lecture estim\u00e9e":"1 minute"},"schema":{"@context":"https:\/\/schema.org","@graph":[{"@type":["Person","Organization"],"@id":"https:\/\/ccaphotos.ovh\/#\/schema\/person\/6a8bab212e1264864a1223d4b6d9fbcd","name":"ClaireChatonAubey","image":{"@type":"ImageObject","@id":"https:\/\/ccaphotos.ovh\/#personlogo","inLanguage":"fr-FR","url":"https:\/\/secure.gravatar.com\/avatar\/d252b93fa90e99cd7255d4d68af882e2?s=96&d=mm&r=g","contentUrl":"https:\/\/secure.gravatar.com\/avatar\/d252b93fa90e99cd7255d4d68af882e2?s=96&d=mm&r=g","caption":"ClaireChatonAubey"},"logo":{"@id":"https:\/\/ccaphotos.ovh\/#personlogo"}},{"@type":"WebSite","@id":"https:\/\/ccaphotos.ovh\/#website","url":"https:\/\/ccaphotos.ovh\/","name":"","description":"","publisher":{"@id":"https:\/\/ccaphotos.ovh\/#\/schema\/person\/6a8bab212e1264864a1223d4b6d9fbcd"},"potentialAction":[{"@type":"SearchAction","target":{"@type":"EntryPoint","urlTemplate":"https:\/\/ccaphotos.ovh\/?s={search_term_string}"},"query-input":"required name=search_term_string"}],"inLanguage":"fr-FR"},{"@type":"WebPage","@id":"https:\/\/ccaphotos.ovh\/index.php\/apprivoiser-lincertain\/#webpage","url":"https:\/\/ccaphotos.ovh\/index.php\/apprivoiser-lincertain\/","name":"apprivoiser l'incertain -","isPartOf":{"@id":"https:\/\/ccaphotos.ovh\/#website"},"datePublished":"2022-12-18T18:04:41+00:00","dateModified":"2023-05-01T13:29:44+00:00","breadcrumb":{"@id":"https:\/\/ccaphotos.ovh\/index.php\/apprivoiser-lincertain\/#breadcrumb"},"inLanguage":"fr-FR","potentialAction":[{"@type":"ReadAction","target":["https:\/\/ccaphotos.ovh\/index.php\/apprivoiser-lincertain\/"]}]},{"@type":"BreadcrumbList","@id":"https:\/\/ccaphotos.ovh\/index.php\/apprivoiser-lincertain\/#breadcrumb","itemListElement":[{"@type":"ListItem","position":1,"name":"Accueil","item":"https:\/\/ccaphotos.ovh\/"},{"@type":"ListItem","position":2,"name":"apprivoiser l&rsquo;incertain"}]}]}},"_links":{"self":[{"href":"https:\/\/ccaphotos.ovh\/index.php\/wp-json\/wp\/v2\/pages\/3898"}],"collection":[{"href":"https:\/\/ccaphotos.ovh\/index.php\/wp-json\/wp\/v2\/pages"}],"about":[{"href":"https:\/\/ccaphotos.ovh\/index.php\/wp-json\/wp\/v2\/types\/page"}],"author":[{"embeddable":true,"href":"https:\/\/ccaphotos.ovh\/index.php\/wp-json\/wp\/v2\/users\/1"}],"replies":[{"embeddable":true,"href":"https:\/\/ccaphotos.ovh\/index.php\/wp-json\/wp\/v2\/comments?post=3898"}],"version-history":[{"count":17,"href":"https:\/\/ccaphotos.ovh\/index.php\/wp-json\/wp\/v2\/pages\/3898\/revisions"}],"predecessor-version":[{"id":3960,"href":"https:\/\/ccaphotos.ovh\/index.php\/wp-json\/wp\/v2\/pages\/3898\/revisions\/3960"}],"wp:attachment":[{"href":"https:\/\/ccaphotos.ovh\/index.php\/wp-json\/wp\/v2\/media?parent=3898"}],"curies":[{"name":"wp","href":"https:\/\/api.w.org\/{rel}","templated":true}]}}