{"id":3966,"date":"2023-03-02T11:42:31","date_gmt":"2023-03-02T10:42:31","guid":{"rendered":"https:\/\/ccaphotos.ovh\/?page_id=3966"},"modified":"2023-03-03T14:05:49","modified_gmt":"2023-03-03T13:05:49","slug":"surexposition","status":"publish","type":"page","link":"https:\/\/ccaphotos.ovh\/index.php\/surexposition\/","title":{"rendered":"AQUARELLES"},"content":{"rendered":"<p style=\"padding-left: 200px;\">Dans la lumi\u00e8re ardente de midi, une longue plage de sable blanc. Des tracteurs de bulotiers s\u2019activent au milieu des promeneurs,<\/p>\n<p style=\"padding-left: 200px;\">silhouettes color\u00e9es fig\u00e9es par un aquarelliste de BD. Nul ne sait o\u00f9 finit la plage ni o\u00f9 commence la mer.<\/p>\n<p style=\"padding-left: 200px;\">Attention, \u00e0 chaque image, risque\u00a0 de surexposition au bonheur pendant un cinquanti\u00e8me de seconde.<\/p>\n<p>&nbsp;<\/p>\n<p><img loading=\"lazy\" class=\"aligncenter size-large wp-image-4016\" src=\"http:\/\/ccaphotos.ovh\/wp-content\/uploads\/2023\/03\/PIROU_01ter_SITE-1024x767.jpg\" alt=\"\" width=\"770\" height=\"577\" srcset=\"https:\/\/ccaphotos.ovh\/wp-content\/uploads\/2023\/03\/PIROU_01ter_SITE-1024x767.jpg 1024w, https:\/\/ccaphotos.ovh\/wp-content\/uploads\/2023\/03\/PIROU_01ter_SITE-300x225.jpg 300w, https:\/\/ccaphotos.ovh\/wp-content\/uploads\/2023\/03\/PIROU_01ter_SITE-768x575.jpg 768w, https:\/\/ccaphotos.ovh\/wp-content\/uploads\/2023\/03\/PIROU_01ter_SITE-1536x1150.jpg 1536w, https:\/\/ccaphotos.ovh\/wp-content\/uploads\/2023\/03\/PIROU_01ter_SITE-2048x1534.jpg 2048w, https:\/\/ccaphotos.ovh\/wp-content\/uploads\/2023\/03\/PIROU_01ter_SITE-600x449.jpg 600w, https:\/\/ccaphotos.ovh\/wp-content\/uploads\/2023\/03\/PIROU_01ter_SITE-1320x989.jpg 1320w\" sizes=\"(max-width: 770px) 100vw, 770px\" \/><img loading=\"lazy\" class=\"aligncenter size-large wp-image-4017\" src=\"http:\/\/ccaphotos.ovh\/wp-content\/uploads\/2023\/03\/PIROU_02ter_SITE-1024x769.jpg\" alt=\"\" width=\"770\" height=\"578\" srcset=\"https:\/\/ccaphotos.ovh\/wp-content\/uploads\/2023\/03\/PIROU_02ter_SITE-1024x769.jpg 1024w, https:\/\/ccaphotos.ovh\/wp-content\/uploads\/2023\/03\/PIROU_02ter_SITE-300x225.jpg 300w, https:\/\/ccaphotos.ovh\/wp-content\/uploads\/2023\/03\/PIROU_02ter_SITE-768x577.jpg 768w, https:\/\/ccaphotos.ovh\/wp-content\/uploads\/2023\/03\/PIROU_02ter_SITE-1536x1153.jpg 1536w, https:\/\/ccaphotos.ovh\/wp-content\/uploads\/2023\/03\/PIROU_02ter_SITE-2048x1537.jpg 2048w, https:\/\/ccaphotos.ovh\/wp-content\/uploads\/2023\/03\/PIROU_02ter_SITE-600x450.jpg 600w, https:\/\/ccaphotos.ovh\/wp-content\/uploads\/2023\/03\/PIROU_02ter_SITE-1320x991.jpg 1320w\" sizes=\"(max-width: 770px) 100vw, 770px\" \/><img loading=\"lazy\" class=\"aligncenter size-large wp-image-4020\" src=\"http:\/\/ccaphotos.ovh\/wp-content\/uploads\/2023\/03\/PIROU_03ter_SITE-1024x776.jpg\" alt=\"\" width=\"770\" height=\"584\" srcset=\"https:\/\/ccaphotos.ovh\/wp-content\/uploads\/2023\/03\/PIROU_03ter_SITE-1024x776.jpg 1024w, https:\/\/ccaphotos.ovh\/wp-content\/uploads\/2023\/03\/PIROU_03ter_SITE-300x227.jpg 300w, https:\/\/ccaphotos.ovh\/wp-content\/uploads\/2023\/03\/PIROU_03ter_SITE-768x582.jpg 768w, https:\/\/ccaphotos.ovh\/wp-content\/uploads\/2023\/03\/PIROU_03ter_SITE-1536x1164.jpg 1536w, https:\/\/ccaphotos.ovh\/wp-content\/uploads\/2023\/03\/PIROU_03ter_SITE-2048x1552.jpg 2048w, https:\/\/ccaphotos.ovh\/wp-content\/uploads\/2023\/03\/PIROU_03ter_SITE-600x455.jpg 600w, https:\/\/ccaphotos.ovh\/wp-content\/uploads\/2023\/03\/PIROU_03ter_SITE-1320x1001.jpg 1320w\" sizes=\"(max-width: 770px) 100vw, 770px\" \/><img loading=\"lazy\" class=\"aligncenter size-large wp-image-4021\" src=\"http:\/\/ccaphotos.ovh\/wp-content\/uploads\/2023\/03\/PIROU_04ter_SITE-1024x782.jpg\" alt=\"\" width=\"770\" height=\"588\" srcset=\"https:\/\/ccaphotos.ovh\/wp-content\/uploads\/2023\/03\/PIROU_04ter_SITE-1024x782.jpg 1024w, https:\/\/ccaphotos.ovh\/wp-content\/uploads\/2023\/03\/PIROU_04ter_SITE-300x229.jpg 300w, https:\/\/ccaphotos.ovh\/wp-content\/uploads\/2023\/03\/PIROU_04ter_SITE-768x587.jpg 768w, https:\/\/ccaphotos.ovh\/wp-content\/uploads\/2023\/03\/PIROU_04ter_SITE-1536x1173.jpg 1536w, https:\/\/ccaphotos.ovh\/wp-content\/uploads\/2023\/03\/PIROU_04ter_SITE-2048x1565.jpg 2048w, https:\/\/ccaphotos.ovh\/wp-content\/uploads\/2023\/03\/PIROU_04ter_SITE-600x458.jpg 600w, https:\/\/ccaphotos.ovh\/wp-content\/uploads\/2023\/03\/PIROU_04ter_SITE-1320x1008.jpg 1320w\" sizes=\"(max-width: 770px) 100vw, 770px\" \/><img loading=\"lazy\" class=\"aligncenter size-large wp-image-4022\" src=\"http:\/\/ccaphotos.ovh\/wp-content\/uploads\/2023\/03\/PIROU_05ter_SITE-1024x771.jpg\" alt=\"\" width=\"770\" height=\"580\" srcset=\"https:\/\/ccaphotos.ovh\/wp-content\/uploads\/2023\/03\/PIROU_05ter_SITE-1024x771.jpg 1024w, https:\/\/ccaphotos.ovh\/wp-content\/uploads\/2023\/03\/PIROU_05ter_SITE-300x226.jpg 300w, https:\/\/ccaphotos.ovh\/wp-content\/uploads\/2023\/03\/PIROU_05ter_SITE-768x578.jpg 768w, https:\/\/ccaphotos.ovh\/wp-content\/uploads\/2023\/03\/PIROU_05ter_SITE-1536x1157.jpg 1536w, https:\/\/ccaphotos.ovh\/wp-content\/uploads\/2023\/03\/PIROU_05ter_SITE-2048x1542.jpg 2048w, https:\/\/ccaphotos.ovh\/wp-content\/uploads\/2023\/03\/PIROU_05ter_SITE-600x452.jpg 600w, https:\/\/ccaphotos.ovh\/wp-content\/uploads\/2023\/03\/PIROU_05ter_SITE-1320x994.jpg 1320w\" sizes=\"(max-width: 770px) 100vw, 770px\" \/><\/p>\n<p>&nbsp;<\/p>\n<p style=\"padding-left: 200px;\"><em>Pirou-plage, Normandie, juin 2021<\/em><\/p>\n","protected":false},"excerpt":{"rendered":"<p>Dans la lumi\u00e8re ardente de midi, une longue plage de sable blanc. Des tracteurs de bulotiers s\u2019activent au milieu des promeneurs, silhouettes color\u00e9es fig\u00e9es par un aquarelliste de BD. Nul ne sait o\u00f9 finit la plage ni o\u00f9 commence la mer. Attention, \u00e0 chaque image, risque\u00a0 de surexposition au bonheur pendant un cinquanti\u00e8me de seconde. [&hellip;]<\/p>\n","protected":false},"author":1,"featured_media":0,"parent":0,"menu_order":0,"comment_status":"closed","ping_status":"closed","template":"","meta":[],"yoast_head":"<!-- This site is optimized with the Yoast SEO plugin v18.3 - https:\/\/yoast.com\/wordpress\/plugins\/seo\/ -->\n<title>AQUARELLES -<\/title>\n<meta name=\"robots\" content=\"index, follow, max-snippet:-1, max-image-preview:large, max-video-preview:-1\" \/>\n<link rel=\"canonical\" href=\"https:\/\/ccaphotos.ovh\/index.php\/surexposition\/\" \/>\n<meta property=\"og:locale\" content=\"fr_FR\" \/>\n<meta property=\"og:type\" content=\"article\" \/>\n<meta property=\"og:title\" content=\"AQUARELLES -\" \/>\n<meta property=\"og:description\" content=\"Dans la lumi\u00e8re ardente de midi, une longue plage de sable blanc. Des tracteurs de bulotiers s\u2019activent au milieu des promeneurs, silhouettes color\u00e9es fig\u00e9es par un aquarelliste de BD. Nul ne sait o\u00f9 finit la plage ni o\u00f9 commence la mer. Attention, \u00e0 chaque image, risque\u00a0 de surexposition au bonheur pendant un cinquanti\u00e8me de seconde. [&hellip;]\" \/>\n<meta property=\"og:url\" content=\"https:\/\/ccaphotos.ovh\/index.php\/surexposition\/\" \/>\n<meta property=\"article:modified_time\" content=\"2023-03-03T13:05:49+00:00\" \/>\n<meta property=\"og:image\" content=\"http:\/\/ccaphotos.ovh\/wp-content\/uploads\/2023\/03\/PIROU_01ter_SITE-1024x767.jpg\" \/>\n<meta name=\"twitter:card\" content=\"summary_large_image\" \/>\n<meta name=\"twitter:label1\" content=\"Dur\u00e9e de lecture estim\u00e9e\" \/>\n\t<meta name=\"twitter:data1\" content=\"1 minute\" \/>\n<script type=\"application\/ld+json\" class=\"yoast-schema-graph\">{\"@context\":\"https:\/\/schema.org\",\"@graph\":[{\"@type\":[\"Person\",\"Organization\"],\"@id\":\"https:\/\/ccaphotos.ovh\/#\/schema\/person\/6a8bab212e1264864a1223d4b6d9fbcd\",\"name\":\"ClaireChatonAubey\",\"image\":{\"@type\":\"ImageObject\",\"@id\":\"https:\/\/ccaphotos.ovh\/#personlogo\",\"inLanguage\":\"fr-FR\",\"url\":\"https:\/\/secure.gravatar.com\/avatar\/d252b93fa90e99cd7255d4d68af882e2?s=96&d=mm&r=g\",\"contentUrl\":\"https:\/\/secure.gravatar.com\/avatar\/d252b93fa90e99cd7255d4d68af882e2?s=96&d=mm&r=g\",\"caption\":\"ClaireChatonAubey\"},\"logo\":{\"@id\":\"https:\/\/ccaphotos.ovh\/#personlogo\"}},{\"@type\":\"WebSite\",\"@id\":\"https:\/\/ccaphotos.ovh\/#website\",\"url\":\"https:\/\/ccaphotos.ovh\/\",\"name\":\"\",\"description\":\"\",\"publisher\":{\"@id\":\"https:\/\/ccaphotos.ovh\/#\/schema\/person\/6a8bab212e1264864a1223d4b6d9fbcd\"},\"potentialAction\":[{\"@type\":\"SearchAction\",\"target\":{\"@type\":\"EntryPoint\",\"urlTemplate\":\"https:\/\/ccaphotos.ovh\/?s={search_term_string}\"},\"query-input\":\"required name=search_term_string\"}],\"inLanguage\":\"fr-FR\"},{\"@type\":\"ImageObject\",\"@id\":\"https:\/\/ccaphotos.ovh\/index.php\/surexposition\/#primaryimage\",\"inLanguage\":\"fr-FR\",\"url\":\"http:\/\/ccaphotos.ovh\/wp-content\/uploads\/2023\/03\/PIROU_01ter_SITE-1024x767.jpg\",\"contentUrl\":\"http:\/\/ccaphotos.ovh\/wp-content\/uploads\/2023\/03\/PIROU_01ter_SITE-1024x767.jpg\"},{\"@type\":\"WebPage\",\"@id\":\"https:\/\/ccaphotos.ovh\/index.php\/surexposition\/#webpage\",\"url\":\"https:\/\/ccaphotos.ovh\/index.php\/surexposition\/\",\"name\":\"AQUARELLES -\",\"isPartOf\":{\"@id\":\"https:\/\/ccaphotos.ovh\/#website\"},\"primaryImageOfPage\":{\"@id\":\"https:\/\/ccaphotos.ovh\/index.php\/surexposition\/#primaryimage\"},\"datePublished\":\"2023-03-02T10:42:31+00:00\",\"dateModified\":\"2023-03-03T13:05:49+00:00\",\"breadcrumb\":{\"@id\":\"https:\/\/ccaphotos.ovh\/index.php\/surexposition\/#breadcrumb\"},\"inLanguage\":\"fr-FR\",\"potentialAction\":[{\"@type\":\"ReadAction\",\"target\":[\"https:\/\/ccaphotos.ovh\/index.php\/surexposition\/\"]}]},{\"@type\":\"BreadcrumbList\",\"@id\":\"https:\/\/ccaphotos.ovh\/index.php\/surexposition\/#breadcrumb\",\"itemListElement\":[{\"@type\":\"ListItem\",\"position\":1,\"name\":\"Accueil\",\"item\":\"https:\/\/ccaphotos.ovh\/\"},{\"@type\":\"ListItem\",\"position\":2,\"name\":\"AQUARELLES\"}]}]}<\/script>\n<!-- \/ Yoast SEO plugin. -->","yoast_head_json":{"title":"AQUARELLES -","robots":{"index":"index","follow":"follow","max-snippet":"max-snippet:-1","max-image-preview":"max-image-preview:large","max-video-preview":"max-video-preview:-1"},"canonical":"https:\/\/ccaphotos.ovh\/index.php\/surexposition\/","og_locale":"fr_FR","og_type":"article","og_title":"AQUARELLES -","og_description":"Dans la lumi\u00e8re ardente de midi, une longue plage de sable blanc. Des tracteurs de bulotiers s\u2019activent au milieu des promeneurs, silhouettes color\u00e9es fig\u00e9es par un aquarelliste de BD. Nul ne sait o\u00f9 finit la plage ni o\u00f9 commence la mer. Attention, \u00e0 chaque image, risque\u00a0 de surexposition au bonheur pendant un cinquanti\u00e8me de seconde. [&hellip;]","og_url":"https:\/\/ccaphotos.ovh\/index.php\/surexposition\/","article_modified_time":"2023-03-03T13:05:49+00:00","og_image":[{"url":"http:\/\/ccaphotos.ovh\/wp-content\/uploads\/2023\/03\/PIROU_01ter_SITE-1024x767.jpg"}],"twitter_card":"summary_large_image","twitter_misc":{"Dur\u00e9e de lecture estim\u00e9e":"1 minute"},"schema":{"@context":"https:\/\/schema.org","@graph":[{"@type":["Person","Organization"],"@id":"https:\/\/ccaphotos.ovh\/#\/schema\/person\/6a8bab212e1264864a1223d4b6d9fbcd","name":"ClaireChatonAubey","image":{"@type":"ImageObject","@id":"https:\/\/ccaphotos.ovh\/#personlogo","inLanguage":"fr-FR","url":"https:\/\/secure.gravatar.com\/avatar\/d252b93fa90e99cd7255d4d68af882e2?s=96&d=mm&r=g","contentUrl":"https:\/\/secure.gravatar.com\/avatar\/d252b93fa90e99cd7255d4d68af882e2?s=96&d=mm&r=g","caption":"ClaireChatonAubey"},"logo":{"@id":"https:\/\/ccaphotos.ovh\/#personlogo"}},{"@type":"WebSite","@id":"https:\/\/ccaphotos.ovh\/#website","url":"https:\/\/ccaphotos.ovh\/","name":"","description":"","publisher":{"@id":"https:\/\/ccaphotos.ovh\/#\/schema\/person\/6a8bab212e1264864a1223d4b6d9fbcd"},"potentialAction":[{"@type":"SearchAction","target":{"@type":"EntryPoint","urlTemplate":"https:\/\/ccaphotos.ovh\/?s={search_term_string}"},"query-input":"required name=search_term_string"}],"inLanguage":"fr-FR"},{"@type":"ImageObject","@id":"https:\/\/ccaphotos.ovh\/index.php\/surexposition\/#primaryimage","inLanguage":"fr-FR","url":"http:\/\/ccaphotos.ovh\/wp-content\/uploads\/2023\/03\/PIROU_01ter_SITE-1024x767.jpg","contentUrl":"http:\/\/ccaphotos.ovh\/wp-content\/uploads\/2023\/03\/PIROU_01ter_SITE-1024x767.jpg"},{"@type":"WebPage","@id":"https:\/\/ccaphotos.ovh\/index.php\/surexposition\/#webpage","url":"https:\/\/ccaphotos.ovh\/index.php\/surexposition\/","name":"AQUARELLES -","isPartOf":{"@id":"https:\/\/ccaphotos.ovh\/#website"},"primaryImageOfPage":{"@id":"https:\/\/ccaphotos.ovh\/index.php\/surexposition\/#primaryimage"},"datePublished":"2023-03-02T10:42:31+00:00","dateModified":"2023-03-03T13:05:49+00:00","breadcrumb":{"@id":"https:\/\/ccaphotos.ovh\/index.php\/surexposition\/#breadcrumb"},"inLanguage":"fr-FR","potentialAction":[{"@type":"ReadAction","target":["https:\/\/ccaphotos.ovh\/index.php\/surexposition\/"]}]},{"@type":"BreadcrumbList","@id":"https:\/\/ccaphotos.ovh\/index.php\/surexposition\/#breadcrumb","itemListElement":[{"@type":"ListItem","position":1,"name":"Accueil","item":"https:\/\/ccaphotos.ovh\/"},{"@type":"ListItem","position":2,"name":"AQUARELLES"}]}]}},"_links":{"self":[{"href":"https:\/\/ccaphotos.ovh\/index.php\/wp-json\/wp\/v2\/pages\/3966"}],"collection":[{"href":"https:\/\/ccaphotos.ovh\/index.php\/wp-json\/wp\/v2\/pages"}],"about":[{"href":"https:\/\/ccaphotos.ovh\/index.php\/wp-json\/wp\/v2\/types\/page"}],"author":[{"embeddable":true,"href":"https:\/\/ccaphotos.ovh\/index.php\/wp-json\/wp\/v2\/users\/1"}],"replies":[{"embeddable":true,"href":"https:\/\/ccaphotos.ovh\/index.php\/wp-json\/wp\/v2\/comments?post=3966"}],"version-history":[{"count":36,"href":"https:\/\/ccaphotos.ovh\/index.php\/wp-json\/wp\/v2\/pages\/3966\/revisions"}],"predecessor-version":[{"id":4023,"href":"https:\/\/ccaphotos.ovh\/index.php\/wp-json\/wp\/v2\/pages\/3966\/revisions\/4023"}],"wp:attachment":[{"href":"https:\/\/ccaphotos.ovh\/index.php\/wp-json\/wp\/v2\/media?parent=3966"}],"curies":[{"name":"wp","href":"https:\/\/api.w.org\/{rel}","templated":true}]}}