{"id":4192,"date":"2024-05-14T18:03:13","date_gmt":"2024-05-14T16:03:13","guid":{"rendered":"https:\/\/ccaphotos.ovh\/?page_id=4192"},"modified":"2024-05-14T18:04:18","modified_gmt":"2024-05-14T16:04:18","slug":"memoire-du-paysage","status":"publish","type":"page","link":"https:\/\/ccaphotos.ovh\/index.php\/memoire-du-paysage\/","title":{"rendered":"M\u00c9MOIRE DU PAYSAGE"},"content":{"rendered":"<p style=\"text-align: justify;\">La r\u00e9alit\u00e9 n\u2019est que la face cach\u00e9e de l\u2019illusion : on croit la cerner, mais toujours elle se d\u00e9robe dans un jeu incessant d\u2019apparitions et de disparitions. Photographier le paysage est beaucoup plus qu\u2019un inventaire du r\u00e9el ou une affaire de regard. C\u2019est une pratique d\u2019alchimiste, un acte p\u00e9rilleux qui invoque des filtres culturels puissants tiss\u00e9s de sensations et de doutes. Un travail de m\u00e9diation qui suppose de s\u2019abandonner, de se laisser contaminer par un lieu et tout ce qui l\u2019a travers\u00e9, pour en restituer la m\u00e9moire dans l&rsquo;image. Une pierre d\u00e9plac\u00e9e, un bonnet perdu, des griffes de fer, une \u00e9toile au fond du puits, une tour isol\u00e9e &#8230; et des fl\u00e8ches, des fl\u00e8ches dans tous les sens \u2026<\/p>\n<p style=\"text-align: justify;\">Ferme les yeux, et regarde.<\/p>\n<div class=\"n2_ss_slider_publish__option_code\" dir=\"ltr\" data-mode=\"id\"><\/div>\n<div dir=\"ltr\" data-mode=\"id\"><\/div>\n<div dir=\"ltr\" data-mode=\"id\"><\/div>\n<div class=\"n2_ss_slider_publish__option_code\" dir=\"ltr\" style=\"text-align: left;\" data-mode=\"id\"><em>Parc paysager de La Chartreuse, \u00c9tablissement Public de sant\u00e9 mentale \u00e0 Dijon, hiver 2023-2024<\/em><\/div>\n","protected":false},"excerpt":{"rendered":"<p>La r\u00e9alit\u00e9 n\u2019est que la face cach\u00e9e de l\u2019illusion : on croit la cerner, mais toujours elle se d\u00e9robe dans un jeu incessant d\u2019apparitions et de disparitions. Photographier le paysage est beaucoup plus qu\u2019un inventaire du r\u00e9el ou une affaire de regard. C\u2019est une pratique d\u2019alchimiste, un acte p\u00e9rilleux qui invoque des filtres culturels puissants [&hellip;]<\/p>\n","protected":false},"author":1,"featured_media":0,"parent":0,"menu_order":0,"comment_status":"closed","ping_status":"closed","template":"","meta":[],"yoast_head":"<!-- This site is optimized with the Yoast SEO plugin v18.3 - https:\/\/yoast.com\/wordpress\/plugins\/seo\/ -->\n<title>M\u00c9MOIRE DU PAYSAGE -<\/title>\n<meta name=\"robots\" content=\"index, follow, max-snippet:-1, max-image-preview:large, max-video-preview:-1\" \/>\n<link rel=\"canonical\" href=\"https:\/\/ccaphotos.ovh\/index.php\/memoire-du-paysage\/\" \/>\n<meta property=\"og:locale\" content=\"fr_FR\" \/>\n<meta property=\"og:type\" content=\"article\" \/>\n<meta property=\"og:title\" content=\"M\u00c9MOIRE DU PAYSAGE -\" \/>\n<meta property=\"og:description\" content=\"La r\u00e9alit\u00e9 n\u2019est que la face cach\u00e9e de l\u2019illusion : on croit la cerner, mais toujours elle se d\u00e9robe dans un jeu incessant d\u2019apparitions et de disparitions. Photographier le paysage est beaucoup plus qu\u2019un inventaire du r\u00e9el ou une affaire de regard. C\u2019est une pratique d\u2019alchimiste, un acte p\u00e9rilleux qui invoque des filtres culturels puissants [&hellip;]\" \/>\n<meta property=\"og:url\" content=\"https:\/\/ccaphotos.ovh\/index.php\/memoire-du-paysage\/\" \/>\n<meta property=\"article:modified_time\" content=\"2024-05-14T16:04:18+00:00\" \/>\n<meta name=\"twitter:card\" content=\"summary_large_image\" \/>\n<meta name=\"twitter:label1\" content=\"Dur\u00e9e de lecture estim\u00e9e\" \/>\n\t<meta name=\"twitter:data1\" content=\"1 minute\" \/>\n<script type=\"application\/ld+json\" class=\"yoast-schema-graph\">{\"@context\":\"https:\/\/schema.org\",\"@graph\":[{\"@type\":[\"Person\",\"Organization\"],\"@id\":\"https:\/\/ccaphotos.ovh\/#\/schema\/person\/6a8bab212e1264864a1223d4b6d9fbcd\",\"name\":\"ClaireChatonAubey\",\"image\":{\"@type\":\"ImageObject\",\"@id\":\"https:\/\/ccaphotos.ovh\/#personlogo\",\"inLanguage\":\"fr-FR\",\"url\":\"https:\/\/secure.gravatar.com\/avatar\/d252b93fa90e99cd7255d4d68af882e2?s=96&d=mm&r=g\",\"contentUrl\":\"https:\/\/secure.gravatar.com\/avatar\/d252b93fa90e99cd7255d4d68af882e2?s=96&d=mm&r=g\",\"caption\":\"ClaireChatonAubey\"},\"logo\":{\"@id\":\"https:\/\/ccaphotos.ovh\/#personlogo\"}},{\"@type\":\"WebSite\",\"@id\":\"https:\/\/ccaphotos.ovh\/#website\",\"url\":\"https:\/\/ccaphotos.ovh\/\",\"name\":\"\",\"description\":\"\",\"publisher\":{\"@id\":\"https:\/\/ccaphotos.ovh\/#\/schema\/person\/6a8bab212e1264864a1223d4b6d9fbcd\"},\"potentialAction\":[{\"@type\":\"SearchAction\",\"target\":{\"@type\":\"EntryPoint\",\"urlTemplate\":\"https:\/\/ccaphotos.ovh\/?s={search_term_string}\"},\"query-input\":\"required name=search_term_string\"}],\"inLanguage\":\"fr-FR\"},{\"@type\":\"WebPage\",\"@id\":\"https:\/\/ccaphotos.ovh\/index.php\/memoire-du-paysage\/#webpage\",\"url\":\"https:\/\/ccaphotos.ovh\/index.php\/memoire-du-paysage\/\",\"name\":\"M\u00c9MOIRE DU PAYSAGE -\",\"isPartOf\":{\"@id\":\"https:\/\/ccaphotos.ovh\/#website\"},\"datePublished\":\"2024-05-14T16:03:13+00:00\",\"dateModified\":\"2024-05-14T16:04:18+00:00\",\"breadcrumb\":{\"@id\":\"https:\/\/ccaphotos.ovh\/index.php\/memoire-du-paysage\/#breadcrumb\"},\"inLanguage\":\"fr-FR\",\"potentialAction\":[{\"@type\":\"ReadAction\",\"target\":[\"https:\/\/ccaphotos.ovh\/index.php\/memoire-du-paysage\/\"]}]},{\"@type\":\"BreadcrumbList\",\"@id\":\"https:\/\/ccaphotos.ovh\/index.php\/memoire-du-paysage\/#breadcrumb\",\"itemListElement\":[{\"@type\":\"ListItem\",\"position\":1,\"name\":\"Accueil\",\"item\":\"https:\/\/ccaphotos.ovh\/\"},{\"@type\":\"ListItem\",\"position\":2,\"name\":\"M\u00c9MOIRE DU PAYSAGE\"}]}]}<\/script>\n<!-- \/ Yoast SEO plugin. -->","yoast_head_json":{"title":"M\u00c9MOIRE DU PAYSAGE -","robots":{"index":"index","follow":"follow","max-snippet":"max-snippet:-1","max-image-preview":"max-image-preview:large","max-video-preview":"max-video-preview:-1"},"canonical":"https:\/\/ccaphotos.ovh\/index.php\/memoire-du-paysage\/","og_locale":"fr_FR","og_type":"article","og_title":"M\u00c9MOIRE DU PAYSAGE -","og_description":"La r\u00e9alit\u00e9 n\u2019est que la face cach\u00e9e de l\u2019illusion : on croit la cerner, mais toujours elle se d\u00e9robe dans un jeu incessant d\u2019apparitions et de disparitions. Photographier le paysage est beaucoup plus qu\u2019un inventaire du r\u00e9el ou une affaire de regard. C\u2019est une pratique d\u2019alchimiste, un acte p\u00e9rilleux qui invoque des filtres culturels puissants [&hellip;]","og_url":"https:\/\/ccaphotos.ovh\/index.php\/memoire-du-paysage\/","article_modified_time":"2024-05-14T16:04:18+00:00","twitter_card":"summary_large_image","twitter_misc":{"Dur\u00e9e de lecture estim\u00e9e":"1 minute"},"schema":{"@context":"https:\/\/schema.org","@graph":[{"@type":["Person","Organization"],"@id":"https:\/\/ccaphotos.ovh\/#\/schema\/person\/6a8bab212e1264864a1223d4b6d9fbcd","name":"ClaireChatonAubey","image":{"@type":"ImageObject","@id":"https:\/\/ccaphotos.ovh\/#personlogo","inLanguage":"fr-FR","url":"https:\/\/secure.gravatar.com\/avatar\/d252b93fa90e99cd7255d4d68af882e2?s=96&d=mm&r=g","contentUrl":"https:\/\/secure.gravatar.com\/avatar\/d252b93fa90e99cd7255d4d68af882e2?s=96&d=mm&r=g","caption":"ClaireChatonAubey"},"logo":{"@id":"https:\/\/ccaphotos.ovh\/#personlogo"}},{"@type":"WebSite","@id":"https:\/\/ccaphotos.ovh\/#website","url":"https:\/\/ccaphotos.ovh\/","name":"","description":"","publisher":{"@id":"https:\/\/ccaphotos.ovh\/#\/schema\/person\/6a8bab212e1264864a1223d4b6d9fbcd"},"potentialAction":[{"@type":"SearchAction","target":{"@type":"EntryPoint","urlTemplate":"https:\/\/ccaphotos.ovh\/?s={search_term_string}"},"query-input":"required name=search_term_string"}],"inLanguage":"fr-FR"},{"@type":"WebPage","@id":"https:\/\/ccaphotos.ovh\/index.php\/memoire-du-paysage\/#webpage","url":"https:\/\/ccaphotos.ovh\/index.php\/memoire-du-paysage\/","name":"M\u00c9MOIRE DU PAYSAGE -","isPartOf":{"@id":"https:\/\/ccaphotos.ovh\/#website"},"datePublished":"2024-05-14T16:03:13+00:00","dateModified":"2024-05-14T16:04:18+00:00","breadcrumb":{"@id":"https:\/\/ccaphotos.ovh\/index.php\/memoire-du-paysage\/#breadcrumb"},"inLanguage":"fr-FR","potentialAction":[{"@type":"ReadAction","target":["https:\/\/ccaphotos.ovh\/index.php\/memoire-du-paysage\/"]}]},{"@type":"BreadcrumbList","@id":"https:\/\/ccaphotos.ovh\/index.php\/memoire-du-paysage\/#breadcrumb","itemListElement":[{"@type":"ListItem","position":1,"name":"Accueil","item":"https:\/\/ccaphotos.ovh\/"},{"@type":"ListItem","position":2,"name":"M\u00c9MOIRE DU PAYSAGE"}]}]}},"_links":{"self":[{"href":"https:\/\/ccaphotos.ovh\/index.php\/wp-json\/wp\/v2\/pages\/4192"}],"collection":[{"href":"https:\/\/ccaphotos.ovh\/index.php\/wp-json\/wp\/v2\/pages"}],"about":[{"href":"https:\/\/ccaphotos.ovh\/index.php\/wp-json\/wp\/v2\/types\/page"}],"author":[{"embeddable":true,"href":"https:\/\/ccaphotos.ovh\/index.php\/wp-json\/wp\/v2\/users\/1"}],"replies":[{"embeddable":true,"href":"https:\/\/ccaphotos.ovh\/index.php\/wp-json\/wp\/v2\/comments?post=4192"}],"version-history":[{"count":47,"href":"https:\/\/ccaphotos.ovh\/index.php\/wp-json\/wp\/v2\/pages\/4192\/revisions"}],"predecessor-version":[{"id":4273,"href":"https:\/\/ccaphotos.ovh\/index.php\/wp-json\/wp\/v2\/pages\/4192\/revisions\/4273"}],"wp:attachment":[{"href":"https:\/\/ccaphotos.ovh\/index.php\/wp-json\/wp\/v2\/media?parent=4192"}],"curies":[{"name":"wp","href":"https:\/\/api.w.org\/{rel}","templated":true}]}}