{"id":48,"date":"2019-04-02T10:21:44","date_gmt":"2019-04-02T08:21:44","guid":{"rendered":"http:\/\/ccaphotos.ovh\/?page_id=48"},"modified":"2026-02-17T11:35:52","modified_gmt":"2026-02-17T10:35:52","slug":"presentation","status":"publish","type":"page","link":"https:\/\/ccaphotos.ovh\/index.php\/presentation\/","title":{"rendered":"Pr\u00e9sentation"},"content":{"rendered":"<p><img loading=\"lazy\" class=\"wp-image-4357 alignleft\" src=\"http:\/\/ccaphotos.ovh\/wp-content\/uploads\/2026\/02\/moi_consortium_01bis2_SITE.jpg\" alt=\"\" width=\"675\" height=\"900\" srcset=\"https:\/\/ccaphotos.ovh\/wp-content\/uploads\/2026\/02\/moi_consortium_01bis2_SITE.jpg 1350w, https:\/\/ccaphotos.ovh\/wp-content\/uploads\/2026\/02\/moi_consortium_01bis2_SITE-225x300.jpg 225w, https:\/\/ccaphotos.ovh\/wp-content\/uploads\/2026\/02\/moi_consortium_01bis2_SITE-768x1024.jpg 768w, https:\/\/ccaphotos.ovh\/wp-content\/uploads\/2026\/02\/moi_consortium_01bis2_SITE-1152x1536.jpg 1152w, https:\/\/ccaphotos.ovh\/wp-content\/uploads\/2026\/02\/moi_consortium_01bis2_SITE-600x800.jpg 600w, https:\/\/ccaphotos.ovh\/wp-content\/uploads\/2026\/02\/moi_consortium_01bis2_SITE-1320x1760.jpg 1320w\" sizes=\"(max-width: 675px) 100vw, 675px\" \/><\/p>\n<div class=\"debut\">\n<p style=\"text-align: left; margin-left: 41vw;\"><em> Sur la sc\u00e8ne trop bien \u00e9clair\u00e9e, le photographe est le porteur d&rsquo;ombre.<\/em><\/p>\n<p style=\"text-align: left; margin-left: 41vw;\"><em> Qu&rsquo;est-ce qu&rsquo;une image, si ce n&rsquo;est aussi ce qu&rsquo;on n&rsquo;y voit pas ?<\/em><\/p>\n<p>&nbsp;<\/p>\n<p>Face au nuage toxique<\/p>\n<p>des images mondialis\u00e9es<\/p>\n<p>post\u00e9es et aussit\u00f4t oubli\u00e9es,<\/p>\n<p>&nbsp;<\/p>\n<p>\u00e0 la mise en sc\u00e8ne compulsive de soi,<\/p>\n<p>la primaut\u00e9 de l&rsquo;\u00e9motion,<\/p>\n<p>la standardisation des mod\u00e8les.<\/p>\n<p>&nbsp;<\/p>\n<p>Face \u00e0 la confiscation de la m\u00e9moire,<\/p>\n<p>aux injonctions de la technique<\/p>\n<p>sous couvert du r\u00e9el.<\/p>\n<p>&nbsp;<\/p>\n<p>Faire l&rsquo;exp\u00e9rience du d\u00e9placement,<\/p>\n<p>porter attention \u00e0 ces ailleurs<\/p>\n<p>quelquefois si proches de nous.<\/p>\n<p>&nbsp;<\/p>\n<p>Pr\u00e9f\u00e9rer le doute \u00e0 la lumi\u00e8re,<\/p>\n<p>l&rsquo;universel au singulier,<\/p>\n<p>la souterraine alchimie des imaginaires.<\/p>\n<p>&nbsp;<\/p>\n<p>Oser des m\u00e9tissages,<\/p>\n<p>revendiquer le temps de l&rsquo;image,<\/p>\n<p>voir ce qui ne peut \u00eatre vu.<\/p>\n<\/div>\n","protected":false},"excerpt":{"rendered":"<p>Sur la sc\u00e8ne trop bien \u00e9clair\u00e9e, le photographe est le porteur d&rsquo;ombre. Qu&rsquo;est-ce qu&rsquo;une image, si ce n&rsquo;est aussi ce qu&rsquo;on n&rsquo;y voit pas ? &nbsp; Face au nuage toxique des images mondialis\u00e9es post\u00e9es et aussit\u00f4t oubli\u00e9es, &nbsp; \u00e0 la mise en sc\u00e8ne compulsive de soi, la primaut\u00e9 de l&rsquo;\u00e9motion, la standardisation des mod\u00e8les. &nbsp; [&hellip;]<\/p>\n","protected":false},"author":5,"featured_media":0,"parent":0,"menu_order":0,"comment_status":"closed","ping_status":"closed","template":"","meta":[],"yoast_head":"<!-- This site is optimized with the Yoast SEO plugin v18.3 - https:\/\/yoast.com\/wordpress\/plugins\/seo\/ -->\n<title>Pr\u00e9sentation - CCAphotos<\/title>\n<meta name=\"robots\" content=\"index, follow, max-snippet:-1, max-image-preview:large, max-video-preview:-1\" \/>\n<link rel=\"canonical\" href=\"https:\/\/ccaphotos.ovh\/index.php\/presentation\/\" \/>\n<meta property=\"og:locale\" content=\"fr_FR\" \/>\n<meta property=\"og:type\" content=\"article\" \/>\n<meta property=\"og:title\" content=\"Pr\u00e9sentation - CCAphotos\" \/>\n<meta property=\"og:description\" content=\"Sur la sc\u00e8ne trop bien \u00e9clair\u00e9e, le photographe est le porteur d&rsquo;ombre. Qu&rsquo;est-ce qu&rsquo;une image, si ce n&rsquo;est aussi ce qu&rsquo;on n&rsquo;y voit pas ? &nbsp; Face au nuage toxique des images mondialis\u00e9es post\u00e9es et aussit\u00f4t oubli\u00e9es, &nbsp; \u00e0 la mise en sc\u00e8ne compulsive de soi, la primaut\u00e9 de l&rsquo;\u00e9motion, la standardisation des mod\u00e8les. &nbsp; [&hellip;]\" \/>\n<meta property=\"og:url\" content=\"https:\/\/ccaphotos.ovh\/index.php\/presentation\/\" \/>\n<meta property=\"article:modified_time\" content=\"2026-02-17T10:35:52+00:00\" \/>\n<meta property=\"og:image\" content=\"http:\/\/ccaphotos.ovh\/wp-content\/uploads\/2026\/02\/moi_consortium_01bis2_SITE.jpg\" \/>\n<meta name=\"twitter:card\" content=\"summary_large_image\" \/>\n<meta name=\"twitter:label1\" content=\"Dur\u00e9e de lecture estim\u00e9e\" \/>\n\t<meta name=\"twitter:data1\" content=\"1 minute\" \/>\n<script type=\"application\/ld+json\" class=\"yoast-schema-graph\">{\"@context\":\"https:\/\/schema.org\",\"@graph\":[{\"@type\":[\"Person\",\"Organization\"],\"@id\":\"https:\/\/ccaphotos.ovh\/#\/schema\/person\/6a8bab212e1264864a1223d4b6d9fbcd\",\"name\":\"ClaireChatonAubey\",\"image\":{\"@type\":\"ImageObject\",\"@id\":\"https:\/\/ccaphotos.ovh\/#personlogo\",\"inLanguage\":\"fr-FR\",\"url\":\"https:\/\/secure.gravatar.com\/avatar\/d252b93fa90e99cd7255d4d68af882e2?s=96&d=mm&r=g\",\"contentUrl\":\"https:\/\/secure.gravatar.com\/avatar\/d252b93fa90e99cd7255d4d68af882e2?s=96&d=mm&r=g\",\"caption\":\"ClaireChatonAubey\"},\"logo\":{\"@id\":\"https:\/\/ccaphotos.ovh\/#personlogo\"}},{\"@type\":\"WebSite\",\"@id\":\"https:\/\/ccaphotos.ovh\/#website\",\"url\":\"https:\/\/ccaphotos.ovh\/\",\"name\":\"\",\"description\":\"\",\"publisher\":{\"@id\":\"https:\/\/ccaphotos.ovh\/#\/schema\/person\/6a8bab212e1264864a1223d4b6d9fbcd\"},\"potentialAction\":[{\"@type\":\"SearchAction\",\"target\":{\"@type\":\"EntryPoint\",\"urlTemplate\":\"https:\/\/ccaphotos.ovh\/?s={search_term_string}\"},\"query-input\":\"required name=search_term_string\"}],\"inLanguage\":\"fr-FR\"},{\"@type\":\"ImageObject\",\"@id\":\"https:\/\/ccaphotos.ovh\/index.php\/presentation\/#primaryimage\",\"inLanguage\":\"fr-FR\",\"url\":\"https:\/\/ccaphotos.ovh\/wp-content\/uploads\/2026\/02\/moi_consortium_01bis2_SITE.jpg\",\"contentUrl\":\"https:\/\/ccaphotos.ovh\/wp-content\/uploads\/2026\/02\/moi_consortium_01bis2_SITE.jpg\",\"width\":1350,\"height\":1800},{\"@type\":\"WebPage\",\"@id\":\"https:\/\/ccaphotos.ovh\/index.php\/presentation\/#webpage\",\"url\":\"https:\/\/ccaphotos.ovh\/index.php\/presentation\/\",\"name\":\"Pr\u00e9sentation - CCAphotos\",\"isPartOf\":{\"@id\":\"https:\/\/ccaphotos.ovh\/#website\"},\"primaryImageOfPage\":{\"@id\":\"https:\/\/ccaphotos.ovh\/index.php\/presentation\/#primaryimage\"},\"datePublished\":\"2019-04-02T08:21:44+00:00\",\"dateModified\":\"2026-02-17T10:35:52+00:00\",\"breadcrumb\":{\"@id\":\"https:\/\/ccaphotos.ovh\/index.php\/presentation\/#breadcrumb\"},\"inLanguage\":\"fr-FR\",\"potentialAction\":[{\"@type\":\"ReadAction\",\"target\":[\"https:\/\/ccaphotos.ovh\/index.php\/presentation\/\"]}]},{\"@type\":\"BreadcrumbList\",\"@id\":\"https:\/\/ccaphotos.ovh\/index.php\/presentation\/#breadcrumb\",\"itemListElement\":[{\"@type\":\"ListItem\",\"position\":1,\"name\":\"Accueil\",\"item\":\"https:\/\/ccaphotos.ovh\/\"},{\"@type\":\"ListItem\",\"position\":2,\"name\":\"Pr\u00e9sentation\"}]}]}<\/script>\n<!-- \/ Yoast SEO plugin. -->","yoast_head_json":{"title":"Pr\u00e9sentation - CCAphotos","robots":{"index":"index","follow":"follow","max-snippet":"max-snippet:-1","max-image-preview":"max-image-preview:large","max-video-preview":"max-video-preview:-1"},"canonical":"https:\/\/ccaphotos.ovh\/index.php\/presentation\/","og_locale":"fr_FR","og_type":"article","og_title":"Pr\u00e9sentation - CCAphotos","og_description":"Sur la sc\u00e8ne trop bien \u00e9clair\u00e9e, le photographe est le porteur d&rsquo;ombre. Qu&rsquo;est-ce qu&rsquo;une image, si ce n&rsquo;est aussi ce qu&rsquo;on n&rsquo;y voit pas ? &nbsp; Face au nuage toxique des images mondialis\u00e9es post\u00e9es et aussit\u00f4t oubli\u00e9es, &nbsp; \u00e0 la mise en sc\u00e8ne compulsive de soi, la primaut\u00e9 de l&rsquo;\u00e9motion, la standardisation des mod\u00e8les. &nbsp; [&hellip;]","og_url":"https:\/\/ccaphotos.ovh\/index.php\/presentation\/","article_modified_time":"2026-02-17T10:35:52+00:00","og_image":[{"url":"http:\/\/ccaphotos.ovh\/wp-content\/uploads\/2026\/02\/moi_consortium_01bis2_SITE.jpg"}],"twitter_card":"summary_large_image","twitter_misc":{"Dur\u00e9e de lecture estim\u00e9e":"1 minute"},"schema":{"@context":"https:\/\/schema.org","@graph":[{"@type":["Person","Organization"],"@id":"https:\/\/ccaphotos.ovh\/#\/schema\/person\/6a8bab212e1264864a1223d4b6d9fbcd","name":"ClaireChatonAubey","image":{"@type":"ImageObject","@id":"https:\/\/ccaphotos.ovh\/#personlogo","inLanguage":"fr-FR","url":"https:\/\/secure.gravatar.com\/avatar\/d252b93fa90e99cd7255d4d68af882e2?s=96&d=mm&r=g","contentUrl":"https:\/\/secure.gravatar.com\/avatar\/d252b93fa90e99cd7255d4d68af882e2?s=96&d=mm&r=g","caption":"ClaireChatonAubey"},"logo":{"@id":"https:\/\/ccaphotos.ovh\/#personlogo"}},{"@type":"WebSite","@id":"https:\/\/ccaphotos.ovh\/#website","url":"https:\/\/ccaphotos.ovh\/","name":"","description":"","publisher":{"@id":"https:\/\/ccaphotos.ovh\/#\/schema\/person\/6a8bab212e1264864a1223d4b6d9fbcd"},"potentialAction":[{"@type":"SearchAction","target":{"@type":"EntryPoint","urlTemplate":"https:\/\/ccaphotos.ovh\/?s={search_term_string}"},"query-input":"required name=search_term_string"}],"inLanguage":"fr-FR"},{"@type":"ImageObject","@id":"https:\/\/ccaphotos.ovh\/index.php\/presentation\/#primaryimage","inLanguage":"fr-FR","url":"https:\/\/ccaphotos.ovh\/wp-content\/uploads\/2026\/02\/moi_consortium_01bis2_SITE.jpg","contentUrl":"https:\/\/ccaphotos.ovh\/wp-content\/uploads\/2026\/02\/moi_consortium_01bis2_SITE.jpg","width":1350,"height":1800},{"@type":"WebPage","@id":"https:\/\/ccaphotos.ovh\/index.php\/presentation\/#webpage","url":"https:\/\/ccaphotos.ovh\/index.php\/presentation\/","name":"Pr\u00e9sentation - CCAphotos","isPartOf":{"@id":"https:\/\/ccaphotos.ovh\/#website"},"primaryImageOfPage":{"@id":"https:\/\/ccaphotos.ovh\/index.php\/presentation\/#primaryimage"},"datePublished":"2019-04-02T08:21:44+00:00","dateModified":"2026-02-17T10:35:52+00:00","breadcrumb":{"@id":"https:\/\/ccaphotos.ovh\/index.php\/presentation\/#breadcrumb"},"inLanguage":"fr-FR","potentialAction":[{"@type":"ReadAction","target":["https:\/\/ccaphotos.ovh\/index.php\/presentation\/"]}]},{"@type":"BreadcrumbList","@id":"https:\/\/ccaphotos.ovh\/index.php\/presentation\/#breadcrumb","itemListElement":[{"@type":"ListItem","position":1,"name":"Accueil","item":"https:\/\/ccaphotos.ovh\/"},{"@type":"ListItem","position":2,"name":"Pr\u00e9sentation"}]}]}},"_links":{"self":[{"href":"https:\/\/ccaphotos.ovh\/index.php\/wp-json\/wp\/v2\/pages\/48"}],"collection":[{"href":"https:\/\/ccaphotos.ovh\/index.php\/wp-json\/wp\/v2\/pages"}],"about":[{"href":"https:\/\/ccaphotos.ovh\/index.php\/wp-json\/wp\/v2\/types\/page"}],"author":[{"embeddable":true,"href":"https:\/\/ccaphotos.ovh\/index.php\/wp-json\/wp\/v2\/users\/5"}],"replies":[{"embeddable":true,"href":"https:\/\/ccaphotos.ovh\/index.php\/wp-json\/wp\/v2\/comments?post=48"}],"version-history":[{"count":90,"href":"https:\/\/ccaphotos.ovh\/index.php\/wp-json\/wp\/v2\/pages\/48\/revisions"}],"predecessor-version":[{"id":4387,"href":"https:\/\/ccaphotos.ovh\/index.php\/wp-json\/wp\/v2\/pages\/48\/revisions\/4387"}],"wp:attachment":[{"href":"https:\/\/ccaphotos.ovh\/index.php\/wp-json\/wp\/v2\/media?parent=48"}],"curies":[{"name":"wp","href":"https:\/\/api.w.org\/{rel}","templated":true}]}}