{"id":54,"date":"2019-04-02T10:36:10","date_gmt":"2019-04-02T08:36:10","guid":{"rendered":"http:\/\/ccaphotos.ovh\/?page_id=54"},"modified":"2019-07-03T22:09:03","modified_gmt":"2019-07-03T20:09:03","slug":"contact","status":"publish","type":"page","link":"https:\/\/ccaphotos.ovh\/index.php\/contact\/","title":{"rendered":"Contact"},"content":{"rendered":"<p>&nbsp;<\/p>\n\n<table id=\"tablepress-5\" class=\"tablepress tablepress-id-5 tablepress-responsive\">\n<tbody>\n<tr class=\"row-1\">\n\t<td class=\"column-1\">ACTUALIT\u00c9<\/td><td class=\"column-2\">CONTACT<\/td>\n<\/tr>\n<tr class=\"row-2\">\n\t<td class=\"column-1\"><p><b>Exposition personnelle pass\u00e9e : <\/b>APPRIVOISER L'INCERTAIN<\/p><br \/>\n<p>Office de tourisme de Saint-Seine-L'Abbaye, mars 2025<\/p><br \/>\n<p>M\u00e9diath\u00e8que de Sennecey-l\u00e8s-Dijon, mars 2024<\/p><br \/>\n<p>Dijon, Latitude21, septembre 2023 <\/p><br \/>\n<p><b>Collaborations et ateliers :<\/b><\/p><br \/>\n<p>PARCOURS DE FEMMES, suivi d'ateliers, 2021-2022<\/p><br \/>\n<p>EMPRISES, ville de Quetigny, exposition dans l'espace public, 2019<\/p><br \/>\n <p><b>Expositions collectives avec Lumi\u00e8re en Arc :<\/b><\/p><br \/>\n<p>UN INSTANT, UNE LUMI\u00c8RE, juin 2025<\/p> <br \/>\n<p>A LA MANI\u00c8RE DE, juin 2024<\/p> <br \/>\n<p><b>Expositions collectives avec la section photo de La Passerelle \u00e0 Quetigny :<\/b><\/p><br \/>\n<p>TOUS REPORTERS, septembre 2023<\/p><br \/>\n<p>LA MAGIE DE L'INSTANT, f\u00e9vrier 2023<\/p><br \/>\n<p>SUR LE FIL DE LA LUMI\u00c8RE, mai 2022<\/p><br \/>\n<p>PLEIN AIR ET D\u00c9TENTE, septembre 2021<\/p><br \/>\n<p>SUR LES TRACES DE ..., janvier-f\u00e9vrier 2020<\/p><br \/>\n<p>A LA CAMPAGNE, mai 2019<\/p><br \/>\n<p>S\u00c9RIES, janvier 2019<\/p><br \/>\n<p>SC\u00c8NES DE RUE, juin 2018<\/p><br \/>\n<p>LA NUIT, janvier 2018<\/p><br \/>\n                                                                                                <\/td><td class=\"column-2\">Si vous souhaitez me contacter par mail, vous pouvez passer par le formulaire ci-dessous.<br \/>\n<div role=\"form\" class=\"wpcf7\" id=\"wpcf7-f717-p54-o1\" lang=\"fr-FR\" dir=\"ltr\">\n<div class=\"screen-reader-response\"><p role=\"status\" aria-live=\"polite\" aria-atomic=\"true\"><\/p> <ul><\/ul><\/div>\n<form action=\"\/index.php\/contact\/#wpcf7-f717-p54-o1\" method=\"post\" class=\"wpcf7-form init\" novalidate=\"novalidate\" data-status=\"init\">\n<div style=\"display: none;\">\n<input type=\"hidden\" name=\"_wpcf7\" value=\"717\" \/>\n<input type=\"hidden\" name=\"_wpcf7_version\" value=\"5.5.6\" \/>\n<input type=\"hidden\" name=\"_wpcf7_locale\" value=\"fr_FR\" \/>\n<input type=\"hidden\" name=\"_wpcf7_unit_tag\" value=\"wpcf7-f717-p54-o1\" \/>\n<input type=\"hidden\" name=\"_wpcf7_container_post\" value=\"54\" \/>\n<input type=\"hidden\" name=\"_wpcf7_posted_data_hash\" value=\"\" \/>\n<\/div>\n<p><label> Votre nom<br \/>\n    <span class=\"wpcf7-form-control-wrap your-name\"><input type=\"text\" name=\"your-name\" value=\"\" size=\"40\" class=\"wpcf7-form-control wpcf7-text wpcf7-validates-as-required\" aria-required=\"true\" aria-invalid=\"false\" \/><\/span> <\/label><\/p>\n<p><label> Votre adresse de messagerie<br \/>\n    <span class=\"wpcf7-form-control-wrap your-email\"><input type=\"email\" name=\"your-email\" value=\"\" size=\"40\" class=\"wpcf7-form-control wpcf7-text wpcf7-email wpcf7-validates-as-required wpcf7-validates-as-email\" aria-required=\"true\" aria-invalid=\"false\" \/><\/span> <\/label><\/p>\n<p><label> Objet<br \/>\n    <span class=\"wpcf7-form-control-wrap your-subject\"><input type=\"text\" name=\"your-subject\" value=\"\" size=\"40\" class=\"wpcf7-form-control wpcf7-text\" aria-invalid=\"false\" \/><\/span> <\/label><\/p>\n<p><label> Votre message<br \/>\n    <span class=\"wpcf7-form-control-wrap your-message\"><textarea name=\"your-message\" cols=\"40\" rows=\"10\" class=\"wpcf7-form-control wpcf7-textarea\" aria-invalid=\"false\"><\/textarea><\/span> <\/label><\/p>\n<p><input type=\"submit\" value=\"Envoyer\" class=\"wpcf7-form-control has-spinner wpcf7-submit\" \/><\/p>\n<div class=\"wpcf7-response-output\" aria-hidden=\"true\"><\/div><\/form><\/div><\/td>\n<\/tr>\n<tr class=\"row-3\">\n\t<td class=\"column-1\"><\/td><td class=\"column-2\"><\/td>\n<\/tr>\n<\/tbody>\n<\/table>\n<!-- #tablepress-5 from cache -->\n<p>Ce site a \u00e9t\u00e9 r\u00e9alis\u00e9 par un groupe d\u2019\u00e9tudiants de 1\u00e8re ann\u00e9e du DUT \u00ab\u00a0M\u00e9tiers du Multim\u00e9dia et de l\u2019Internet\u00a0\u00bb de l&rsquo;IUT de Dijon-Auxerre, dans le cadre d\u2019un projet tutor\u00e9.<\/p>\n<hr \/>\n<p>&nbsp;<\/p>\n<p>&nbsp;<\/p>\n","protected":false},"excerpt":{"rendered":"<p>&nbsp; Ce site a \u00e9t\u00e9 r\u00e9alis\u00e9 par un groupe d\u2019\u00e9tudiants de 1\u00e8re ann\u00e9e du DUT \u00ab\u00a0M\u00e9tiers du Multim\u00e9dia et de l\u2019Internet\u00a0\u00bb de l&rsquo;IUT de Dijon-Auxerre, dans le cadre d\u2019un projet tutor\u00e9. &nbsp; &nbsp;<\/p>\n","protected":false},"author":5,"featured_media":0,"parent":0,"menu_order":0,"comment_status":"closed","ping_status":"closed","template":"","meta":[],"yoast_head":"<!-- This site is optimized with the Yoast SEO plugin v18.3 - https:\/\/yoast.com\/wordpress\/plugins\/seo\/ -->\n<title>Contact -<\/title>\n<meta name=\"robots\" content=\"index, follow, max-snippet:-1, max-image-preview:large, max-video-preview:-1\" \/>\n<link rel=\"canonical\" href=\"https:\/\/ccaphotos.ovh\/index.php\/contact\/\" \/>\n<meta property=\"og:locale\" content=\"fr_FR\" \/>\n<meta property=\"og:type\" content=\"article\" \/>\n<meta property=\"og:title\" content=\"Contact -\" \/>\n<meta property=\"og:description\" content=\"&nbsp; Ce site a \u00e9t\u00e9 r\u00e9alis\u00e9 par un groupe d\u2019\u00e9tudiants de 1\u00e8re ann\u00e9e du DUT \u00ab\u00a0M\u00e9tiers du Multim\u00e9dia et de l\u2019Internet\u00a0\u00bb de l&rsquo;IUT de Dijon-Auxerre, dans le cadre d\u2019un projet tutor\u00e9. &nbsp; &nbsp;\" \/>\n<meta property=\"og:url\" content=\"https:\/\/ccaphotos.ovh\/index.php\/contact\/\" \/>\n<meta property=\"article:modified_time\" content=\"2019-07-03T20:09:03+00:00\" \/>\n<meta name=\"twitter:card\" content=\"summary_large_image\" \/>\n<script type=\"application\/ld+json\" class=\"yoast-schema-graph\">{\"@context\":\"https:\/\/schema.org\",\"@graph\":[{\"@type\":[\"Person\",\"Organization\"],\"@id\":\"https:\/\/ccaphotos.ovh\/#\/schema\/person\/6a8bab212e1264864a1223d4b6d9fbcd\",\"name\":\"ClaireChatonAubey\",\"image\":{\"@type\":\"ImageObject\",\"@id\":\"https:\/\/ccaphotos.ovh\/#personlogo\",\"inLanguage\":\"fr-FR\",\"url\":\"https:\/\/secure.gravatar.com\/avatar\/d252b93fa90e99cd7255d4d68af882e2?s=96&d=mm&r=g\",\"contentUrl\":\"https:\/\/secure.gravatar.com\/avatar\/d252b93fa90e99cd7255d4d68af882e2?s=96&d=mm&r=g\",\"caption\":\"ClaireChatonAubey\"},\"logo\":{\"@id\":\"https:\/\/ccaphotos.ovh\/#personlogo\"}},{\"@type\":\"WebSite\",\"@id\":\"https:\/\/ccaphotos.ovh\/#website\",\"url\":\"https:\/\/ccaphotos.ovh\/\",\"name\":\"\",\"description\":\"\",\"publisher\":{\"@id\":\"https:\/\/ccaphotos.ovh\/#\/schema\/person\/6a8bab212e1264864a1223d4b6d9fbcd\"},\"potentialAction\":[{\"@type\":\"SearchAction\",\"target\":{\"@type\":\"EntryPoint\",\"urlTemplate\":\"https:\/\/ccaphotos.ovh\/?s={search_term_string}\"},\"query-input\":\"required name=search_term_string\"}],\"inLanguage\":\"fr-FR\"},{\"@type\":\"WebPage\",\"@id\":\"https:\/\/ccaphotos.ovh\/index.php\/contact\/#webpage\",\"url\":\"https:\/\/ccaphotos.ovh\/index.php\/contact\/\",\"name\":\"Contact -\",\"isPartOf\":{\"@id\":\"https:\/\/ccaphotos.ovh\/#website\"},\"datePublished\":\"2019-04-02T08:36:10+00:00\",\"dateModified\":\"2019-07-03T20:09:03+00:00\",\"breadcrumb\":{\"@id\":\"https:\/\/ccaphotos.ovh\/index.php\/contact\/#breadcrumb\"},\"inLanguage\":\"fr-FR\",\"potentialAction\":[{\"@type\":\"ReadAction\",\"target\":[\"https:\/\/ccaphotos.ovh\/index.php\/contact\/\"]}]},{\"@type\":\"BreadcrumbList\",\"@id\":\"https:\/\/ccaphotos.ovh\/index.php\/contact\/#breadcrumb\",\"itemListElement\":[{\"@type\":\"ListItem\",\"position\":1,\"name\":\"Accueil\",\"item\":\"https:\/\/ccaphotos.ovh\/\"},{\"@type\":\"ListItem\",\"position\":2,\"name\":\"Contact\"}]}]}<\/script>\n<!-- \/ Yoast SEO plugin. -->","yoast_head_json":{"title":"Contact -","robots":{"index":"index","follow":"follow","max-snippet":"max-snippet:-1","max-image-preview":"max-image-preview:large","max-video-preview":"max-video-preview:-1"},"canonical":"https:\/\/ccaphotos.ovh\/index.php\/contact\/","og_locale":"fr_FR","og_type":"article","og_title":"Contact -","og_description":"&nbsp; Ce site a \u00e9t\u00e9 r\u00e9alis\u00e9 par un groupe d\u2019\u00e9tudiants de 1\u00e8re ann\u00e9e du DUT \u00ab\u00a0M\u00e9tiers du Multim\u00e9dia et de l\u2019Internet\u00a0\u00bb de l&rsquo;IUT de Dijon-Auxerre, dans le cadre d\u2019un projet tutor\u00e9. &nbsp; &nbsp;","og_url":"https:\/\/ccaphotos.ovh\/index.php\/contact\/","article_modified_time":"2019-07-03T20:09:03+00:00","twitter_card":"summary_large_image","schema":{"@context":"https:\/\/schema.org","@graph":[{"@type":["Person","Organization"],"@id":"https:\/\/ccaphotos.ovh\/#\/schema\/person\/6a8bab212e1264864a1223d4b6d9fbcd","name":"ClaireChatonAubey","image":{"@type":"ImageObject","@id":"https:\/\/ccaphotos.ovh\/#personlogo","inLanguage":"fr-FR","url":"https:\/\/secure.gravatar.com\/avatar\/d252b93fa90e99cd7255d4d68af882e2?s=96&d=mm&r=g","contentUrl":"https:\/\/secure.gravatar.com\/avatar\/d252b93fa90e99cd7255d4d68af882e2?s=96&d=mm&r=g","caption":"ClaireChatonAubey"},"logo":{"@id":"https:\/\/ccaphotos.ovh\/#personlogo"}},{"@type":"WebSite","@id":"https:\/\/ccaphotos.ovh\/#website","url":"https:\/\/ccaphotos.ovh\/","name":"","description":"","publisher":{"@id":"https:\/\/ccaphotos.ovh\/#\/schema\/person\/6a8bab212e1264864a1223d4b6d9fbcd"},"potentialAction":[{"@type":"SearchAction","target":{"@type":"EntryPoint","urlTemplate":"https:\/\/ccaphotos.ovh\/?s={search_term_string}"},"query-input":"required name=search_term_string"}],"inLanguage":"fr-FR"},{"@type":"WebPage","@id":"https:\/\/ccaphotos.ovh\/index.php\/contact\/#webpage","url":"https:\/\/ccaphotos.ovh\/index.php\/contact\/","name":"Contact -","isPartOf":{"@id":"https:\/\/ccaphotos.ovh\/#website"},"datePublished":"2019-04-02T08:36:10+00:00","dateModified":"2019-07-03T20:09:03+00:00","breadcrumb":{"@id":"https:\/\/ccaphotos.ovh\/index.php\/contact\/#breadcrumb"},"inLanguage":"fr-FR","potentialAction":[{"@type":"ReadAction","target":["https:\/\/ccaphotos.ovh\/index.php\/contact\/"]}]},{"@type":"BreadcrumbList","@id":"https:\/\/ccaphotos.ovh\/index.php\/contact\/#breadcrumb","itemListElement":[{"@type":"ListItem","position":1,"name":"Accueil","item":"https:\/\/ccaphotos.ovh\/"},{"@type":"ListItem","position":2,"name":"Contact"}]}]}},"_links":{"self":[{"href":"https:\/\/ccaphotos.ovh\/index.php\/wp-json\/wp\/v2\/pages\/54"}],"collection":[{"href":"https:\/\/ccaphotos.ovh\/index.php\/wp-json\/wp\/v2\/pages"}],"about":[{"href":"https:\/\/ccaphotos.ovh\/index.php\/wp-json\/wp\/v2\/types\/page"}],"author":[{"embeddable":true,"href":"https:\/\/ccaphotos.ovh\/index.php\/wp-json\/wp\/v2\/users\/5"}],"replies":[{"embeddable":true,"href":"https:\/\/ccaphotos.ovh\/index.php\/wp-json\/wp\/v2\/comments?post=54"}],"version-history":[{"count":19,"href":"https:\/\/ccaphotos.ovh\/index.php\/wp-json\/wp\/v2\/pages\/54\/revisions"}],"predecessor-version":[{"id":1986,"href":"https:\/\/ccaphotos.ovh\/index.php\/wp-json\/wp\/v2\/pages\/54\/revisions\/1986"}],"wp:attachment":[{"href":"https:\/\/ccaphotos.ovh\/index.php\/wp-json\/wp\/v2\/media?parent=54"}],"curies":[{"name":"wp","href":"https:\/\/api.w.org\/{rel}","templated":true}]}}